{"id":5102,"date":"2025-11-07T01:02:24","date_gmt":"2025-11-07T01:02:24","guid":{"rendered":"https:\/\/menagers-holding.fr\/?post_type=product&#038;p=5102"},"modified":"2026-01-14T21:13:47","modified_gmt":"2026-01-14T21:13:47","slug":"routeur-solaire-myenergi-eddi","status":"publish","type":"product","link":"https:\/\/menagers-holding.fr\/?product=routeur-solaire-myenergi-eddi","title":{"rendered":"Routeur solaire &#8211; myenergi &#8211; eddi"},"content":{"rendered":"<h2>Maximisez votre autoconsommation d&rsquo;\u00e9nergie solaire<\/h2>\n<p>Le routeur solaire MyEnergi Eddi est l&rsquo;outil indispensable pour tirer le meilleur parti de votre installation solaire. Gr\u00e2ce \u00e0 sa technologie intelligente, il optimise la distribution de l&rsquo;\u00e9nergie produite par vos panneaux solaires, en orientant celle-ci vers vos appareils domestiques avant de la renvoyer au r\u00e9seau.<\/p>\n<h2>Solution \u00e9coresponsable et \u00e9conomique<\/h2>\n<p>Avec le routeur Eddi, vous r\u00e9duisez votre d\u00e9pendance au r\u00e9seau \u00e9lectrique et diminuez vos factures \u00e9nerg\u00e9tiques. Ce dispositif fonctionne sans effort pour piloter l&rsquo;\u00e9nergie vers des appareils tels que chauffe-eaux, chauffages ou autres \u00e9quipements compatibles, am\u00e9liorant ainsi votre rendement solaire.<\/p>\n<h2>Installation facile et utilisation intuitive<\/h2>\n<p>L&rsquo;Eddi s&rsquo;int\u00e8gre facilement \u00e0 votre syst\u00e8me existant et est con\u00e7u avec une interface conviviale pour tous les utilisateurs. Sa conception robuste et durable en fait une solution fiable pour un foyer plus autonome en \u00e9nergie.<\/p>\n","protected":false},"excerpt":{"rendered":"<p class=\"p1\"><span class=\"s1\">informations sur les produits eddi<\/span><\/p>\n<p class=\"p3\"><span class=\"s2\">eddi est un onduleur solaire qui vous aide \u00e0 tirer le meilleur parti de l&rsquo;\u00e9nergie que vous produisez vous-m\u00eame au lieu de la r\u00e9injecter dans le r\u00e9seau.<\/span><\/p>\n<p class=\"p3\"><span class=\"s2\">Apportez un <a href=\"https:\/\/www.youtube.com\/watch?v=tFxAV-NcA5o\"><span class=\"s3\">eddi<\/span><\/a> dans votre maison et vous pourrez profiter pleinement de l&rsquo;\u00e9nergie 100% verte g\u00e9n\u00e9r\u00e9e par votre syst\u00e8me de production photovolta\u00efque ou \u00e9olien.<\/span><\/p>\n<table cellspacing=\"0\" cellpadding=\"0\">\n<tbody>\n<tr>\n<td valign=\"top\">Sp\u00e9cifications<\/td>\n<td valign=\"top\">D\u00e9tails<\/td>\n<\/tr>\n<tr>\n<td valign=\"top\">Puissance d&rsquo;entr\u00e9e nominale<\/td>\n<td valign=\"top\">3.68kW<\/td>\n<\/tr>\n<tr>\n<td valign=\"top\">Tension d&rsquo;alimentation nominale<\/td>\n<td valign=\"top\">230V AC monophas\u00e9 (+\/- 10%)<\/td>\n<\/tr>\n<tr>\n<td valign=\"top\">Fr\u00e9quence d&rsquo;alimentation<\/td>\n<td valign=\"top\">50Hz \/ 60Hz<\/td>\n<\/tr>\n<tr>\n<td valign=\"top\">Courant nominal<\/td>\n<td valign=\"top\">16A<\/td>\n<\/tr>\n<tr>\n<td valign=\"top\">Consommation en mode veille<\/td>\n<td valign=\"top\">3W<\/td>\n<\/tr>\n<tr>\n<td valign=\"top\">Taille du g\u00e9n\u00e9rateur prise en charge<\/td>\n<td valign=\"top\">Aucune limite (sous r\u00e9serve d&rsquo;une alimentation r\u00e9seau de 100A par phase)<\/td>\n<\/tr>\n<tr>\n<td valign=\"top\">Taille de la charge de l&rsquo;appareil de chauffage<\/td>\n<td valign=\"top\">100W min. 3.68kW max.<\/td>\n<\/tr>\n<tr>\n<td valign=\"top\">\u00c9conomie Tarifaire Sense Input<\/td>\n<td valign=\"top\">D\u00e9tection 230V AC (2,5kV isol\u00e9)<\/td>\n<\/tr>\n<tr>\n<td valign=\"top\">Interface sans fil<\/td>\n<td valign=\"top\">868 MHz (protocole propri\u00e9taire) pour les options de capteur sans fil et de surveillance \u00e0 distance<\/td>\n<\/tr>\n<tr>\n<td valign=\"top\">Capteur de courant de grille<\/td>\n<td valign=\"top\">Courant primaire max. 65A, diam\u00e8tre de c\u00e2ble max. 16mm<\/td>\n<\/tr>\n<tr>\n<td valign=\"top\">Entr\u00e9e du c\u00e2ble d&rsquo;alimentation<\/td>\n<td valign=\"top\">Option arri\u00e8re, inf\u00e9rieure ou lat\u00e9rale<\/td>\n<\/tr>\n<\/tbody>\n<\/table>\n<p>&nbsp;<\/p>\n","protected":false},"featured_media":5103,"comment_status":"open","ping_status":"closed","template":"","meta":[],"product_brand":[],"product_cat":[156,153,180],"product_tag":[],"class_list":{"0":"post-5102","1":"product","2":"type-product","3":"status-publish","6":"product_cat-chauffage-et-plomberie","7":"product_cat-electricite-et-domotique","8":"product_cat-electromenagers","10":"first","11":"instock","12":"sale","13":"taxable","14":"shipping-taxable","15":"purchasable","16":"product-type-simple"},"_links":{"self":[{"href":"https:\/\/menagers-holding.fr\/index.php?rest_route=\/wp\/v2\/product\/5102","targetHints":{"allow":["GET"]}}],"collection":[{"href":"https:\/\/menagers-holding.fr\/index.php?rest_route=\/wp\/v2\/product"}],"about":[{"href":"https:\/\/menagers-holding.fr\/index.php?rest_route=\/wp\/v2\/types\/product"}],"replies":[{"embeddable":true,"href":"https:\/\/menagers-holding.fr\/index.php?rest_route=%2Fwp%2Fv2%2Fcomments&post=5102"}],"wp:featuredmedia":[{"embeddable":true,"href":"https:\/\/menagers-holding.fr\/index.php?rest_route=\/wp\/v2\/media\/5103"}],"wp:attachment":[{"href":"https:\/\/menagers-holding.fr\/index.php?rest_route=%2Fwp%2Fv2%2Fmedia&parent=5102"}],"wp:term":[{"taxonomy":"product_brand","embeddable":true,"href":"https:\/\/menagers-holding.fr\/index.php?rest_route=%2Fwp%2Fv2%2Fproduct_brand&post=5102"},{"taxonomy":"product_cat","embeddable":true,"href":"https:\/\/menagers-holding.fr\/index.php?rest_route=%2Fwp%2Fv2%2Fproduct_cat&post=5102"},{"taxonomy":"product_tag","embeddable":true,"href":"https:\/\/menagers-holding.fr\/index.php?rest_route=%2Fwp%2Fv2%2Fproduct_tag&post=5102"}],"curies":[{"name":"wp","href":"https:\/\/api.w.org\/{rel}","templated":true}]}}