{"id":4641,"date":"2024-01-06T08:08:58","date_gmt":"2024-01-06T08:08:58","guid":{"rendered":"https:\/\/menagers-holding.fr\/?post_type=product&#038;p=4641"},"modified":"2025-09-23T14:30:42","modified_gmt":"2025-09-23T14:30:42","slug":"radiateur-electrique-a-inertie-seche-2000-w-sauter-sibayak-horizontal-blanc","status":"publish","type":"product","link":"https:\/\/menagers-holding.fr\/?product=radiateur-electrique-a-inertie-seche-2000-w-sauter-sibayak-horizontal-blanc","title":{"rendered":"Radiateur \u00e9lectrique \u00e0 inertie s\u00e8che 2000 W SAUTER Sibayak horizontal blanc"},"content":{"rendered":"<p>R\u00e9f <span class=\"js-product-ref\">80161896<\/span><\/p>\n<h3 class=\"mt-heading mt-heading--s m-product-block__title\">Chaleur douce<\/h3>\n<div class=\"m-product-block__text\">\n<p>Gr\u00e2ce \u00e0 l&rsquo;inertie de son corps de chauffe en pierre r\u00e9fractaire, le radiateur Sibayak permet d&rsquo;obtenir la temp\u00e9rature que vous souhaitez.<\/p>\n<p>Il offre une chaleur douce et inertielle qui n&rsquo;ass\u00e8che pas l&rsquo;air, et maintient une temp\u00e9rature homog\u00e8ne.<\/p>\n<\/div>\n<h3 class=\"mt-heading mt-heading--s m-product-block__title\">\u00c9conomies d&rsquo;\u00e9nergie<\/h3>\n<div class=\"m-product-block__text\">\n<p>La fonction intelligente de d\u00e9tection automatique d&rsquo;ouverture ainsi que de fermeture des fen\u00eatres, permet au radiateur Sibayak de vous \u00e9viter les d\u00e9perditions de chaleur et de r\u00e9aliser des \u00e9conomies d&rsquo;\u00e9nergie.<\/p>\n<p>B\u00e9n\u00e9ficiez \u00e9galement d&rsquo;\u00e9conomies d&rsquo;\u00e9nergies gr\u00e2ce \u00e0 la r\u00e9gulation \u00e9lectronique au 0,1\u00b0C pr\u00e8s, ainsi qu&rsquo;\u00e0 la programmation libre au plus pr\u00e8s de votre quotidien.<\/p>\n<\/div>\n<div class=\"o-product-detail-premium__line o-product-detail-premium__line--even js-premium-line-extra ml-flexy__col ml-flexy__col--full ml-flexy__col--2of3@from-m ml-flexy__col--push-1of6@from-m\">\n<div class=\"m-product-block m-product-block__one m-product-block__one--even \">\n<h3 class=\"mt-heading mt-heading--s m-product-block__title\">Pratique \u00e0 installer et \u00e0 utiliser<\/h3>\n<div class=\"m-product-block__text\">\n<p>Dot\u00e9 d&rsquo;un boitier de commande ergonomique et discret avec touches tactiles, le radiateur Sibayak est pratique \u00e0 utiliser.<br \/>\nIl dispose \u00e9galement d&rsquo;une prise d&rsquo;alimentation USB qui vous permet de brancher vos appareils \u00e9lectriques tout au long de l&rsquo;ann\u00e9e.<\/p>\n<p>Gr\u00e2ce \u00e0 son support mural servant de gabarit de pose, l&rsquo;installation se fait en toute simplicit\u00e9.<\/p>\n<\/div>\n<\/div>\n<div class=\"m-product-block m-product-block__two m-product-block__two--even\">\n<div class=\"m-product-block__picture-container\"><img decoding=\"async\" class=\"m-product-block__picture lazy-loaded\" src=\"https:\/\/media.adeo.com\/media\/1186545\/media.png?width=600&amp;height=600&amp;quality=80&amp;fit=bounds&amp;format=jpg\" alt=\"Radiateur \u00e9lectrique \u00e0 inertie s\u00e8che 1000 W SAUTER Sibayak horizontal blanc\" data-src=\"https:\/\/media.adeo.com\/media\/1186545\/media.png?width=600&amp;height=600&amp;quality=80&amp;fit=bounds&amp;format=jpg\" \/><\/div>\n<\/div>\n<\/div>\n<div class=\"o-product-detail-premium__line o-product-detail-premium__line--odd js-premium-line-extra ml-flexy__col ml-flexy__col--full ml-flexy__col--2of3@from-m ml-flexy__col--push-1of6@from-m\">\n<div class=\"m-product-block m-product-block__one m-product-block__one--odd m-product-block__no-picture\">\n<h3 class=\"mt-heading mt-heading--s m-product-block__title\">La programmation<\/h3>\n<div class=\"m-product-block__text\">\n<p>Pour plus de simplicit\u00e9, les radiateurs \u00e9lectriques Sauter vous proposent, par d\u00e9faut, une programmation pr\u00e9d\u00e9finie que vous pouvez \u00e9ventuellement modifier selon vos souhaits.<\/p>\n<p>Que vous ayez des horaires classiques de bureau ou que vous ayez un emploi du temps moins r\u00e9gulier, programmez librement votre radiateur au plus pr\u00e8s de votre quotidien gr\u00e2ce au boitier de commande.<\/p>\n<div class=\"o-product-detail-premium__line o-product-detail-premium__line--odd js-premium-line-extra ml-flexy__col ml-flexy__col--full ml-flexy__col--2of3@from-m ml-flexy__col--push-1of6@from-m\">\n<div class=\"m-product-block m-product-block__one m-product-block__one--odd \">\n<h3 class=\"mt-heading mt-heading--s m-product-block__title\">Une installation rapide gr\u00e2ce \u00e0 la notice<\/h3>\n<div class=\"m-product-block__text\">\n<p>Pour mieux vous guider, une notice d&rsquo;installation rapide illustr\u00e9e pas \u00e0 pas est imprim\u00e9e \u00e0 l&rsquo;int\u00e9rieur de l&#8217;emballage de votre radiateur.<\/p>\n<\/div>\n<\/div>\n<div class=\"m-product-block m-product-block__two m-product-block__two--odd\">\n<div class=\"m-product-block__picture-container\"><img decoding=\"async\" class=\"m-product-block__picture lazy-loaded\" src=\"https:\/\/media.adeo.com\/media\/1450348\/notice_fiche_premium_.jpg?width=600&amp;height=600&amp;quality=80&amp;fit=bounds&amp;format=jpg\" alt=\"La notice d'installation du radiateur \u00e9lectrique Sibayak\" data-src=\"https:\/\/media.adeo.com\/media\/1450348\/notice_fiche_premium_.jpg?width=600&amp;height=600&amp;quality=80&amp;fit=bounds&amp;format=jpg\" \/><\/div>\n<\/div>\n<\/div>\n<div class=\"o-product-detail-premium__line o-product-detail-premium__line--even js-premium-line-extra ml-flexy__col ml-flexy__col--full ml-flexy__col--2of3@from-m ml-flexy__col--push-1of6@from-m\">\n<div class=\"m-product-block m-product-block__one m-product-block__one--even \">\n<h3 class=\"mt-heading mt-heading--s m-product-block__title\">Fabrication fran\u00e7aise et garantie<\/h3>\n<div class=\"m-product-block__text\">\n<p>\u2022 Fabriqu\u00e9 en France.<br \/>\n\u2022 Garantie 2 ans pi\u00e8ces.<br \/>\n\u2022 Garantie 2 ans main d&rsquo;\u0153uvre &amp; d\u00e9placement.<br \/>\n\u2022 Disponibilit\u00e9 des pi\u00e8ces d\u00e9tach\u00e9es garantie 10 ans.<\/p>\n<\/div>\n<\/div>\n<div class=\"m-product-block m-product-block__two m-product-block__two--even\">\n<div class=\"m-product-block__picture-container\"><img decoding=\"async\" class=\"m-product-block__picture lazy-loaded\" src=\"https:\/\/media.adeo.com\/media\/2543520\/format\/jpeg?width=600&amp;height=600&amp;quality=80&amp;fit=bounds&amp;format=jpg\" alt=\"fab france\" data-src=\"https:\/\/media.adeo.com\/media\/2543520\/format\/jpeg?width=600&amp;height=600&amp;quality=80&amp;fit=bounds&amp;format=jpg\" \/><\/div>\n<\/div>\n<\/div>\n<div class=\"o-product-detail-premium__line o-product-detail-premium__line--odd o-product-detail-premium__line--nodesc o-product-detail-premium__line--video js-premium-line-extra ml-flexy__col ml-flexy__col--full ml-flexy__col--2of3@from-m ml-flexy__col--push-1of6@from-m\">\n<div class=\"m-product-block m-product-block__one m-product-block__one--odd \">\n<h3 class=\"mt-heading mt-heading--s m-product-block__title\">Qu&rsquo;est-ce que l&rsquo;inertie s\u00e8che ?<\/h3>\n<div class=\"m-product-block__text\">\n<p>Le radiateur \u00e0 inertie s\u00e8che poss\u00e8de un corps de chauffe (c\u00e9ramique, fonte, pierre\u2026) chauff\u00e9 par une r\u00e9sistance. Il emmagasine la chaleur et la restitue petit \u00e0 petit. Avantage, une chaleur homog\u00e8ne qui se diffuse m\u00eame apr\u00e8s que le radiateur soit \u00e9teint. L\u2019inertie s\u00e8che peut ass\u00e9cher l\u00e9g\u00e8rement l\u2019air, il est donc adapt\u00e9 aux pi\u00e8ces de vie humide (cuisine, salle de bains, salon\u2026) mais d\u00e9conseill\u00e9 pour les chambres.<\/p>\n<\/div>\n<\/div>\n<\/div>\n<\/div>\n<\/div>\n<\/div>\n<p>&nbsp;<\/p>\n<p>&nbsp;<\/p>\n<p>&nbsp;<\/p>\n<p><strong>Points forts :<\/strong>\u00a0Puissant, silencieux et \u00e9conomique.<br \/>\n<strong>Pourquoi choisir ce produit ?<\/strong>\u00a0Pour un confort optimal toute l\u2019ann\u00e9e.<\/p>\n","protected":false},"excerpt":{"rendered":"<div class=\"mc-accordion__header\">\n<h2 class=\"mc-accordion__title\" role=\"heading\" aria-level=\"2\"><\/h2>\n<\/div>\n<div id=\"featuresAccordion__content\" class=\"mc-accordion__content js-accordion__content\" aria-hidden=\"false\" aria-labelledby=\"featuresAccordion\">\n<div class=\"o-product-detail-informations__accordion-content\">\n<div class=\"o-product-detail-informations__images\"><a class=\"ka-link o-product-detail-informations__images--link\" title=\"Voir tous les produits de la marque SAUTER\" href=\"https:\/\/www.leroymerlin.fr\/produits\/marques\/sauter\/\"><img decoding=\"async\" class=\"o-product-detail-informations__images--brand lazy-loaded\" src=\"https:\/\/m1.lmcdn.fr\/media\/15\/5d7a72abb7c505196cf83ed2\/642772085\/sauter5d7a72ab97844600099b80ea.jpg?width=100\" alt=\"marque SAUTER\" data-src=\"https:\/\/m1.lmcdn.fr\/media\/15\/5d7a72abb7c505196cf83ed2\/642772085\/sauter5d7a72ab97844600099b80ea.jpg?width=100\" data-cerberus=\"ELEM_IMG_brand-logo\" \/> <\/a><img decoding=\"async\" class=\"o-product-detail-informations__images--other lazy-loaded\" src=\"https:\/\/media.adeo.com\/media\/1684383\/format\/jpeg?width=60\" alt=\"\" data-src=\"https:\/\/media.adeo.com\/media\/1684383\/format\/jpeg?width=60\" \/> <img decoding=\"async\" class=\"o-product-detail-informations__images--other lazy-loaded\" src=\"https:\/\/media.adeo.com\/media\/3111241\/format\/jpeg?width=60\" alt=\"\" data-src=\"https:\/\/media.adeo.com\/media\/3111241\/format\/jpeg?width=60\" \/> <img decoding=\"async\" class=\"o-product-detail-informations__images--other lazy-loaded\" src=\"https:\/\/media.adeo.com\/media\/1525106\/format\/png?width=60\" alt=\"\" data-src=\"https:\/\/media.adeo.com\/media\/1525106\/format\/png?width=60\" \/><\/div>\n<div class=\"o-product-detail-informations__description\">\n<p>Port USB int\u00e9gr\u00e9. Programmation libre pour des \u00e9conomies \u00e0 l&rsquo;usage. Chaleur douce &amp; homog\u00e8ne. Simple \u00e0 installer et \u00e0 utiliser<\/p>\n<p>Le Sibayak est un radiateur \u00e9lectrique \u00e0 inertie pierre r\u00e9fractaire : sa chaleur est homog\u00e8ne et durable gr\u00e2ce \u00e0 l\u2019inertie de son corps de chauffe. Il vous permet \u00e9galement de r\u00e9aliser des \u00e9conomies \u00e0 l&rsquo;usage gr\u00e2ce \u00e0 la d\u00e9tection automatique de l\u2019ouverture et fermeture des fen\u00eatres, la programmation libre, et la r\u00e9gulation \u00e9lectronique \u00e0 0,1\u00b0C pr\u00e8s. De plus, il est pratique gr\u00e2ce \u00e0 la prise d\u2019alimentation USB disponible sur le c\u00f4t\u00e9 de l\u2019appareil, et gr\u00e2ce \u00e0 son bo\u00eetier ergonomique avec touches tactiles.<\/p>\n<\/div>\n<table class=\"o-product-features\" role=\"presentation\" data-cerberus=\"TABLE_AttributesProduct\">\n<caption class=\"kl-hidden-accessibility\">\u00a0<\/caption>\n<tbody>\n<tr class=\"m-product-attr-row\">\n<th class=\"m-product-attr-row__name\" scope=\"row\">Type de chauffe<\/th>\n<td class=\"m-product-attr-row__value\">A inertie pierre<\/td>\n<\/tr>\n<tr class=\"m-product-attr-row\">\n<th class=\"m-product-attr-row__name\" scope=\"row\">Puissance (en W)<\/th>\n<td class=\"m-product-attr-row__value\">2000<\/td>\n<\/tr>\n<tr class=\"m-product-attr-row\">\n<th class=\"m-product-attr-row__name\" scope=\"row\">Surface de chauffe indicative (en m\u00b2)<\/th>\n<td class=\"m-product-attr-row__value\">20<\/td>\n<\/tr>\n<tr class=\"m-product-attr-row\">\n<th class=\"m-product-attr-row__name\" scope=\"row\">Largeur (en cm)<\/th>\n<td class=\"m-product-attr-row__value\">104.5<\/td>\n<\/tr>\n<tr class=\"m-product-attr-row\">\n<th class=\"m-product-attr-row__name\" scope=\"row\">Hauteur (en cm)<\/th>\n<td class=\"m-product-attr-row__value\">47.8<\/td>\n<\/tr>\n<tr class=\"m-product-attr-row\">\n<th class=\"m-product-attr-row__name\" scope=\"row\">Profondeur (en cm)<\/th>\n<td class=\"m-product-attr-row__value\">12.9<\/td>\n<\/tr>\n<tr class=\"m-product-attr-row\">\n<th class=\"m-product-attr-row__name\" scope=\"row\">Dimension<\/th>\n<td class=\"m-product-attr-row__value\">l.104.5xH.47.8cm<\/td>\n<\/tr>\n<tr class=\"m-product-attr-row\">\n<th class=\"m-product-attr-row__name\" scope=\"row\">Objet connect\u00e9<\/th>\n<td class=\"m-product-attr-row__value\">Non<\/td>\n<\/tr>\n<tr class=\"m-product-attr-row\">\n<th class=\"m-product-attr-row__name\" scope=\"row\">Fabrication fran\u00e7aise<\/th>\n<td class=\"m-product-attr-row__value\">Oui<\/td>\n<\/tr>\n<tr class=\"m-product-attr-row\">\n<th class=\"m-product-attr-row__name\" scope=\"row\">Marque du produit<\/th>\n<td class=\"m-product-attr-row__value\">SAUTER<\/td>\n<\/tr>\n<tr class=\"m-product-attr-row\">\n<th class=\"m-product-attr-row__name\" scope=\"row\">R\u00e9f\u00e9rence commerciale<\/th>\n<td class=\"m-product-attr-row__value\">Sibayak<\/td>\n<\/tr>\n<tr class=\"m-product-attr-row\">\n<th class=\"m-product-attr-row__name\" scope=\"row\">Pi\u00e8ce de destination<\/th>\n<td class=\"m-product-attr-row__value\">S\u00e9jour |\u00a0 Chambre |\u00a0 Cuisine |\u00a0 Salle de bains |\u00a0 Buanderie |\u00a0 Couloir |\u00a0 Entr\u00e9e<\/td>\n<\/tr>\n<tr class=\"m-product-attr-row\">\n<th class=\"m-product-attr-row__name\" scope=\"row\">Economie d&rsquo;\u00e9nergie<\/th>\n<td class=\"m-product-attr-row__value\">Programmable hebdomadaire<\/td>\n<\/tr>\n<tr class=\"m-product-attr-row\">\n<th class=\"m-product-attr-row__name\" scope=\"row\">D\u00e9tection de fen\u00eatre ouverte<\/th>\n<td class=\"m-product-attr-row__value\">Oui<\/td>\n<\/tr>\n<tr class=\"m-product-attr-row\">\n<th class=\"m-product-attr-row__name\" scope=\"row\">D\u00e9tecteur de pr\u00e9sence<\/th>\n<td class=\"m-product-attr-row__value\">Non<\/td>\n<\/tr>\n<tr class=\"m-product-attr-row\">\n<th class=\"m-product-attr-row__name\" scope=\"row\">Mati\u00e8re principale<\/th>\n<td class=\"m-product-attr-row__value\">Acier<\/td>\n<\/tr>\n<tr class=\"m-product-attr-row\">\n<th class=\"m-product-attr-row__name\" scope=\"row\">Type de fa\u00e7ade<\/th>\n<td class=\"m-product-attr-row__value\">Acier<\/td>\n<\/tr>\n<tr class=\"m-product-attr-row\">\n<th class=\"m-product-attr-row__name\" scope=\"row\">Type de pierre<\/th>\n<td class=\"m-product-attr-row__value\">R\u00e9fractite<\/td>\n<\/tr>\n<tr class=\"m-product-attr-row\">\n<th class=\"m-product-attr-row__name\" scope=\"row\">Couleur<\/th>\n<td class=\"m-product-attr-row__value\">BLANC<\/td>\n<\/tr>\n<tr class=\"m-product-attr-row\">\n<th class=\"m-product-attr-row__name\" scope=\"row\">Format<\/th>\n<td class=\"m-product-attr-row__value\">Horizontal<\/td>\n<\/tr>\n<tr class=\"m-product-attr-row\">\n<th class=\"m-product-attr-row__name\" scope=\"row\">Autres puissances disponibles (en W)<\/th>\n<td class=\"m-product-attr-row__value\">1000W-1500W<\/td>\n<\/tr>\n<tr class=\"m-product-attr-row\">\n<th class=\"m-product-attr-row__name\" scope=\"row\">Couleurs disponibles<\/th>\n<td class=\"m-product-attr-row__value\">Blanc<\/td>\n<\/tr>\n<tr class=\"m-product-attr-row\">\n<th class=\"m-product-attr-row__name\" scope=\"row\">Thermostat<\/th>\n<td class=\"m-product-attr-row__value\">Electronique<\/td>\n<\/tr>\n<tr class=\"m-product-attr-row\">\n<th class=\"m-product-attr-row__name\" scope=\"row\">Pr\u00e9cision de r\u00e9glage (en \u00b0C)<\/th>\n<td class=\"m-product-attr-row__value\">0.1<\/td>\n<\/tr>\n<tr class=\"m-product-attr-row\">\n<th class=\"m-product-attr-row__name\" scope=\"row\">Affichage digital<\/th>\n<td class=\"m-product-attr-row__value\">Oui<\/td>\n<\/tr>\n<tr class=\"m-product-attr-row\">\n<th class=\"m-product-attr-row__name\" scope=\"row\">Nombre de programmes pr\u00e9-enregistr\u00e9s<\/th>\n<td class=\"m-product-attr-row__value\">2<\/td>\n<\/tr>\n<tr class=\"m-product-attr-row\">\n<th class=\"m-product-attr-row__name\" scope=\"row\">Nombre de programmes libres<\/th>\n<td class=\"m-product-attr-row__value\">7<\/td>\n<\/tr>\n<tr class=\"m-product-attr-row\">\n<th class=\"m-product-attr-row__name\" scope=\"row\">Fil pilote<\/th>\n<td class=\"m-product-attr-row__value\">6 ordres<\/td>\n<\/tr>\n<tr class=\"m-product-attr-row\">\n<th class=\"m-product-attr-row__name\" scope=\"row\">Poids du produit nu (en kg)<\/th>\n<td class=\"m-product-attr-row__value\">19<\/td>\n<\/tr>\n<tr class=\"m-product-attr-row\">\n<th class=\"m-product-attr-row__name\" scope=\"row\">Produit emball\u00e9 : hauteur (en cm)<\/th>\n<td class=\"m-product-attr-row__value\">60.5<\/td>\n<\/tr>\n<tr class=\"m-product-attr-row\">\n<th class=\"m-product-attr-row__name\" scope=\"row\">Produit emball\u00e9 : largeur (en cm)<\/th>\n<td class=\"m-product-attr-row__value\">108.3<\/td>\n<\/tr>\n<tr class=\"m-product-attr-row\">\n<th class=\"m-product-attr-row__name\" scope=\"row\">Produit emball\u00e9 : profondeur (en cm)<\/th>\n<td class=\"m-product-attr-row__value\">17.2<\/td>\n<\/tr>\n<tr class=\"m-product-attr-row\">\n<th class=\"m-product-attr-row__name\" scope=\"row\">Produit emball\u00e9 : poids (en kg)<\/th>\n<td class=\"m-product-attr-row__value\">21<\/td>\n<\/tr>\n<tr class=\"m-product-attr-row\">\n<th class=\"m-product-attr-row__name\" scope=\"row\">Garantie (inclut la garantie l\u00e9gale de conformit\u00e9) (en ann\u00e9es)<\/th>\n<td class=\"m-product-attr-row__value\">2<\/td>\n<\/tr>\n<tr class=\"m-product-attr-row\">\n<th class=\"m-product-attr-row__name\" scope=\"row\">Garantie des parties \u00e9lectriques (en ann\u00e9e)<\/th>\n<td class=\"m-product-attr-row__value\">2<\/td>\n<\/tr>\n<tr class=\"m-product-attr-row\">\n<th class=\"m-product-attr-row__name\" scope=\"row\">Garantie du corps de chauffe (en ann\u00e9e)<\/th>\n<td class=\"m-product-attr-row__value\">2<\/td>\n<\/tr>\n<tr class=\"m-product-attr-row\">\n<th class=\"m-product-attr-row__name\" scope=\"row\">Produit r\u00e9parable<\/th>\n<td class=\"m-product-attr-row__value\">Oui<\/td>\n<\/tr>\n<tr class=\"m-product-attr-row\">\n<th class=\"m-product-attr-row__name\" scope=\"row\">P\u00e9riode de disponibilit\u00e9 des pi\u00e8ces d\u00e9tach\u00e9es apr\u00e8s le dernier achat de la derni\u00e8re unit\u00e9 vendue (en ann\u00e9es)<\/th>\n<td class=\"m-product-attr-row__value\">10<\/td>\n<\/tr>\n<tr class=\"m-product-attr-row\">\n<th class=\"m-product-attr-row__name\" scope=\"row\">Certifi\u00e9 CE<\/th>\n<td class=\"m-product-attr-row__value\">Oui<\/td>\n<\/tr>\n<tr class=\"m-product-attr-row\">\n<th class=\"m-product-attr-row__name\" scope=\"row\">Indication du geste de tri (triman)<\/th>\n<td class=\"m-product-attr-row__value\">Nos produits et emballages peuvent faire l&rsquo;objet d&rsquo;une consigne de tri. Pour en savoir plus : www.quefairedemesdechets.fr<\/td>\n<\/tr>\n<\/tbody>\n<\/table>\n<\/div>\n<\/div>\n<p>Con\u00e7u pour le confort, la puissance et la faible consommation.<\/p>\n","protected":false},"featured_media":4945,"comment_status":"closed","ping_status":"closed","template":"","meta":[],"product_brand":[],"product_cat":[156],"product_tag":[],"class_list":{"0":"post-4641","1":"product","2":"type-product","3":"status-publish","6":"product_cat-chauffage-et-plomberie","8":"first","9":"instock","10":"sale","11":"taxable","12":"shipping-taxable","13":"purchasable","14":"product-type-simple"},"_links":{"self":[{"href":"https:\/\/menagers-holding.fr\/index.php?rest_route=\/wp\/v2\/product\/4641","targetHints":{"allow":["GET"]}}],"collection":[{"href":"https:\/\/menagers-holding.fr\/index.php?rest_route=\/wp\/v2\/product"}],"about":[{"href":"https:\/\/menagers-holding.fr\/index.php?rest_route=\/wp\/v2\/types\/product"}],"replies":[{"embeddable":true,"href":"https:\/\/menagers-holding.fr\/index.php?rest_route=%2Fwp%2Fv2%2Fcomments&post=4641"}],"wp:featuredmedia":[{"embeddable":true,"href":"https:\/\/menagers-holding.fr\/index.php?rest_route=\/wp\/v2\/media\/4945"}],"wp:attachment":[{"href":"https:\/\/menagers-holding.fr\/index.php?rest_route=%2Fwp%2Fv2%2Fmedia&parent=4641"}],"wp:term":[{"taxonomy":"product_brand","embeddable":true,"href":"https:\/\/menagers-holding.fr\/index.php?rest_route=%2Fwp%2Fv2%2Fproduct_brand&post=4641"},{"taxonomy":"product_cat","embeddable":true,"href":"https:\/\/menagers-holding.fr\/index.php?rest_route=%2Fwp%2Fv2%2Fproduct_cat&post=4641"},{"taxonomy":"product_tag","embeddable":true,"href":"https:\/\/menagers-holding.fr\/index.php?rest_route=%2Fwp%2Fv2%2Fproduct_tag&post=4641"}],"curies":[{"name":"wp","href":"https:\/\/api.w.org\/{rel}","templated":true}]}}