{"id":4619,"date":"2023-12-14T02:39:03","date_gmt":"2023-12-14T02:39:03","guid":{"rendered":"https:\/\/menagers-holding.fr\/?post_type=product&#038;p=4619"},"modified":"2025-09-23T14:34:29","modified_gmt":"2025-09-23T14:34:29","slug":"machine-a-cafe-double-m102-animo-marque-animo-reference-ao10512","status":"publish","type":"product","link":"https:\/\/menagers-holding.fr\/?product=machine-a-cafe-double-m102-animo-marque-animo-reference-ao10512","title":{"rendered":"Machine \u00e0 Caf\u00e9 Double M102 &#8211; ANIMO Marque : ANIMO R\u00e9f\u00e9rence : AO10512"},"content":{"rendered":"<p>Cette Machine \u00e0 Caf\u00e9 Double \u00e0 remplissage manuel de la marque Animo\u00a0peut produire jusqu&rsquo;\u00e0\u00a0de 28 litres de caf\u00e9 par heure. Elle est dot\u00e9e de 4 verseuses en verre de 1,8L et maintient le caf\u00e9 au chaude gr\u00e2ce \u00e0 ses 4 plaques de maintien au chaud.<\/p>\n<p>Machine \u00e0 Caf\u00e9 Double M102<\/p>\n<p>Gr\u00e2ce \u00e0 ses\u00a0<strong>4 verseuses<\/strong>\u00a0en verre de 1,8 litres chacune et ses\u00a0<strong>4 plaques de maintien en temp\u00e9rature<\/strong>, cette machine Animo vous\u00a0permet une\u00a0<strong>double production de caf\u00e9<\/strong>. Le remplissage manuel se fait \u00e0 l&rsquo;avant. Le r\u00e9servoir d&rsquo;eau a une contenance de 2,7 litres.\u00a0Il vous suffit de lancer la production d&rsquo;une simple pression de doigt sur la touche en fa\u00e7ade de la machine. Gr\u00e2ce \u00e0 la\u00a0<strong>sonde de d\u00e9tection de la verseuse<\/strong>, le processus d\u00e9marre et s&rsquo;arr\u00eate lorsqu&rsquo;il est termin\u00e9. Un\u00a0<strong>syst\u00e8me anti-goutte<\/strong>\u00a0ferme le porte-filtre. La machine \u00e9met un signal sonore une fois la production pr\u00eate \u00e0 \u00eatre consomm\u00e9e. La programmation Pre-wet est possible.<\/p>\n<p>L&rsquo;indicateur d&rsquo;entartrage vous pr\u00e9vient du niveau de tartre dans la machine. Elle est \u00e9galement dot\u00e9e d&rsquo;une s\u00e9curit\u00e9 contre la chauffe \u00e0 sec.<\/p>\n<p><strong><em>Livr\u00e9e avec 4 verseuses en verre de 1,8 litre, 4 plaques de maintien en temp\u00e9rature autor\u00e9gul\u00e9es, un doseur \u00e0 caf\u00e9, un sachet de d\u00e9tartrant, un sachet de nettoyant marc de caf\u00e9 et quelques filtres 90\/250.<\/em><\/strong><\/p>\n<table>\n<tbody>\n<tr>\n<td><img decoding=\"async\" src=\"https:\/\/www.fourniresto.com\/img\/cms\/AAPicto\/nbr de tasse.png\" alt=\"\" width=\"70\" height=\"70\" data-cfsrc=\"https:\/\/www.fourniresto.com\/img\/cms\/AAPicto\/nbr de tasse.png\" \/><\/td>\n<td><strong>Nombre de tasses par heure :<\/strong>\u00a0224<\/td>\n<\/tr>\n<\/tbody>\n<\/table>\n<p>Plus d&rsquo;informations :<\/p>\n<ul>\n<li><strong>Puissance :\u00a0<\/strong>3500<strong>\u00a0<\/strong>W<\/li>\n<li><strong>Alimentation :\u00a0<\/strong>220\u00a0\/ 240 V<\/li>\n<li><strong>Capacit\u00e9 :\u00a0<\/strong>28 L\/h &#8211; 224 tasses<\/li>\n<li><strong>Dimensions :\u00a0<\/strong>\u00a0L\u00a0420 x P 380 x H 460 mm ( 625 avec verseuse)<\/li>\n<li><strong>Hauteur incluant la verseuse en verre\u00a0<\/strong>: 625 mm<\/li>\n<li><strong>Dur\u00e9e d&rsquo;\u00e9coulement :\u00a0<\/strong>environ 8 min par verseuse<\/li>\n<li><strong>Temp\u00e9rature de conservation :\u00a0<\/strong>environ 84-86\u00b0C<\/li>\n<li><strong>Poids :\u00a0<\/strong>17 kg<\/li>\n<\/ul>\n<p>**Points forts :** Fiabilit\u00e9, praticit\u00e9 et prix abordable.<br \/>\n**Pourquoi choisir ce produit ?** Convient \u00e0 divers besoins du quotidien.<\/p>\n","protected":false},"excerpt":{"rendered":"<div class=\"product-reference\"><label class=\"label\">R\u00e9f\u00e9rence <\/label> AO10512<\/div>\n<section class=\"product-features\">\n<dl class=\"data-sheet\">\n<dt class=\"name\">Mati\u00e8re<\/dt>\n<dd class=\"value\">Acier<\/dd>\n<dt class=\"name\">Longueur (Mm)<\/dt>\n<dd class=\"value\">420<\/dd>\n<dt class=\"name\">Profondeur (Mm)<\/dt>\n<dd class=\"value\">380<\/dd>\n<dt class=\"name\">Hauteur (Mm)<\/dt>\n<dd class=\"value\">625<\/dd>\n<dt class=\"name\">Poids (Kg)<\/dt>\n<dd class=\"value\">17<\/dd>\n<dt class=\"name\">Puissance (W)<\/dt>\n<dd class=\"value\">3500<\/dd>\n<dt class=\"name\">Capacit\u00e9 ( L)<\/dt>\n<dd class=\"value\">1.8<\/dd>\n<dt class=\"name\">Garantie<\/dt>\n<dd class=\"value\">Garantie 1 An Pi\u00e8ces Et Main D&rsquo;oeuvre<\/dd>\n<\/dl>\n<\/section>\n<h4>MEILLEUR PRIX GARANTI<\/h4>\n<p>VOUS TROUVEZ MOINS CHER AILLEURS ?<br \/>\nNOUS NOUS ALIGNONS Fiable et adapt\u00e9 \u00e0 vos besoins quotidiens.<\/p>\n","protected":false},"featured_media":4946,"comment_status":"closed","ping_status":"closed","template":"","meta":[],"product_brand":[],"product_cat":[180,167],"product_tag":[],"class_list":{"0":"post-4619","1":"product","2":"type-product","3":"status-publish","6":"product_cat-electromenagers","7":"product_cat-expresso-et-machine-a-cafe","9":"first","10":"instock","11":"sale","12":"taxable","13":"shipping-taxable","14":"purchasable","15":"product-type-simple"},"_links":{"self":[{"href":"https:\/\/menagers-holding.fr\/index.php?rest_route=\/wp\/v2\/product\/4619","targetHints":{"allow":["GET"]}}],"collection":[{"href":"https:\/\/menagers-holding.fr\/index.php?rest_route=\/wp\/v2\/product"}],"about":[{"href":"https:\/\/menagers-holding.fr\/index.php?rest_route=\/wp\/v2\/types\/product"}],"replies":[{"embeddable":true,"href":"https:\/\/menagers-holding.fr\/index.php?rest_route=%2Fwp%2Fv2%2Fcomments&post=4619"}],"wp:featuredmedia":[{"embeddable":true,"href":"https:\/\/menagers-holding.fr\/index.php?rest_route=\/wp\/v2\/media\/4946"}],"wp:attachment":[{"href":"https:\/\/menagers-holding.fr\/index.php?rest_route=%2Fwp%2Fv2%2Fmedia&parent=4619"}],"wp:term":[{"taxonomy":"product_brand","embeddable":true,"href":"https:\/\/menagers-holding.fr\/index.php?rest_route=%2Fwp%2Fv2%2Fproduct_brand&post=4619"},{"taxonomy":"product_cat","embeddable":true,"href":"https:\/\/menagers-holding.fr\/index.php?rest_route=%2Fwp%2Fv2%2Fproduct_cat&post=4619"},{"taxonomy":"product_tag","embeddable":true,"href":"https:\/\/menagers-holding.fr\/index.php?rest_route=%2Fwp%2Fv2%2Fproduct_tag&post=4619"}],"curies":[{"name":"wp","href":"https:\/\/api.w.org\/{rel}","templated":true}]}}