{"id":4616,"date":"2023-12-14T02:26:47","date_gmt":"2023-12-14T02:26:47","guid":{"rendered":"https:\/\/menagers-holding.fr\/?post_type=product&#038;p=4616"},"modified":"2025-09-23T14:42:16","modified_gmt":"2025-09-23T14:42:16","slug":"shaker-electrique-n54-santos-marque-santos-reference-ss54n","status":"publish","type":"product","link":"https:\/\/menagers-holding.fr\/?product=shaker-electrique-n54-santos-marque-santos-reference-ss54n","title":{"rendered":"Shaker Electrique N\u00b054 &#8211; Santos Marque : Santos R\u00e9f\u00e9rence : SS54N"},"content":{"rendered":"<div id=\"prod_desc\">Shaker Electrique N\u00b054<\/div>\n<div>\n<div class=\"border_bot_prod block_slide_click\">\n<div class=\"offon\"><\/div>\n<div class=\"offon\">Le shaker \u00e9lectrique n\u00b054 permet de r\u00e9aliser des caf\u00e9s frapp\u00e9s, des milkshakes, de la mousse de lait et toutes sortes de boissons \u00e0 base de cr\u00e8me glac\u00e9e.<\/div>\n<div class=\"offon\">\n<p>Ce shaker est con\u00e7u pour les professionnels et est \u00e9quip\u00e9 d&rsquo;un <strong>moteur robuste et silencieux<\/strong>.<\/p>\n<\/div>\n<div class=\"offon\"><\/div>\n<div class=\"offon\"><\/div>\n<div class=\"offon\">\n<p>Utilisation facile : d\u00e9marrage automatique avec d\u00e9tection de bol. Variation de vitesse de 8000 \u00e0 16000 tr\/min.<\/p>\n<ul>\n<li><strong>Tours\/minute : 8000 &#8211; 16000<\/strong><\/li>\n<li><strong>Dimensions<\/strong> : L 182 x P 186 x H 530 mm<\/li>\n<li><strong>Alimentation<\/strong> : 220-240 V<\/li>\n<li><strong>Poids<\/strong> : 6 kg<\/li>\n<\/ul>\n<p><strong>Fabrication fran\u00e7aise.<\/strong><\/p>\n<\/div>\n<\/div>\n<div class=\"border_bot_prod block_slide_click\">\n<div class=\"offon\">\n<p>Il est fourni avec<strong> 2 bols de 0,675 litre<\/strong> : 1 bol inox et 1 bol transparent.<\/p>\n<\/div>\n<div class=\"offon\"><\/div>\n<div class=\"offon\"><\/div>\n<div class=\"offon\">Le shaker est livr\u00e9 avec 3 agitateurs interchangeables : 1 agitateur plastique universel, 1 agitateur caoutchouc, 1 agitateur \u00e0 ailettes.<\/div>\n<\/div>\n<\/div>\n<div><\/div>\n<div class=\"offon\"><\/div>\n<p>**Points forts :** Fiabilit\u00e9, praticit\u00e9 et prix abordable.<br \/>\n**Pourquoi choisir ce produit ?** Convient \u00e0 divers besoins du quotidien.<\/p>\n","protected":false},"excerpt":{"rendered":"<div class=\"product-reference\"><label class=\"label\">R\u00e9f\u00e9rence <\/label> SS54N<\/div>\n<section class=\"product-features\">\n<dl class=\"data-sheet\">\n<dt class=\"name\">Mati\u00e8re<\/dt>\n<dd class=\"value\">Inox<\/dd>\n<dt class=\"name\">Alimentation<\/dt>\n<dd class=\"value\">220-240 V<\/dd>\n<dt class=\"name\">Longueur (Mm)<\/dt>\n<dd class=\"value\">182<\/dd>\n<dt class=\"name\">Profondeur (Mm)<\/dt>\n<dd class=\"value\">186<\/dd>\n<dt class=\"name\">Hauteur (Mm)<\/dt>\n<dd class=\"value\">530<\/dd>\n<dt class=\"name\">Puissance (W)<\/dt>\n<dd class=\"value\">230<\/dd>\n<dt class=\"name\">Garantie<\/dt>\n<dd class=\"value\">Garantie 1 An Pi\u00e8ces Et Main D&rsquo;oeuvre<\/dd>\n<\/dl>\n<\/section>\n<p>Fiable et adapt\u00e9 \u00e0 vos besoins quotidiens.<\/p>\n","protected":false},"featured_media":4947,"comment_status":"closed","ping_status":"closed","template":"","meta":[],"product_brand":[],"product_cat":[180,167],"product_tag":[],"class_list":{"0":"post-4616","1":"product","2":"type-product","3":"status-publish","6":"product_cat-electromenagers","7":"product_cat-expresso-et-machine-a-cafe","9":"first","10":"instock","11":"sale","12":"taxable","13":"shipping-taxable","14":"purchasable","15":"product-type-simple"},"_links":{"self":[{"href":"https:\/\/menagers-holding.fr\/index.php?rest_route=\/wp\/v2\/product\/4616","targetHints":{"allow":["GET"]}}],"collection":[{"href":"https:\/\/menagers-holding.fr\/index.php?rest_route=\/wp\/v2\/product"}],"about":[{"href":"https:\/\/menagers-holding.fr\/index.php?rest_route=\/wp\/v2\/types\/product"}],"replies":[{"embeddable":true,"href":"https:\/\/menagers-holding.fr\/index.php?rest_route=%2Fwp%2Fv2%2Fcomments&post=4616"}],"wp:featuredmedia":[{"embeddable":true,"href":"https:\/\/menagers-holding.fr\/index.php?rest_route=\/wp\/v2\/media\/4947"}],"wp:attachment":[{"href":"https:\/\/menagers-holding.fr\/index.php?rest_route=%2Fwp%2Fv2%2Fmedia&parent=4616"}],"wp:term":[{"taxonomy":"product_brand","embeddable":true,"href":"https:\/\/menagers-holding.fr\/index.php?rest_route=%2Fwp%2Fv2%2Fproduct_brand&post=4616"},{"taxonomy":"product_cat","embeddable":true,"href":"https:\/\/menagers-holding.fr\/index.php?rest_route=%2Fwp%2Fv2%2Fproduct_cat&post=4616"},{"taxonomy":"product_tag","embeddable":true,"href":"https:\/\/menagers-holding.fr\/index.php?rest_route=%2Fwp%2Fv2%2Fproduct_tag&post=4616"}],"curies":[{"name":"wp","href":"https:\/\/api.w.org\/{rel}","templated":true}]}}