{"id":4512,"date":"2023-09-25T16:28:50","date_gmt":"2023-09-25T16:28:50","guid":{"rendered":"https:\/\/menagers-holding.fr\/?post_type=product&#038;p=4512"},"modified":"2025-09-23T15:40:11","modified_gmt":"2025-09-23T15:40:11","slug":"hrc-400-maxcomfort-orcon","status":"publish","type":"product","link":"https:\/\/menagers-holding.fr\/?product=hrc-400-maxcomfort-orcon","title":{"rendered":"HRC-400 MaxComfort Orcon"},"content":{"rendered":"<p>Description du produit<br \/>\nLe syst\u00e8me Orcon HealthLine HRC-400 MaxComfort est un syst\u00e8me de ventilation \u00e9quilibr\u00e9e de r\u00e9cup\u00e9ration de chaleur avec un d\u00e9bit maximum de 400m\u00b3\/h \u00e0 200 Pa. L&rsquo;efficacit\u00e9 thermique du MaxComfort 400 est de 99,7 %. L&rsquo;appareil est \u00e9quip\u00e9 d&rsquo;une vanne de d\u00e9rivation \u00e0 100 % et d&rsquo;une protection contre le gel \u00e0 haut rendement \u00e9nerg\u00e9tique. Le VMC double flux MaxComfort est dot\u00e9 d&rsquo;un pr\u00e9chauffeur int\u00e9gr\u00e9.<\/p>\n<p>L&rsquo;Orcon MaxComfort 400 est tr\u00e8s \u00e9conome en \u00e9nergie gr\u00e2ce \u00e0 ses 13 capteurs int\u00e9gr\u00e9s. Les 3 capteurs d&rsquo;humidit\u00e9, les 8 capteurs de temp\u00e9rature et les 2 capteurs an\u00e9mom\u00e9triques \u00e9quilibrent le d\u00e9bit \u00e0 1 % pr\u00e8s.<\/p>\n<p>Le MaxComfort peut \u00eatre mont\u00e9 \u00e0 gauche ou \u00e0 droite. Les commandes, les filtres et le panneau avant peuvent facilement \u00eatre mont\u00e9s de l&rsquo;autre c\u00f4t\u00e9 du VMC double flux. En outre, les conduits peuvent \u00eatre fix\u00e9s sur le dessus ou le c\u00f4t\u00e9 de l&rsquo;unit\u00e9. Le MaxComfort est livr\u00e9 en standard avec une prise de terre, mais peut facilement \u00eatre \u00e9quip\u00e9 d&rsquo;une fiche Perilex.<br \/>\n&#8211; D\u00e9bit maximum : 400 m\u00b3\/h \u00e0 200 Pa<br \/>\n&#8211; Puissance \u00e9lectrique au d\u00e9bit maximum : 108W<br \/>\n&#8211; Courant maximum : 5,8A<br \/>\n&#8211; Dimensions (HxLxP) : 830 x 760 x 600<br \/>\n&#8211; Poids : 35 kg<br \/>\n&#8211; Mat\u00e9riau de l&rsquo;\u00e9changeur de chaleur : ABS\/PS<br \/>\n&#8211; Contr\u00f4le du ventilateur : MOD-bus<br \/>\n&#8211; Connexion au canal \u00d8 180 mm<br \/>\n&#8211; Classe de filtre 1x coarse 65%, 1x ePM1 70%<\/p>\n<p>Version gauche et droite<br \/>\nL&rsquo;Orcon HRC MaxComfort peut \u00eatre connect\u00e9 de deux mani\u00e8res. L&rsquo;unit\u00e9 est livr\u00e9e en standard dans la version \u00ab\u00a0gauche\u00a0\u00bb. Ici, les raccordements r\u00e9sidentiels sont \u00e0 gauche et les raccordements vers l&rsquo;ext\u00e9rieur sont \u00e0 droite. Mais cela peut \u00eatre facilement ajust\u00e9 : si l&rsquo;on desserre l&rsquo;avant et l&rsquo;arri\u00e8re, l&rsquo;appareil peut \u00eatre retourn\u00e9 ! Pour plus d&rsquo;informations, lisez le manuel d&rsquo;installation.<\/p>\n<p>Accessoires inclus :Compteur de CO2 EnviSense avec enregistreur de donn\u00e9es &#8211; tableau de bord num\u00e9rique inclus 238 reviews En stock<br \/>\nAvec enregistreur de donn\u00e9es<br \/>\nTableau de bord num\u00e9rique gratuit<br \/>\nAnalyse du taux de CO2<br \/>\nFonction feux de signalisation.<br \/>\nPlus de 60 000 exemplaires vendus<\/p>\n<p>**Points forts :** Puissant, silencieux et \u00e9conomique.<br \/>\n**Pourquoi choisir ce produit ?** Pour un confort optimal toute l\u2019ann\u00e9e.<\/p>\n","protected":false},"excerpt":{"rendered":"<p>Sp\u00e9cifications<br \/>\nMarque Orcon<img decoding=\"async\" class=\"alignnone size-full wp-image-4513\" src=\"https:\/\/electromarketplus.fr\/wp-content\/uploads\/2023\/09\/4337B50B-4B5C-4580-A1F6-C04F73270C37.png\" alt=\"\" width=\"250\" height=\"190\" \/><br \/>\nGTIN 8718403860139<br \/>\nGarantie 2 ans<br \/>\nCode produit 19220031<br \/>\nCode fournisseur 22000095<br \/>\nEmballage Pi\u00e8ce<br \/>\nMat\u00e9riau du bo\u00eetier Plastique<br \/>\nConvient pour la connexion d&rsquo;une chaudi\u00e8re Non<br \/>\nMontage mural Oui<br \/>\nMontage au plafond Non<br \/>\nMontage au sol Oui<br \/>\nConnexion r\u00e9sidentielle inf\u00e9rieure Non<br \/>\nConnexion r\u00e9sidentielle c\u00f4t\u00e9 gauche Oui<br \/>\nConnexion r\u00e9sidentielle c\u00f4t\u00e9 droit Oui<br \/>\nConnexion r\u00e9sidentielle sup\u00e9rieure Oui<br \/>\nConnexion lat\u00e9rale au toit Oui<br \/>\nConnexion sup\u00e9rieure au toit Oui<br \/>\nPuissance absorb\u00e9e selon la norme EPN 0.04 Kilowatt<br \/>\nCos. phi selon la norme EPN 0.53<br \/>\nAvec protection thermique Oui<br \/>\nMoteur \u00e0 courant continu Oui<br \/>\nClasse de filtre EU 4 (G4)<br \/>\nType de r\u00e9gulation de vitesse Autre Con\u00e7u pour le confort, la puissance et la faible consommation.<\/p>\n","protected":false},"featured_media":4950,"comment_status":"closed","ping_status":"closed","template":"","meta":[],"product_brand":[],"product_cat":[156],"product_tag":[],"class_list":{"0":"post-4512","1":"product","2":"type-product","3":"status-publish","6":"product_cat-chauffage-et-plomberie","8":"first","9":"instock","10":"sale","11":"taxable","12":"shipping-taxable","13":"purchasable","14":"product-type-simple"},"_links":{"self":[{"href":"https:\/\/menagers-holding.fr\/index.php?rest_route=\/wp\/v2\/product\/4512","targetHints":{"allow":["GET"]}}],"collection":[{"href":"https:\/\/menagers-holding.fr\/index.php?rest_route=\/wp\/v2\/product"}],"about":[{"href":"https:\/\/menagers-holding.fr\/index.php?rest_route=\/wp\/v2\/types\/product"}],"replies":[{"embeddable":true,"href":"https:\/\/menagers-holding.fr\/index.php?rest_route=%2Fwp%2Fv2%2Fcomments&post=4512"}],"wp:featuredmedia":[{"embeddable":true,"href":"https:\/\/menagers-holding.fr\/index.php?rest_route=\/wp\/v2\/media\/4950"}],"wp:attachment":[{"href":"https:\/\/menagers-holding.fr\/index.php?rest_route=%2Fwp%2Fv2%2Fmedia&parent=4512"}],"wp:term":[{"taxonomy":"product_brand","embeddable":true,"href":"https:\/\/menagers-holding.fr\/index.php?rest_route=%2Fwp%2Fv2%2Fproduct_brand&post=4512"},{"taxonomy":"product_cat","embeddable":true,"href":"https:\/\/menagers-holding.fr\/index.php?rest_route=%2Fwp%2Fv2%2Fproduct_cat&post=4512"},{"taxonomy":"product_tag","embeddable":true,"href":"https:\/\/menagers-holding.fr\/index.php?rest_route=%2Fwp%2Fv2%2Fproduct_tag&post=4512"}],"curies":[{"name":"wp","href":"https:\/\/api.w.org\/{rel}","templated":true}]}}