{"id":4273,"date":"2023-05-02T14:33:26","date_gmt":"2023-05-02T14:33:26","guid":{"rendered":"https:\/\/menagers-holding.fr\/?post_type=product&#038;p=4273"},"modified":"2025-09-23T08:44:36","modified_gmt":"2025-09-23T08:44:36","slug":"laurastar-go-systeme-de-repassage-vapeur-hygienique-elimine-bacteries-et-acariens-table-active","status":"publish","type":"product","link":"https:\/\/menagers-holding.fr\/?product=laurastar-go-systeme-de-repassage-vapeur-hygienique-elimine-bacteries-et-acariens-table-active","title":{"rendered":"Laurastar GO+ Syst\u00e8me de Repassage, Vapeur Hygi\u00e9nique Elimine Bact\u00e9ries et Acariens, Table Active"},"content":{"rendered":"<p>\u00c0 propos de cet article<\/p>\n<p>Elimination des microbes r\u00e9sistant aux lavages \u00e0 30 et 40\u00b0C et pr\u00e9vention des allergies gr\u00e2ce \u00e0 la vapeur Dry Microfine Steam de Laurastar<br \/>\nR\u00e9sultat parfait en 1 seul passage pour toutes les mati\u00e8res et couleurs gr\u00e2ce au fer Laurastar<br \/>\nPr\u00e9vention des faux-plis gr\u00e2ce \u00e0 la table active avec soufflerie<br \/>\nErgonomique : 3 niveaux de hauteur de la table et grande surface de repassage avec une pointe \u00e9troite qui s\u2019adapte \u00e0 toutes les formes de v\u00eatements<br \/>\nFonction auto stop : le syst\u00e8me s\u2019arr\u00eate automatiquement au bout de 10 minutes pour plus de s\u00e9curit\u00e9 et d\u2019\u00e9conomie d\u2019\u00e9nergie<\/p>\n<p>**Points forts :** Puissant, silencieux et \u00e9conomique.<br \/>\n**Pourquoi choisir ce produit ?** Pour un confort optimal toute l\u2019ann\u00e9e.<\/p>\n","protected":false},"excerpt":{"rendered":"<p>Con\u00e7u pour le confort, la puissance et la faible consommation.<\/p>\n","protected":false},"featured_media":4274,"comment_status":"closed","ping_status":"closed","template":"","meta":[],"product_brand":[],"product_cat":[156,153,180],"product_tag":[],"class_list":{"0":"post-4273","1":"product","2":"type-product","3":"status-publish","6":"product_cat-chauffage-et-plomberie","7":"product_cat-electricite-et-domotique","8":"product_cat-electromenagers","10":"first","11":"instock","12":"sale","13":"taxable","14":"shipping-taxable","15":"purchasable","16":"product-type-simple"},"_links":{"self":[{"href":"https:\/\/menagers-holding.fr\/index.php?rest_route=\/wp\/v2\/product\/4273","targetHints":{"allow":["GET"]}}],"collection":[{"href":"https:\/\/menagers-holding.fr\/index.php?rest_route=\/wp\/v2\/product"}],"about":[{"href":"https:\/\/menagers-holding.fr\/index.php?rest_route=\/wp\/v2\/types\/product"}],"replies":[{"embeddable":true,"href":"https:\/\/menagers-holding.fr\/index.php?rest_route=%2Fwp%2Fv2%2Fcomments&post=4273"}],"wp:featuredmedia":[{"embeddable":true,"href":"https:\/\/menagers-holding.fr\/index.php?rest_route=\/wp\/v2\/media\/4274"}],"wp:attachment":[{"href":"https:\/\/menagers-holding.fr\/index.php?rest_route=%2Fwp%2Fv2%2Fmedia&parent=4273"}],"wp:term":[{"taxonomy":"product_brand","embeddable":true,"href":"https:\/\/menagers-holding.fr\/index.php?rest_route=%2Fwp%2Fv2%2Fproduct_brand&post=4273"},{"taxonomy":"product_cat","embeddable":true,"href":"https:\/\/menagers-holding.fr\/index.php?rest_route=%2Fwp%2Fv2%2Fproduct_cat&post=4273"},{"taxonomy":"product_tag","embeddable":true,"href":"https:\/\/menagers-holding.fr\/index.php?rest_route=%2Fwp%2Fv2%2Fproduct_tag&post=4273"}],"curies":[{"name":"wp","href":"https:\/\/api.w.org\/{rel}","templated":true}]}}