{"id":4197,"date":"2023-03-30T04:28:34","date_gmt":"2023-03-30T04:28:34","guid":{"rendered":"https:\/\/menagers-holding.fr\/?post_type=product&#038;p=4197"},"modified":"2025-09-21T04:32:06","modified_gmt":"2025-09-21T04:32:06","slug":"panier-de-basket-exterieur-en-acier-galvanise-260-m","status":"publish","type":"product","link":"https:\/\/menagers-holding.fr\/?product=panier-de-basket-exterieur-en-acier-galvanise-260-m","title":{"rendered":"Panier de basket ext\u00e9rieur en acier galvanis\u00e9 \u2013 2,60 m"},"content":{"rendered":"<p>R\u00e9f\u00e9rence : MESFR20171371<br \/>\nMarque : Sodex<br \/>\nSodex<br \/>\nCe panier de basket ext\u00e9rieur de chez Sodex Sport atteint une hauteur de 2,60 m. Il existe deux types de fixations pour ce panier de basket : \u00e0 sceller dans le sol du terrain ou \u00e0 fixer \u00e0 l\u2019emplacement pr\u00e9vu avec des platines.<br \/>\nLe profil du but de basket est en acier galvanis\u00e9 \u00e0 chaud de 100 x 100 mm, ce qui permet au produit d\u2019\u00eatre robuste et offre une protection optimale contre la corrosion. La structure est constitu\u00e9e de 2 parties pour faciliter l\u2019installation du panier de basket.<br \/>\nSon panneau rectangulaire en contreplaqu\u00e9 recouvert de fibre de verre permet au panier de basket d\u2019avoir une structure solide. Le panneau dispose d\u2019une finition parfaite \u00e9vitant tout risque d\u2019infiltration et d\u2019humidit\u00e9. Des lignes noires int\u00e9gr\u00e9es dans le panneau offrent une meilleure finition et r\u00e9sistance \u00e0 l\u2019environnement ext\u00e9rieur.<br \/>\nLe cercle standard du panier de basket a un diam\u00e8tre de 450 mm. L\u2019anneau de basketball est en acier massif plastifi\u00e9 orange de 18 mm de diam\u00e8tre. Il dispose de 12 crochets en acier galvanis\u00e9 renforc\u00e9 afin d\u2019\u00e9viter toute casse et corrosion. Deux renforts en acier plein viennent maintenir le panier afin de le rendre plus r\u00e9sistant aux diff\u00e9rents chocs. Les trous de fixation oblongs du cercle sont conformes aux normes internationales (110 x 90 mm), ils rendent le produit plus facile \u00e0 installer.<br \/>\nLe filet blanc du but de basket est en polypropyl\u00e8ne de 5 mm de diam\u00e8tre. Ce filet b\u00e9n\u00e9ficie de 12 crochets d\u2019attaches \u00e0 fixer sur l\u2019anneau du panier.<br \/>\nLes fourreaux ne sont pas fournis. Ils sont indispensables pour le montage des paniers de basket \u00e0 sceller dans le terrain. Ils sont disponibles dans l\u2019onglet \u00ab accessoires \u00bb.<br \/>\nCe panier de basket ext\u00e9rieur est conforme \u00e0 la norme NF EN 1270.<br \/>\nLe produit a une garantie de 2 ans.<\/p>\n<p>**Points forts :** R\u00e9sistant aux conditions ext\u00e9rieures, facile d\u2019entretien.<br \/>\n**Pourquoi choisir ce produit ?** Parfait pour profiter de votre ext\u00e9rieur en toute s\u00e9r\u00e9nit\u00e9.<\/p>\n","protected":false},"excerpt":{"rendered":"<p>Informations<br \/>\nCode produit S14010GC<br \/>\nCaracteristiques<br \/>\nPoids 73 kg<br \/>\nGarantie 2 ans<br \/>\nPour qui Pour Tous<br \/>\nNiveau Tous niveaux<br \/>\nType d&rsquo;arceau Classique<br \/>\nDimensions<br \/>\nLargeur 1,20 m<br \/>\nHauteur 2,60 m<br \/>\nLogistique<br \/>\nTransport inclus en france (autres pays, nous consulter)<br \/>\nD\u00e9lai de Livraison 48 Heures<br \/>\nType de livraison Messagerie<\/p>\n<p>Panier de basket ext\u00e9rieur en acier galvanis\u00e9 de 2,60 m de hauteur. Le panneau a pour dimensions 1,2 x 0,9 m. La structure comprend 2 parties afin de faciliter le montage. Deux types de fixations existent pour ce panier de basket : \u00e0 sceller au sol et \u00e0 fixer \u00e0 l&rsquo;aide d&rsquo;une platine. Robuste, pratique et adapt\u00e9 \u00e0 l\u2019ext\u00e9rieur.<\/p>\n","protected":false},"featured_media":4198,"comment_status":"closed","ping_status":"closed","template":"","meta":[],"product_brand":[],"product_cat":[157],"product_tag":[],"class_list":{"0":"post-4197","1":"product","2":"type-product","3":"status-publish","6":"product_cat-terrasse-et-jardin","8":"first","9":"instock","10":"sale","11":"taxable","12":"shipping-taxable","13":"purchasable","14":"product-type-simple"},"_links":{"self":[{"href":"https:\/\/menagers-holding.fr\/index.php?rest_route=\/wp\/v2\/product\/4197","targetHints":{"allow":["GET"]}}],"collection":[{"href":"https:\/\/menagers-holding.fr\/index.php?rest_route=\/wp\/v2\/product"}],"about":[{"href":"https:\/\/menagers-holding.fr\/index.php?rest_route=\/wp\/v2\/types\/product"}],"replies":[{"embeddable":true,"href":"https:\/\/menagers-holding.fr\/index.php?rest_route=%2Fwp%2Fv2%2Fcomments&post=4197"}],"wp:featuredmedia":[{"embeddable":true,"href":"https:\/\/menagers-holding.fr\/index.php?rest_route=\/wp\/v2\/media\/4198"}],"wp:attachment":[{"href":"https:\/\/menagers-holding.fr\/index.php?rest_route=%2Fwp%2Fv2%2Fmedia&parent=4197"}],"wp:term":[{"taxonomy":"product_brand","embeddable":true,"href":"https:\/\/menagers-holding.fr\/index.php?rest_route=%2Fwp%2Fv2%2Fproduct_brand&post=4197"},{"taxonomy":"product_cat","embeddable":true,"href":"https:\/\/menagers-holding.fr\/index.php?rest_route=%2Fwp%2Fv2%2Fproduct_cat&post=4197"},{"taxonomy":"product_tag","embeddable":true,"href":"https:\/\/menagers-holding.fr\/index.php?rest_route=%2Fwp%2Fv2%2Fproduct_tag&post=4197"}],"curies":[{"name":"wp","href":"https:\/\/api.w.org\/{rel}","templated":true}]}}