{"id":4194,"date":"2023-03-30T04:24:21","date_gmt":"2023-03-30T04:24:21","guid":{"rendered":"https:\/\/menagers-holding.fr\/?post_type=product&#038;p=4194"},"modified":"2025-09-21T04:32:06","modified_gmt":"2025-09-21T04:32:06","slug":"panier-de-basket-exterieur-en-acier-galvanise-305-m","status":"publish","type":"product","link":"https:\/\/menagers-holding.fr\/?product=panier-de-basket-exterieur-en-acier-galvanise-305-m","title":{"rendered":"Panier de basket ext\u00e9rieur en acier galvanis\u00e9 \u2013 3,05 m"},"content":{"rendered":"<p>Marque : Sodex<br \/>\nSodex<br \/>\nCe panier de basket de chez Sodex Sport est con\u00e7u pour \u00eatre mis sur les terrains de basketball ext\u00e9rieurs. La hauteur du cercle est de 3,05 m.<br \/>\nIl existe deux types de fixations pour ce panier de basket ext\u00e9rieur : \u00e0 sceller directement \u00e0 l\u2019emplacement pr\u00e9vu ou \u00e0 fixer sur le terrain de basket gr\u00e2ce \u00e0 une platine.<br \/>\nLe fourreau n\u2019est pas fourni avec le panier de basket. Il est obligatoire d\u2019avoir une prise de terre dans le cas o\u00f9 le but de basket est \u00e0 sceller. Il permet le maintien de toute la structure du panier. Le fourreau est disponible dans l\u2019onglet \u00ab accessoires \u00bb.<br \/>\nLa structure du produit est en acier galvanis\u00e9 \u00e0 chaud de profil 100 x 100 mm. Ce mat\u00e9riau robuste permet au panier d\u2019\u00eatre r\u00e9sistant aux multiples chocs. Cette structure est divis\u00e9e en deux parties afin de faciliter l\u2019installation du panier de basket. Le d\u00e9port est de 1,20 m.<br \/>\nLe but de basket comprend un panneau, un cercle et un filet.<br \/>\nLe panneau de basket est fait en contreplaqu\u00e9 recouvert de fibre de verre pour que la structure soit solide. Il a pour dimensions 1,2 x 0,9 m. Afin d\u2019avoir une meilleure finition et r\u00e9sistance \u00e0 l\u2019environnement ext\u00e9rieur, des lignes noires sont int\u00e9gr\u00e9es dans le panneau. Les finitions parfaites du panneau de basket permettent d\u2019emp\u00eacher les infiltrations d\u2019eau.<br \/>\nLe cercle du panier de basket est en acier galvanis\u00e9 renforc\u00e9 afin d\u2019\u00e9viter tout risque de casse et de corrosion. Il est de 450 mm de diam\u00e8tre et dispose de 12 crochets de 4 mm de diam\u00e8tre. Deux renforts en acier plein apportent une r\u00e9sistance en plus au cercle. L\u2019anneau standard est en acier plastifi\u00e9 orange de 18 mm d\u2019\u00e9paisseur. Les 4 trous de fixation oblongs conformes aux normes internationales (110 x 90 mm) facilitent l\u2019installation du produit.<br \/>\nLe filet du but de basket est en polypropyl\u00e8ne blanc de 5 mm de diam\u00e8tre avec 12 attaches \u00e0 ins\u00e9rer sur le cercle<br \/>\nCe panier de basket est conforme \u00e0 la norme NF EN 1270.<br \/>\nLe produit a une garantie de 2 ans.<\/p>\n<p>**Points forts :** R\u00e9sistant aux conditions ext\u00e9rieures, facile d\u2019entretien.<br \/>\n**Pourquoi choisir ce produit ?** Parfait pour profiter de votre ext\u00e9rieur en toute s\u00e9r\u00e9nit\u00e9.<\/p>\n","protected":false},"excerpt":{"rendered":"<p>Informations<br \/>\nCode produit S14020GC<br \/>\nCaracteristiques<br \/>\nPoids 75 kg<br \/>\nGarantie 2 ans<br \/>\nPour qui Pour Tous<br \/>\nNiveau Tous niveaux<br \/>\nType d&rsquo;arceau Classique<br \/>\nDimensions<br \/>\nLargeur 1,20 m<br \/>\nHauteur 3,05 m<br \/>\nLogistique<br \/>\nTransport inclus en france (autres pays, nous consulter)<br \/>\nD\u00e9lai de Livraison 48 Heures<br \/>\nType de livraison Messagerie<\/p>\n<p>Panier de basket en acier galvanis\u00e9 d\u2019une hauteur de 3,05 m con\u00e7u pour les terrains de basket ext\u00e9rieurs. Le panneau de basket mesure 1,2 x 0,9 m. Deux types de fixations existent pour ce panier de basket : \u00e0 sceller au sol et \u00e0 fixer \u00e0 l&rsquo;aide d&rsquo;une platine. Robuste, pratique et adapt\u00e9 \u00e0 l\u2019ext\u00e9rieur.<\/p>\n","protected":false},"featured_media":4195,"comment_status":"closed","ping_status":"closed","template":"","meta":[],"product_brand":[],"product_cat":[157],"product_tag":[],"class_list":{"0":"post-4194","1":"product","2":"type-product","3":"status-publish","6":"product_cat-terrasse-et-jardin","8":"first","9":"instock","10":"sale","11":"taxable","12":"shipping-taxable","13":"purchasable","14":"product-type-simple"},"_links":{"self":[{"href":"https:\/\/menagers-holding.fr\/index.php?rest_route=\/wp\/v2\/product\/4194","targetHints":{"allow":["GET"]}}],"collection":[{"href":"https:\/\/menagers-holding.fr\/index.php?rest_route=\/wp\/v2\/product"}],"about":[{"href":"https:\/\/menagers-holding.fr\/index.php?rest_route=\/wp\/v2\/types\/product"}],"replies":[{"embeddable":true,"href":"https:\/\/menagers-holding.fr\/index.php?rest_route=%2Fwp%2Fv2%2Fcomments&post=4194"}],"wp:featuredmedia":[{"embeddable":true,"href":"https:\/\/menagers-holding.fr\/index.php?rest_route=\/wp\/v2\/media\/4195"}],"wp:attachment":[{"href":"https:\/\/menagers-holding.fr\/index.php?rest_route=%2Fwp%2Fv2%2Fmedia&parent=4194"}],"wp:term":[{"taxonomy":"product_brand","embeddable":true,"href":"https:\/\/menagers-holding.fr\/index.php?rest_route=%2Fwp%2Fv2%2Fproduct_brand&post=4194"},{"taxonomy":"product_cat","embeddable":true,"href":"https:\/\/menagers-holding.fr\/index.php?rest_route=%2Fwp%2Fv2%2Fproduct_cat&post=4194"},{"taxonomy":"product_tag","embeddable":true,"href":"https:\/\/menagers-holding.fr\/index.php?rest_route=%2Fwp%2Fv2%2Fproduct_tag&post=4194"}],"curies":[{"name":"wp","href":"https:\/\/api.w.org\/{rel}","templated":true}]}}