{"id":4189,"date":"2023-03-30T04:19:45","date_gmt":"2023-03-30T04:19:45","guid":{"rendered":"https:\/\/menagers-holding.fr\/?post_type=product&#038;p=4189"},"modified":"2025-09-23T08:31:37","modified_gmt":"2025-09-23T08:31:37","slug":"trampoline-de-fitness-avec-step-flexible-hammer-jumpstep","status":"publish","type":"product","link":"https:\/\/menagers-holding.fr\/?product=trampoline-de-fitness-avec-step-flexible-hammer-jumpstep","title":{"rendered":"Trampoline de fitness avec step flexible Hammer JumpStep"},"content":{"rendered":"<p>R\u00e9f\u00e9rence : MESFR20171456<br \/>\nMarque : Hammer<br \/>\nHammer<br \/>\nAvec le trampoline JumpStep, la marque Hammer m\u00eale l\u2019a\u00e9robic au fitness, pour des entra\u00eenements plus ludiques, mais pas moins intensifs ! L\u2019association d\u2019un trampoline de fitness et d\u2019un step flexible vous permettra de bien travailler votre cardio tout en musclant le bas de votre corps, garantissant ainsi un \u00e9quilibre parfait entre exercices d\u2019endurance et renforcement musculaire.<br \/>\nTr\u00e8s bien con\u00e7u, ce trampoline de fitness est \u00e9quip\u00e9 d\u2019une poign\u00e9e ergonomique r\u00e9glable en hauteur selon 7 niveaux. Il poss\u00e8de une structure solide et des pieds antid\u00e9rapants pour une stabilit\u00e9 \u00e0 toute \u00e9preuve, m\u00eame lors de s\u00e9ances intenses. Le trampoline dispose enfin de roulettes et pourra \u00eatre facilement repli\u00e9 afin de n\u2019occuper que peu de place lorsque vous ne l\u2019utilisez pas, ce qui le rend id\u00e9al pour les petits appartements.<br \/>\nCe trampoline est garanti 2 ans.<\/p>\n<p>**Points forts :** Fiabilit\u00e9, praticit\u00e9 et prix abordable.<br \/>\n**Pourquoi choisir ce produit ?** Convient \u00e0 divers besoins du quotidien.<\/p>\n","protected":false},"excerpt":{"rendered":"<p>Informations<br \/>\nCode produit 66429<br \/>\nCaracteristiques<br \/>\nPoids 23 kg<br \/>\nGarantie 2 ans<br \/>\nType de trampoline Sur pieds<br \/>\nFilets de trampoline 98 cm<br \/>\nPoids max. utilisateur 150 kg<br \/>\nDiam\u00e8tre \u00d8 Moins de 2m<br \/>\nDimensions<br \/>\nLargeur 133 cm<br \/>\nLongueur 139 cm<br \/>\nHauteur 139 cm<br \/>\nLogistique<br \/>\nTransport inclus en france (autres pays, nous consulter)<br \/>\nD\u00e9lai de Livraison 48 Heures<br \/>\nType de livraison Messagerie<\/p>\n<p>Ce trampoline de fitness est dot\u00e9 d\u2019un step flexible, vous permettant ainsi de varier les exercices et de r\u00e9aliser des entra\u00eenements plus complets. Il se montrera solide et parfaitement s\u00fbr, et pourra \u00eatre facilement d\u00e9plac\u00e9 et repli\u00e9 afin de n\u2019occuper que peu d\u2019espace lorsque vous ne l\u2019utilisez pas. Fiable et adapt\u00e9 \u00e0 vos besoins quotidiens.<\/p>\n","protected":false},"featured_media":4190,"comment_status":"closed","ping_status":"closed","template":"","meta":[],"product_brand":[],"product_cat":[181,163],"product_tag":[],"class_list":{"0":"post-4189","1":"product","2":"type-product","3":"status-publish","6":"product_cat-sport","7":"product_cat-trottinette-electrique","9":"first","10":"instock","11":"sale","12":"taxable","13":"shipping-taxable","14":"purchasable","15":"product-type-simple"},"_links":{"self":[{"href":"https:\/\/menagers-holding.fr\/index.php?rest_route=\/wp\/v2\/product\/4189","targetHints":{"allow":["GET"]}}],"collection":[{"href":"https:\/\/menagers-holding.fr\/index.php?rest_route=\/wp\/v2\/product"}],"about":[{"href":"https:\/\/menagers-holding.fr\/index.php?rest_route=\/wp\/v2\/types\/product"}],"replies":[{"embeddable":true,"href":"https:\/\/menagers-holding.fr\/index.php?rest_route=%2Fwp%2Fv2%2Fcomments&post=4189"}],"wp:featuredmedia":[{"embeddable":true,"href":"https:\/\/menagers-holding.fr\/index.php?rest_route=\/wp\/v2\/media\/4190"}],"wp:attachment":[{"href":"https:\/\/menagers-holding.fr\/index.php?rest_route=%2Fwp%2Fv2%2Fmedia&parent=4189"}],"wp:term":[{"taxonomy":"product_brand","embeddable":true,"href":"https:\/\/menagers-holding.fr\/index.php?rest_route=%2Fwp%2Fv2%2Fproduct_brand&post=4189"},{"taxonomy":"product_cat","embeddable":true,"href":"https:\/\/menagers-holding.fr\/index.php?rest_route=%2Fwp%2Fv2%2Fproduct_cat&post=4189"},{"taxonomy":"product_tag","embeddable":true,"href":"https:\/\/menagers-holding.fr\/index.php?rest_route=%2Fwp%2Fv2%2Fproduct_tag&post=4189"}],"curies":[{"name":"wp","href":"https:\/\/api.w.org\/{rel}","templated":true}]}}