{"id":4179,"date":"2023-03-30T04:15:14","date_gmt":"2023-03-30T04:15:14","guid":{"rendered":"https:\/\/menagers-holding.fr\/?post_type=product&#038;p=4179"},"modified":"2025-09-21T04:32:06","modified_gmt":"2025-09-21T04:32:06","slug":"velo-dappartement-e50-performance-20-programmes","status":"publish","type":"product","link":"https:\/\/menagers-holding.fr\/?product=velo-dappartement-e50-performance-20-programmes","title":{"rendered":"V\u00e9lo d&rsquo;Appartement E50 Performance 20 Programmes"},"content":{"rendered":"<p>Marque : Tunturi<br \/>\nTunturi<br \/>\nLe v\u00e9lo d\u2019Appartement Performance E50 Tunturi est ergonomique et facile d\u2019utilisation.<br \/>\nSon cadre dispose d\u2019une hauteur basse qui permet de simplifier l\u2019acc\u00e8s au v\u00e9lo. Le E50 est \u00e9quip\u00e9 d\u2019une roue d\u2019inertie 11 Kg, d\u2019un syst\u00e8me de freinage magn\u00e9tique et une plage de r\u00e9sistance variante \u00e0 32 niveaux. Ces caract\u00e9ristiques vous offrent un p\u00e9dalage fluide, sans \u00e0-coups et des niveaux de difficult\u00e9s s\u2019adaptant aux objectifs de chacun.<br \/>\nCe v\u00e9lo est confortable d\u2019utilisation. Il dispose d\u2019une selle et d\u2019un guidon r\u00e9glables. Pour combiner plaisir et sport, le E50 est \u00e9quip\u00e9 d\u2019un porte-tablette. La console est \u00e9galement fournie. Cet \u00e9cran 5,5 pouces r\u00e9tro-\u00e9clair\u00e9 vous affiche les informations indispensables \u00e0 vos entrainements : distance parcourue, temps d\u2019exercice, vitesse de course et le nombre de calories brul\u00e9es.<br \/>\nAvec les 20 programmes mis \u00e0 disposition, vous n\u2019allez plus vous ennuyer. Ces programmes sont r\u00e9partis ainsi :<br \/>\n1 programme manuel<br \/>\n1 programme Recovey<br \/>\n1 programme body fat<br \/>\n4 programmes d\u00e9butants<br \/>\n4 programmes avanc\u00e9s<br \/>\n4 programmes athl\u00e8tes<br \/>\n4 programme cardio<br \/>\n1 programme Watt<br \/>\nVotre machine E50 peut \u00eatre connect\u00e9e \u00e0 votre tablette ou \u00e0 votre smartphone via Bluetooth. De nombreuses applications sont disponibles pour rendre vos entrainements encore plus amusants. Vous pourriez simuler des courses virtuelles en solo ou en groupe gr\u00e2ce aux applications Kinomap\/ Fit Plus\/ Fit hi Way. Ces applications ne sont pas fournies, il faudra vous reprocher de votre biblioth\u00e8que d\u2019application pour les t\u00e9l\u00e9charger.<br \/>\nLe branchement du v\u00e9lo se fait par Adaptateur 9V\/1A. Il mesure 99x59x157 cm et p\u00e8se 39 kg.<br \/>\nLe v\u00e9lo est con\u00e7u pour un usage domestique et vous est garanti 2 ans.<\/p>\n<p>**Points forts :** Autonomie renforc\u00e9e, cadre robuste, s\u00e9curit\u00e9 optimale.<br \/>\n**Pourquoi choisir ce produit ?** Id\u00e9al pour les trajets quotidiens comme les balades.<\/p>\n","protected":false},"excerpt":{"rendered":"<p>Informations<br \/>\nCode produit 17TBE50000<br \/>\nCaracteristiques<br \/>\nNom Fabricant V\u00e9lo d&rsquo;Appartement E50 Performance 20 Programmes<br \/>\nPoids 39 kg<br \/>\nGarantie 2 ans<br \/>\nPour qui Pour Tous<br \/>\nNombre de programmes 20<br \/>\nCharge maximum 135 kg<br \/>\nInertie des roues 11 Kg<br \/>\nFr\u00e9quence R\u00e9gulier<br \/>\nPliable Non<br \/>\nDimensions<br \/>\nLargeur 59 cm<br \/>\nLongueur 99 cm<br \/>\nHauteur 157 cm<br \/>\nLogistique<br \/>\nTransport inclus en france (autres pays, nous consulter)<br \/>\nD\u00e9lai de Livraison 48 Heures<br \/>\nConditionnement Carton<br \/>\nType de livraison Messagerie<\/p>\n<p>Ce v\u00e9lo d\u2019appartement \u00e0 design scandinave est \u00e9quip\u00e9 d\u2019une roue d\u2019inertie 11kg et de 20 programmes enregistr\u00e9s dans votre console, pour des exercices vari\u00e9s et adapt\u00e9s \u00e0 tout objectif, \u00e0 tout niveau. Allie performance, autonomie et s\u00e9curit\u00e9.<\/p>\n","protected":false},"featured_media":4180,"comment_status":"closed","ping_status":"closed","template":"","meta":[],"product_brand":[],"product_cat":[169],"product_tag":[],"class_list":{"0":"post-4179","1":"product","2":"type-product","3":"status-publish","6":"product_cat-velo","8":"first","9":"instock","10":"sale","11":"taxable","12":"shipping-taxable","13":"purchasable","14":"product-type-simple"},"_links":{"self":[{"href":"https:\/\/menagers-holding.fr\/index.php?rest_route=\/wp\/v2\/product\/4179","targetHints":{"allow":["GET"]}}],"collection":[{"href":"https:\/\/menagers-holding.fr\/index.php?rest_route=\/wp\/v2\/product"}],"about":[{"href":"https:\/\/menagers-holding.fr\/index.php?rest_route=\/wp\/v2\/types\/product"}],"replies":[{"embeddable":true,"href":"https:\/\/menagers-holding.fr\/index.php?rest_route=%2Fwp%2Fv2%2Fcomments&post=4179"}],"wp:featuredmedia":[{"embeddable":true,"href":"https:\/\/menagers-holding.fr\/index.php?rest_route=\/wp\/v2\/media\/4180"}],"wp:attachment":[{"href":"https:\/\/menagers-holding.fr\/index.php?rest_route=%2Fwp%2Fv2%2Fmedia&parent=4179"}],"wp:term":[{"taxonomy":"product_brand","embeddable":true,"href":"https:\/\/menagers-holding.fr\/index.php?rest_route=%2Fwp%2Fv2%2Fproduct_brand&post=4179"},{"taxonomy":"product_cat","embeddable":true,"href":"https:\/\/menagers-holding.fr\/index.php?rest_route=%2Fwp%2Fv2%2Fproduct_cat&post=4179"},{"taxonomy":"product_tag","embeddable":true,"href":"https:\/\/menagers-holding.fr\/index.php?rest_route=%2Fwp%2Fv2%2Fproduct_tag&post=4179"}],"curies":[{"name":"wp","href":"https:\/\/api.w.org\/{rel}","templated":true}]}}