{"id":4172,"date":"2023-03-30T04:09:44","date_gmt":"2023-03-30T04:09:44","guid":{"rendered":"https:\/\/menagers-holding.fr\/?post_type=product&#038;p=4172"},"modified":"2025-09-21T04:32:06","modified_gmt":"2025-09-21T04:32:06","slug":"velo-dappartement-e80-endurance-43-programmes","status":"publish","type":"product","link":"https:\/\/menagers-holding.fr\/?product=velo-dappartement-e80-endurance-43-programmes","title":{"rendered":"V\u00e9lo d&rsquo;Appartement E80 Endurance 43 Programmes"},"content":{"rendered":"<p>Marque : Tunturi<br \/>\nTunturi<br \/>\nLe v\u00e9lo d\u2019appartement E80 \u00e0 structure solide convient parfaitement aux sportifs de haut niveau. Le E80 dispose de 43 programmes et de 58 niveaux de r\u00e9sistance.<br \/>\nIl est \u00e9quip\u00e9 d\u2019un ergom\u00e8tre vous permettant d\u2019optimiser vos exercices. Cet outil fonctionne \u00e0 partir de 20 Watts jusqu\u2019\u00e0 440 W (par paliers de 5) et vous permet de fixer des objectifs atteignables tout en suivant vos progressions et performances.<br \/>\nLes poign\u00e9es du v\u00e9lo disposent d\u2019un capteur de fr\u00e9quence cardiaque pour \u00e9valuer votre rythme durant la course. Les 43 programmes enregistr\u00e9s sont choisis en fonction de votre niveau et votre objectif. La r\u00e9sistance est r\u00e9glable \u00e0 partir de la console fournie. Elle vous permet \u00e9galement de s\u00e9lectionner votre programme et contr\u00f4ler la dur\u00e9e, la vitesse, les calories d\u00e9pens\u00e9es..<br \/>\nCe v\u00e9lo d\u2019appartement est \u00e9quip\u00e9 d\u2019un syst\u00e8me de freinage \u00e0 induction de grande puissance qui vous permet un r\u00e9glage tr\u00e8s pr\u00e9cis de la r\u00e9sistance et un passage de niveau \u00e0 niveau plus doux. Le E80 est \u00e9quip\u00e9 d\u2019un porte-bouteille et d\u2019un support tablette et smartphone. Vous pourrez regarder un film ou consulter vos mails en toute s\u00e9curit\u00e9 durant vos entrainements.<br \/>\nVous avez la possibilit\u00e9 de connecter votre console au Bluetooth. Des applications peuvent \u00eatre utilis\u00e9es via votre tablette ou smartphone Android\/ iOS pour simuler des courses de v\u00e9lo interactives. L\u2019application Kinomap Controled est disponible \u00e0 cet effet. Nous ne sommes pas en charge de la distribution de cette application, vous pourriez cependant la retrouver dans votre biblioth\u00e8que d\u2019applications.<br \/>\nCe v\u00e9lo r\u00e9pond aux normes EN957 HB et aux nomes CE EMC, LVD, 2009\/125\/CE. il est garanti 2 ans.<\/p>\n<p>**Points forts :** Autonomie renforc\u00e9e, cadre robuste, s\u00e9curit\u00e9 optimale.<br \/>\n**Pourquoi choisir ce produit ?** Id\u00e9al pour les trajets quotidiens comme les balades.<\/p>\n","protected":false},"excerpt":{"rendered":"<p>Informations<br \/>\nCode produit 17TBE80000<br \/>\nCaracteristiques<br \/>\nNom Fabricant V\u00e9lo d&rsquo;Appartement E80 Endurance 43 Programmes<br \/>\nPoids 48 Kg<br \/>\nGarantie 2 ans<br \/>\nPour qui Pour Tous<br \/>\nNombre de programmes 43<br \/>\nCharge maximum 135 Kg<br \/>\nInertie des roues 14<br \/>\nFr\u00e9quence Intensif<br \/>\nPliable Non<br \/>\nDimensions<br \/>\nLargeur 60 cm<br \/>\nLongueur 102 cm<br \/>\nHauteur 158 cm<br \/>\nLogistique<br \/>\nTransport inclus en france (autres pays, nous consulter)<br \/>\nD\u00e9lai de Livraison 48 heures<br \/>\nConditionnement Carton<br \/>\nType de livraison Messagerie<\/p>\n<p>&nbsp;<\/p>\n<p>Le v\u00e9lo d\u2019appartement E80 est adapt\u00e9 aux pratiques sportives intenses. Il est dot\u00e9 de 43 programmes et de 58 niveaux de r\u00e9sistance. Son syst\u00e8me de freinage \u00e0 induction est tout puissant et son ergom\u00e8tre vous permet de suivre de pr\u00e8s vos entrainements Allie performance, autonomie et s\u00e9curit\u00e9.<\/p>\n","protected":false},"featured_media":4173,"comment_status":"closed","ping_status":"closed","template":"","meta":[],"product_brand":[],"product_cat":[169],"product_tag":[],"class_list":{"0":"post-4172","1":"product","2":"type-product","3":"status-publish","6":"product_cat-velo","8":"first","9":"instock","10":"sale","11":"taxable","12":"shipping-taxable","13":"purchasable","14":"product-type-simple"},"_links":{"self":[{"href":"https:\/\/menagers-holding.fr\/index.php?rest_route=\/wp\/v2\/product\/4172","targetHints":{"allow":["GET"]}}],"collection":[{"href":"https:\/\/menagers-holding.fr\/index.php?rest_route=\/wp\/v2\/product"}],"about":[{"href":"https:\/\/menagers-holding.fr\/index.php?rest_route=\/wp\/v2\/types\/product"}],"replies":[{"embeddable":true,"href":"https:\/\/menagers-holding.fr\/index.php?rest_route=%2Fwp%2Fv2%2Fcomments&post=4172"}],"wp:featuredmedia":[{"embeddable":true,"href":"https:\/\/menagers-holding.fr\/index.php?rest_route=\/wp\/v2\/media\/4173"}],"wp:attachment":[{"href":"https:\/\/menagers-holding.fr\/index.php?rest_route=%2Fwp%2Fv2%2Fmedia&parent=4172"}],"wp:term":[{"taxonomy":"product_brand","embeddable":true,"href":"https:\/\/menagers-holding.fr\/index.php?rest_route=%2Fwp%2Fv2%2Fproduct_brand&post=4172"},{"taxonomy":"product_cat","embeddable":true,"href":"https:\/\/menagers-holding.fr\/index.php?rest_route=%2Fwp%2Fv2%2Fproduct_cat&post=4172"},{"taxonomy":"product_tag","embeddable":true,"href":"https:\/\/menagers-holding.fr\/index.php?rest_route=%2Fwp%2Fv2%2Fproduct_tag&post=4172"}],"curies":[{"name":"wp","href":"https:\/\/api.w.org\/{rel}","templated":true}]}}