{"id":4168,"date":"2023-03-30T04:03:19","date_gmt":"2023-03-30T04:03:19","guid":{"rendered":"https:\/\/menagers-holding.fr\/?post_type=product&#038;p=4168"},"modified":"2025-09-23T08:31:51","modified_gmt":"2025-09-23T08:31:51","slug":"tapis-de-course-pliable-nautilus-t628","status":"publish","type":"product","link":"https:\/\/menagers-holding.fr\/?product=tapis-de-course-pliable-nautilus-t628","title":{"rendered":"Tapis de Course Pliable Nautilus T628"},"content":{"rendered":"<p>Marque : Nautilus.<br \/>\nNautilus.<br \/>\nLe tapis de course T628 de Nautilus r\u00e9pond aux besoins des sportifs en recherche de programmes d\u2019entra\u00eenements dynamiques avec des outils performants pour suivre leur \u00e9volution.<br \/>\nLe T628 est \u00e9quip\u00e9 d\u2019un moteur puissant et silencieux de 3,5 CV permettant de courir \u00e0 une vitesse de 0,8 \u00e0 20 km\/h avec une inclinaison entre 0 et 15%. Il dispose d\u2019un affichage console complet Nautilus Dual Track avec 2 \u00e9crans r\u00e9tro-\u00e9clair\u00e9s avec tableau graphique pour afficher 13 informations simultan\u00e9ment.<br \/>\nL\u2019\u00e9quipement sportif mesure 198 x 95,5 x 159,5 cm et offre une surface de course de 50 x 152 cm et tapis de course a\u0300 3 couches d\u2019une e\u0301paisseur de 2,5 mm. Il est \u00e9quip\u00e9 de rouleaux de 70 mm profil\u00e9s pour un centrage optimal de la bande. Son syst\u00e8me d\u2019amortissement Rebound Deck Cushioning avec alv\u00e9oles de rembourrage minimise les chocs.<br \/>\nLe tapis Nautilus comprend de nombreuses fonctionnalit\u00e9s, dont :<br \/>\n26 programmes pr\u00e9d\u00e9finis : contr\u00f4le du poids, HRC (cardio-vasculaire), etc.<br \/>\nle Nautilus Score : calcule le niveau de l&rsquo;utilisateur apr\u00e8s l\u2019entra\u00eenement de remise en forme<br \/>\nla fonction PAGER : compare en temps r\u00e9el la s\u00e9ance d&rsquo;entra\u00eenement avec les performances pass\u00e9es<br \/>\nune connexion Bluetooth : synchronise les donn\u00e9es d\u2019entra\u00eenement avec Nautilus Connect, l&rsquo;App Nautilus Trainer et MyFitnessPal<br \/>\nSon support tablette, son port USB ainsi que ses haut-parleurs avec syst\u00e8me HI-FI permettent de travailler tout en gardant un confort id\u00e9al pendant l\u2019effort. Il est aussi \u00e9quip\u00e9 d\u2019un ventilateur 3 vitesses, de porte-bouteilles et inclut un acc\u00e8s \u00e0 l\u2019app Runsocial.<br \/>\nLe tapis de course connect\u00e9 est con\u00e7u pour un usage priv\u00e9 \u00e0 domicile. Il est pliable (139,3 x 95,5 x 169 cm) et peut-\u00eatre d\u00e9plac\u00e9 gr\u00e2ce aux roues de transport pr\u00e9vues. Il supporte un poids utilisateur de 160 kg.<br \/>\nSa fabrication r\u00e9pond aux normes ISO 20957-1:2013, EN 957-6 :2010+A, CE et RoHS. Le tapis de course est garanti 2 ans.<\/p>\n<p>**Points forts :** Fiabilit\u00e9, praticit\u00e9 et prix abordable.<br \/>\n**Pourquoi choisir ce produit ?** Convient \u00e0 divers besoins du quotidien.<\/p>\n","protected":false},"excerpt":{"rendered":"<p>Informations<br \/>\nCode produit 100659<br \/>\nCaracteristiques<br \/>\nNom Fabricant Tapis de Course Pliable Nautilus T628<br \/>\nPoids 115,2 kg<br \/>\nGarantie 2 ans<br \/>\nPour qui Pour Tous<br \/>\nSurface de course (L, l) 50,8 x 152,4 cm<br \/>\nInclinaison 0-15%<br \/>\nNombre de programmes 26<br \/>\nCharge maximum 160 kg<br \/>\nFr\u00e9quence Intensif<br \/>\nPliable Oui<br \/>\nDimensions<br \/>\nLargeur 95,5 cm<br \/>\nLongueur 198 cm<br \/>\nHauteur 159,5 cm<br \/>\nLogistique<br \/>\nTransport inclus en france (autres pays, nous consulter)<br \/>\nD\u00e9lai de Livraison 48 Heures<br \/>\nConditionnement Carton<br \/>\nType de livraison Messagerie<\/p>\n<p>Le tapis de course T628 de Nautilus est pens\u00e9 pour les sportifs cherchant pousser leur performances avec des outils de suivi efficaces des entra\u00eenements. Il comporte un moteur puissant de 3,5 CV et de nombreux programmes et applications. Fiable et adapt\u00e9 \u00e0 vos besoins quotidiens.<\/p>\n","protected":false},"featured_media":4169,"comment_status":"closed","ping_status":"closed","template":"","meta":[],"product_brand":[],"product_cat":[181],"product_tag":[],"class_list":{"0":"post-4168","1":"product","2":"type-product","3":"status-publish","6":"product_cat-sport","8":"first","9":"instock","10":"sale","11":"taxable","12":"shipping-taxable","13":"purchasable","14":"product-type-simple"},"_links":{"self":[{"href":"https:\/\/menagers-holding.fr\/index.php?rest_route=\/wp\/v2\/product\/4168","targetHints":{"allow":["GET"]}}],"collection":[{"href":"https:\/\/menagers-holding.fr\/index.php?rest_route=\/wp\/v2\/product"}],"about":[{"href":"https:\/\/menagers-holding.fr\/index.php?rest_route=\/wp\/v2\/types\/product"}],"replies":[{"embeddable":true,"href":"https:\/\/menagers-holding.fr\/index.php?rest_route=%2Fwp%2Fv2%2Fcomments&post=4168"}],"wp:featuredmedia":[{"embeddable":true,"href":"https:\/\/menagers-holding.fr\/index.php?rest_route=\/wp\/v2\/media\/4169"}],"wp:attachment":[{"href":"https:\/\/menagers-holding.fr\/index.php?rest_route=%2Fwp%2Fv2%2Fmedia&parent=4168"}],"wp:term":[{"taxonomy":"product_brand","embeddable":true,"href":"https:\/\/menagers-holding.fr\/index.php?rest_route=%2Fwp%2Fv2%2Fproduct_brand&post=4168"},{"taxonomy":"product_cat","embeddable":true,"href":"https:\/\/menagers-holding.fr\/index.php?rest_route=%2Fwp%2Fv2%2Fproduct_cat&post=4168"},{"taxonomy":"product_tag","embeddable":true,"href":"https:\/\/menagers-holding.fr\/index.php?rest_route=%2Fwp%2Fv2%2Fproduct_tag&post=4168"}],"curies":[{"name":"wp","href":"https:\/\/api.w.org\/{rel}","templated":true}]}}