{"id":4153,"date":"2023-03-30T03:52:00","date_gmt":"2023-03-30T03:52:00","guid":{"rendered":"https:\/\/menagers-holding.fr\/?post_type=product&#038;p=4153"},"modified":"2025-09-24T01:44:47","modified_gmt":"2025-09-24T01:44:47","slug":"velo-elliptique-et-stepper-max-trainer-m8","status":"publish","type":"product","link":"https:\/\/menagers-holding.fr\/?product=velo-elliptique-et-stepper-max-trainer-m8","title":{"rendered":"V\u00e9lo elliptique et stepper Max Trainer M8"},"content":{"rendered":"<p>R\u00e9f\u00e9rence : MESFR20171210<br \/>\nMarque : Bowflex.<br \/>\nBowflex.<br \/>\nLe Max Trainer M8 de Bowflex est un appareil de fitness id\u00e9al pour les sportifs exigeants qui souhaitent br\u00fbler des calories, renforcer leur syst\u00e8me cardio-vasculaire, travailler l\u2019ensemble des groupes musculaires du corps et le tout sans impact.<br \/>\nLe v\u00e9lo elliptique propose 20 niveaux de r\u00e9sistance assur\u00e9s par un syst\u00e8me de freinage \u00e0 air et magn\u00e9tique motoris\u00e9. Son design confortable avec un guidon triple positions, des p\u00e9dales surdimensionn\u00e9es et un porte-tablette ajustable permet de se concentrer instantan\u00e9ment sur l\u2019exercice.<br \/>\nL\u2019appareil de fitness propose des s\u00e9ances de sport \u00e9labor\u00e9es pour obtenir les meilleurs r\u00e9sultats en peu de temps. L\u2019ordinateur de bord, Max, est dot\u00e9 de 7 programmes :<br \/>\nMax 7 minutes<br \/>\nMax 14 minutes<br \/>\nMax 21 minutes<br \/>\nconsommation de calories<br \/>\nconsommation de graisse<br \/>\nescaliers<br \/>\nmanuel<br \/>\nVous aurez aussi acc\u00e8s en bluetooth \u00e0 l\u2019app Journey pour b\u00e9n\u00e9ficier d\u2019un entra\u00eenement personnalise\u0301 ou \u00e0 l\u2019app Explore The World pour parcourir le monde avec des sessions de 4 a\u0300 30 minutes.<br \/>\nLe M8 de Bowflex mesure 121 x 78 x 165 cm et est pens\u00e9 pour \u00eatre pratique : il met \u00e0 disposition un palpeur pour contr\u00f4ler la fr\u00e9quence cardiaque, un porte-bouteille et un \u00e9cran LCD full color. Il est aussi possible de le d\u00e9placer simplement gr\u00e2ce \u00e0 ses roulettes de transport.<br \/>\nCe v\u00e9lo elliptique et stepper est conforme \u00e0 la norme DIN EN 957 de classe HB. Le poids de l&rsquo;utilisateur ne doit pas d\u00e9passer les 136 kg.<br \/>\nLa garantie est de 2 ans dans le cadre d\u2019un usage<\/p>\n<p>**Points forts :** Autonomie renforc\u00e9e, cadre robuste, s\u00e9curit\u00e9 optimale.<br \/>\n**Pourquoi choisir ce produit ?** Id\u00e9al pour les trajets quotidiens comme les balades.<\/p>\n","protected":false},"excerpt":{"rendered":"<p>Informations<br \/>\nCode produit 100880<\/p>\n<p>Caracteristiques<br \/>\nNom Fabricant V\u00e9lo elliptique et stepper Max Trainer M8<br \/>\nPoids 67 kg<br \/>\nGarantie 2 ans<br \/>\nPour qui Adulte<br \/>\nMuscles travaill\u00e9s Multifonction<br \/>\nCharge maximum 136 kg<br \/>\nPliable Non<br \/>\nFr\u00e9quence R\u00e9gulier<br \/>\nDimensions<br \/>\nLargeur 78 cm<br \/>\nLongueur 121 cm<br \/>\nHauteur 165 cm<br \/>\nLogistique<br \/>\nTransport inclus en france (autres pays, nous consulter)<br \/>\nD\u00e9lai de Livraison 48 Heures<br \/>\nColis 1 118,1 x 41,9 x 58,4 cm<br \/>\nPoids du Colis 1 36,9 kg<br \/>\nColis 2 102,9 x 68,1 x 27,9 cm<br \/>\nPoids du Colis 2 39,6 kg<br \/>\nConditionnement Carton<br \/>\nType de livraison Messagerie<\/p>\n<p>Ce mod\u00e8le haut de gamme de Bowflex a la particularit\u00e9 d\u2019offrir deux machines performantes en une seule. Le Maxtrainer M8 mesure 121 x 78 x 165 cm et est parfait pour les sportifs exigeants qui recherchent des exercices vari\u00e9s et sans impact. Allie performance, autonomie et s\u00e9curit\u00e9.<\/p>\n","protected":false},"featured_media":4977,"comment_status":"closed","ping_status":"closed","template":"","meta":[],"product_brand":[],"product_cat":[169],"product_tag":[],"class_list":{"0":"post-4153","1":"product","2":"type-product","3":"status-publish","6":"product_cat-velo","8":"first","9":"instock","10":"sale","11":"taxable","12":"shipping-taxable","13":"purchasable","14":"product-type-simple"},"_links":{"self":[{"href":"https:\/\/menagers-holding.fr\/index.php?rest_route=\/wp\/v2\/product\/4153","targetHints":{"allow":["GET"]}}],"collection":[{"href":"https:\/\/menagers-holding.fr\/index.php?rest_route=\/wp\/v2\/product"}],"about":[{"href":"https:\/\/menagers-holding.fr\/index.php?rest_route=\/wp\/v2\/types\/product"}],"replies":[{"embeddable":true,"href":"https:\/\/menagers-holding.fr\/index.php?rest_route=%2Fwp%2Fv2%2Fcomments&post=4153"}],"wp:featuredmedia":[{"embeddable":true,"href":"https:\/\/menagers-holding.fr\/index.php?rest_route=\/wp\/v2\/media\/4977"}],"wp:attachment":[{"href":"https:\/\/menagers-holding.fr\/index.php?rest_route=%2Fwp%2Fv2%2Fmedia&parent=4153"}],"wp:term":[{"taxonomy":"product_brand","embeddable":true,"href":"https:\/\/menagers-holding.fr\/index.php?rest_route=%2Fwp%2Fv2%2Fproduct_brand&post=4153"},{"taxonomy":"product_cat","embeddable":true,"href":"https:\/\/menagers-holding.fr\/index.php?rest_route=%2Fwp%2Fv2%2Fproduct_cat&post=4153"},{"taxonomy":"product_tag","embeddable":true,"href":"https:\/\/menagers-holding.fr\/index.php?rest_route=%2Fwp%2Fv2%2Fproduct_tag&post=4153"}],"curies":[{"name":"wp","href":"https:\/\/api.w.org\/{rel}","templated":true}]}}