{"id":4141,"date":"2023-03-30T03:37:53","date_gmt":"2023-03-30T03:37:53","guid":{"rendered":"https:\/\/menagers-holding.fr\/?post_type=product&#038;p=4141"},"modified":"2025-09-24T02:06:18","modified_gmt":"2025-09-24T02:06:18","slug":"velo-elliptique-aquatique-elly-100-en-acier-inox","status":"publish","type":"product","link":"https:\/\/menagers-holding.fr\/?product=velo-elliptique-aquatique-elly-100-en-acier-inox","title":{"rendered":"V\u00e9lo Elliptique Aquatique Elly 100% en Acier Inox"},"content":{"rendered":"<p>L&rsquo;aquabike elliptique Elly est con\u00e7u pour un usage r\u00e9gulier. Cet appareil est simple d\u2019utilisation et vous garantit des r\u00e9sultats exceptionnels.<br \/>\nLes caract\u00e9ristiques techniques de ce v\u00e9lo elliptique sont pens\u00e9es pour vous offrir des mouvements fluides qui font travailler pr\u00e8s de 80% des muscles de votre corps. Cet \u00e9quipement est con\u00e7u 100% en acier inoxydable et peut \u00eatre utilis\u00e9 en eau de mer, chlor\u00e9e ou thermale sans cr\u00e9er de dommages \u00e0 votre appareil. Il peut \u00eatre plac\u00e9 sur n\u2019importe quelle surface ( PVC, carrelage, polyester..). Cet acier est bross\u00e9 avec traitement anticorrosion.<br \/>\nGr\u00e2ce aux roulements \u00e0 billes \u00e9tanches du v\u00e9lo, le p\u00e9dalage est confortable sous l\u2019eau. Les p\u00e9dales en PVC sont larges, utilisables pieds-nus sans aucun probl\u00e8me et disposent d\u2019un angle d\u2019inclinaison pour faire travailler vos jambes de mani\u00e8re optimale.<br \/>\nLe v\u00e9lo dispose d\u2019un guidon ergonomique central fixe et d\u2019un second guidon oscillant vous permettant de travailler vos bras \u00e9galement lors de vos s\u00e9ances. Le Elly poss\u00e8de des patins de stabilit\u00e9 et de protections anti-rayures pour pr\u00e9server votre bassin.<br \/>\nIl mesure 56x112x175 cm et ne p\u00e8se que 26 Kg.<br \/>\nLe v\u00e9lo elliptique Elly r\u00e9pond aux normes de fabrication CE-EN 957-1. Il est garanti 3 ans pour la structure m\u00e9tallique et 6 mois pour les pi\u00e8ces d\u2019usure.<\/p>\n<p>**Points forts :** Fiabilit\u00e9, praticit\u00e9 et prix abordable.<br \/>\n**Pourquoi choisir ce produit ?** Convient \u00e0 divers besoins du quotidien.<\/p>\n","protected":false},"excerpt":{"rendered":"<p>Caracteristiques<br \/>\nNom Fabricant V\u00e9lo Elliptique Aquatique Elly 100% en Acier Inox<br \/>\nPoids 26 Kg<br \/>\nGarantie 3ans (structure m\u00e9tallique)<br \/>\nPour qui Pour Tous<br \/>\nInclinaison Inclinaison p\u00e9dales<br \/>\nType de roulement Roulement \u00e0 bille sur roues blanches anti-rayure, d\u00e9placement facilit\u00e9<br \/>\nPliable Non<br \/>\nFr\u00e9quence R\u00e9gulier<br \/>\nProfondeur 0.90 m \u00e0 1,50 m<br \/>\nDimensions<br \/>\nLargeur 112 cm<br \/>\nLongueur 56 cm<br \/>\nHauteur 175 cm<br \/>\nLogistique<br \/>\nTransport inclus en france (autres pays, nous consulter)<br \/>\nD\u00e9lai de Livraison 48 Heures<br \/>\nConditionnement Carton<br \/>\nType de livraison Messagerie<\/p>\n<p>&nbsp;<\/p>\n<p>Ce v\u00e9lo elliptique de piscine en acier inoxydable vous permet de travailler votre cardio et d\u2019affiner votre silhouette, tout en vous amusant Fiable et adapt\u00e9 \u00e0 vos besoins quotidiens.<\/p>\n","protected":false},"featured_media":4983,"comment_status":"closed","ping_status":"closed","template":"","meta":[],"product_brand":[],"product_cat":[181],"product_tag":[],"class_list":{"0":"post-4141","1":"product","2":"type-product","3":"status-publish","6":"product_cat-sport","8":"first","9":"instock","10":"sale","11":"taxable","12":"shipping-taxable","13":"purchasable","14":"product-type-simple"},"_links":{"self":[{"href":"https:\/\/menagers-holding.fr\/index.php?rest_route=\/wp\/v2\/product\/4141","targetHints":{"allow":["GET"]}}],"collection":[{"href":"https:\/\/menagers-holding.fr\/index.php?rest_route=\/wp\/v2\/product"}],"about":[{"href":"https:\/\/menagers-holding.fr\/index.php?rest_route=\/wp\/v2\/types\/product"}],"replies":[{"embeddable":true,"href":"https:\/\/menagers-holding.fr\/index.php?rest_route=%2Fwp%2Fv2%2Fcomments&post=4141"}],"wp:featuredmedia":[{"embeddable":true,"href":"https:\/\/menagers-holding.fr\/index.php?rest_route=\/wp\/v2\/media\/4983"}],"wp:attachment":[{"href":"https:\/\/menagers-holding.fr\/index.php?rest_route=%2Fwp%2Fv2%2Fmedia&parent=4141"}],"wp:term":[{"taxonomy":"product_brand","embeddable":true,"href":"https:\/\/menagers-holding.fr\/index.php?rest_route=%2Fwp%2Fv2%2Fproduct_brand&post=4141"},{"taxonomy":"product_cat","embeddable":true,"href":"https:\/\/menagers-holding.fr\/index.php?rest_route=%2Fwp%2Fv2%2Fproduct_cat&post=4141"},{"taxonomy":"product_tag","embeddable":true,"href":"https:\/\/menagers-holding.fr\/index.php?rest_route=%2Fwp%2Fv2%2Fproduct_tag&post=4141"}],"curies":[{"name":"wp","href":"https:\/\/api.w.org\/{rel}","templated":true}]}}