{"id":4131,"date":"2023-03-30T03:26:52","date_gmt":"2023-03-30T03:26:52","guid":{"rendered":"https:\/\/menagers-holding.fr\/?post_type=product&#038;p=4131"},"modified":"2025-09-24T01:49:14","modified_gmt":"2025-09-24T01:49:14","slug":"cage-de-rangement-a-ballons","status":"publish","type":"product","link":"https:\/\/menagers-holding.fr\/?product=cage-de-rangement-a-ballons","title":{"rendered":"Cage de rangement \u00e0 ballons"},"content":{"rendered":"<p>R\u00e9f\u00e9rence : MESFR20171010<br \/>\nMarque : Powershot<br \/>\nPowershot<br \/>\nCette cage de rangement multi-usages permet de stocker des ballons ou tout autre mat\u00e9riel. La cage dispose de roues et peut donc \u00eatre d\u00e9plac\u00e9e en toute simplicit\u00e9.<br \/>\nFabriqu\u00e9e en acier peint de couleur bleue, la cage de rangement peut contenir jusqu&rsquo;\u00e0 25 ballons, ce qui en fait un \u00e9quipement id\u00e9al pour les clubs et collectivit\u00e9s. La cage peut d&rsquo;ailleurs \u00eatre verrouill\u00e9e par un cadenas.<br \/>\nLes dimensions de la cage sont de 96 x 77 x 79 cm.<br \/>\nLa garantie est de 2 ans.<\/p>\n<p>**Points forts :** Fiabilit\u00e9, praticit\u00e9 et prix abordable.<br \/>\n**Pourquoi choisir ce produit ?** Convient \u00e0 divers besoins du quotidien.<\/p>\n","protected":false},"excerpt":{"rendered":"<p>Informations<br \/>\nCode produit TA141<br \/>\nCaracteristiques<br \/>\nNom Fabricant Cage de rangement \u00e0 ballons<br \/>\nGarantie 2 ans<br \/>\nMati\u00e8re Acier<br \/>\nPour qui Pour Tous<br \/>\nEquipement de football Equipement du terrain<br \/>\nNiveau Tous niveaux<br \/>\nDimensions<br \/>\nLargeur 77 cm<br \/>\nLongueur 79 m<br \/>\nHauteur 96 cm<br \/>\nLogistique<br \/>\nTransport inclus en france (autres pays, nous consulter)<br \/>\nD\u00e9lai de Livraison 2 semaines<br \/>\nType de livraison Affr\u00e8tement Fiable et adapt\u00e9 \u00e0 vos besoins quotidiens.<\/p>\n","protected":false},"featured_media":4980,"comment_status":"closed","ping_status":"closed","template":"","meta":[],"product_brand":[],"product_cat":[181],"product_tag":[],"class_list":{"0":"post-4131","1":"product","2":"type-product","3":"status-publish","6":"product_cat-sport","8":"first","9":"instock","10":"sale","11":"taxable","12":"shipping-taxable","13":"purchasable","14":"product-type-simple"},"_links":{"self":[{"href":"https:\/\/menagers-holding.fr\/index.php?rest_route=\/wp\/v2\/product\/4131","targetHints":{"allow":["GET"]}}],"collection":[{"href":"https:\/\/menagers-holding.fr\/index.php?rest_route=\/wp\/v2\/product"}],"about":[{"href":"https:\/\/menagers-holding.fr\/index.php?rest_route=\/wp\/v2\/types\/product"}],"replies":[{"embeddable":true,"href":"https:\/\/menagers-holding.fr\/index.php?rest_route=%2Fwp%2Fv2%2Fcomments&post=4131"}],"wp:featuredmedia":[{"embeddable":true,"href":"https:\/\/menagers-holding.fr\/index.php?rest_route=\/wp\/v2\/media\/4980"}],"wp:attachment":[{"href":"https:\/\/menagers-holding.fr\/index.php?rest_route=%2Fwp%2Fv2%2Fmedia&parent=4131"}],"wp:term":[{"taxonomy":"product_brand","embeddable":true,"href":"https:\/\/menagers-holding.fr\/index.php?rest_route=%2Fwp%2Fv2%2Fproduct_brand&post=4131"},{"taxonomy":"product_cat","embeddable":true,"href":"https:\/\/menagers-holding.fr\/index.php?rest_route=%2Fwp%2Fv2%2Fproduct_cat&post=4131"},{"taxonomy":"product_tag","embeddable":true,"href":"https:\/\/menagers-holding.fr\/index.php?rest_route=%2Fwp%2Fv2%2Fproduct_tag&post=4131"}],"curies":[{"name":"wp","href":"https:\/\/api.w.org\/{rel}","templated":true}]}}