{"id":4127,"date":"2023-03-30T03:22:36","date_gmt":"2023-03-30T03:22:36","guid":{"rendered":"https:\/\/menagers-holding.fr\/?post_type=product&#038;p=4127"},"modified":"2025-09-21T04:32:04","modified_gmt":"2025-09-21T04:32:04","slug":"bmx-freestyle-20-pouces-rock-reference-mesfr20170140","status":"publish","type":"product","link":"https:\/\/menagers-holding.fr\/?product=bmx-freestyle-20-pouces-rock-reference-mesfr20170140","title":{"rendered":"BMX freestyle 20 pouces Rock R\u00e9f\u00e9rence : MESFR20170140"},"content":{"rendered":"<p>Votre BMX Freestyle Rock est id\u00e9al pour la pratique acrobatique. Il poss\u00e8de des roues de 20 pouces, 48 rayons et des axes roues de 10 mm.<\/p>\n<p>&nbsp;<\/p>\n<p>Le BMX freestyle Rock se d\u00e9marque par son style atypique et est id\u00e9al la pratique de figures acrobatiques pour un ado mesurant 1,40 m \u00e0 1,75 m. Son cadre en acier soud\u00e9 TIG lui assure une grande r\u00e9sistance aux chocs pour un poids de 15 kg.<br \/>\nLe BMX Magic est \u00e9quip\u00e9 de roues de 20 pouces avec 48 rayons crois\u00e9s, ce qui leurs permet d\u2019\u00eatre r\u00e9sistantes et durable m\u00eame avec une utilisation intensive. Elles poss\u00e8dent un axe de 10 mm et des jantes noires en aluminium.<br \/>\nCe v\u00e9lo est pourvu d\u2019un guidon Oryg Gyro Rotor 360\u00b0 et de repose-pieds avant et arri\u00e8re pour de belles figures en freestyle. Il poss\u00e8de \u00e9galement des freins V-brakes, efficaces et faciles \u00e0 entretenir avec des leviers de frein en aluminium.<br \/>\nLe v\u00e9lo est muni d\u2019un garde-chaine et est livr\u00e9 pr\u00e9-mont\u00e9 avec sa notice explicative.<br \/>\nLa garantie est de 2 ans sauf pour les pi\u00e8ces d&rsquo;usure.<br \/>\nAttention :<br \/>\nIl est obligatoire de faire identifier votre v\u00e9lo d\u00e8s sa r\u00e9ception par un num\u00e9ro Bicycode\u00ae et de l\u2019enregistrer dans le fichier national. Cette prestation est r\u00e9alis\u00e9e par un professionnel : sur pr\u00e9sentation de la facture nous nous engageons \u00e0 vous rembourser un forfait de 15 \u20ac TTC maximum.<br \/>\nAfin de b\u00e9n\u00e9ficier de toutes les clauses de la garantie il est imp\u00e9ratif de faire r\u00e9gler le v\u00e9lo par un v\u00e9lociste avant la premi\u00e8re utilisation. Nous vous offrons un forfait de contr\u00f4le de 30 \u20ac TTC sur simple pr\u00e9sentation de la facture du professionnel.<\/p>\n<p>**Points forts :** Autonomie renforc\u00e9e, cadre robuste, s\u00e9curit\u00e9 optimale.<br \/>\n**Pourquoi choisir ce produit ?** Id\u00e9al pour les trajets quotidiens comme les balades.<\/p>\n","protected":false},"excerpt":{"rendered":"<p>Informations<br \/>\nCode produit ROC20<br \/>\nCaracteristiques<br \/>\nPoids 15 kg<br \/>\nGarantie 2 ans<br \/>\nPour qui Pour Tous<br \/>\nType de cadre Acier<br \/>\nSuspension Sans Suspension<br \/>\nType de frein Frein V-brake<br \/>\nVitesse Mono<br \/>\nDimensions<br \/>\nTaille de roue 20&Prime;<br \/>\nLogistique<br \/>\nTransport inclus en france belgique (autres pays, nous consulter)<br \/>\nD\u00e9lai de Livraison 48 Heures<br \/>\nConditionnement Carton<br \/>\nType de livraison Messagerie<br \/>\nDescription<br \/>\nD\u00e9tails techniques Allie performance, autonomie et s\u00e9curit\u00e9.<\/p>\n","protected":false},"featured_media":4128,"comment_status":"closed","ping_status":"closed","template":"","meta":[],"product_brand":[],"product_cat":[169],"product_tag":[],"class_list":{"0":"post-4127","1":"product","2":"type-product","3":"status-publish","6":"product_cat-velo","8":"first","9":"instock","10":"sale","11":"taxable","12":"shipping-taxable","13":"purchasable","14":"product-type-simple"},"_links":{"self":[{"href":"https:\/\/menagers-holding.fr\/index.php?rest_route=\/wp\/v2\/product\/4127","targetHints":{"allow":["GET"]}}],"collection":[{"href":"https:\/\/menagers-holding.fr\/index.php?rest_route=\/wp\/v2\/product"}],"about":[{"href":"https:\/\/menagers-holding.fr\/index.php?rest_route=\/wp\/v2\/types\/product"}],"replies":[{"embeddable":true,"href":"https:\/\/menagers-holding.fr\/index.php?rest_route=%2Fwp%2Fv2%2Fcomments&post=4127"}],"wp:featuredmedia":[{"embeddable":true,"href":"https:\/\/menagers-holding.fr\/index.php?rest_route=\/wp\/v2\/media\/4128"}],"wp:attachment":[{"href":"https:\/\/menagers-holding.fr\/index.php?rest_route=%2Fwp%2Fv2%2Fmedia&parent=4127"}],"wp:term":[{"taxonomy":"product_brand","embeddable":true,"href":"https:\/\/menagers-holding.fr\/index.php?rest_route=%2Fwp%2Fv2%2Fproduct_brand&post=4127"},{"taxonomy":"product_cat","embeddable":true,"href":"https:\/\/menagers-holding.fr\/index.php?rest_route=%2Fwp%2Fv2%2Fproduct_cat&post=4127"},{"taxonomy":"product_tag","embeddable":true,"href":"https:\/\/menagers-holding.fr\/index.php?rest_route=%2Fwp%2Fv2%2Fproduct_tag&post=4127"}],"curies":[{"name":"wp","href":"https:\/\/api.w.org\/{rel}","templated":true}]}}