{"id":4117,"date":"2023-03-30T03:14:00","date_gmt":"2023-03-30T03:14:00","guid":{"rendered":"https:\/\/menagers-holding.fr\/?post_type=product&#038;p=4117"},"modified":"2025-09-21T04:32:04","modified_gmt":"2025-09-21T04:32:04","slug":"tricycle-standard-pour-adulte-24-pouces-3-vitesses","status":"publish","type":"product","link":"https:\/\/menagers-holding.fr\/?product=tricycle-standard-pour-adulte-24-pouces-3-vitesses","title":{"rendered":"Tricycle Standard pour adulte 24 pouces 3 vitesses"},"content":{"rendered":"<p>R\u00e9f\u00e9rence : MESFR20170193<br \/>\nMarque : Descheemaeker<br \/>\nDescheemaeker<br \/>\nCe tricycle dispose d&rsquo;un cadre renforc\u00e9 en acier de 38 cm de hauteur. Il mesure 185 x 75 cm (longueur x largeur) et p\u00e8se 28,5 kg. Dans un soucis d&rsquo;accessibilit\u00e9, il dispose d&rsquo;un marchepied tr\u00e8s bas (19 cm) afin de monter et descendre facilement. Il est aussi \u00e9quip\u00e9 de 3 vitesses Sturney Archer (transmission sur une roue), de roues 24 pouces dot\u00e9es de jantes en alu et de pneus r\u00e9fl\u00e9chissants (24 x 1.75).<br \/>\nLe tricycle adulte noir est id\u00e9al pour effectuer des trajets urbains avec son panier m\u00e9tallique, ses garde-boue et son \u00e9clairage \u00e0 pile. Sa potence r\u00e9glable permet d&rsquo;adopter une position confortable et diminuer la tension des mains et des bras et il est muni \u00e0 l&rsquo;avant d&rsquo;un frein V-brake et de freins \u00e0 tambour \u00e0 l&rsquo;arri\u00e8re.<br \/>\nLe tricycle Standard est garanti 2 ans (hors pi\u00e8ce d&rsquo;usure).<br \/>\nModalit\u00e9s de montage<\/p>\n<p>Le montage doit \u00eatre r\u00e9alis\u00e9 par un professionnel averti : il sera n\u00e9cessaire d&rsquo;effectuer le c\u00e2blage, le montage des roues et l&rsquo;installation de l\u2019axe, du guidon et des p\u00e9dales. Notez qu&rsquo;aucun support technique ne pourra \u00eatre fourni aux particuliers souhaitant prendre en charge le montage \u00e0 domicile. Pour v\u00e9rifier que tout est correctement finalis\u00e9, nous remboursons un forfait de 40 \u20ac TTC maximum pour un contr\u00f4le avant la premi\u00e8re utilisation, sur pr\u00e9sentation de la facture du v\u00e9lociste.<br \/>\nIl est obligatoire de faire identifier votre v\u00e9lo d\u00e8s sa r\u00e9ception par un num\u00e9ro Bicycode\u00ae et de l\u2019enregistrer dans le fichier national. Cette prestation est r\u00e9alis\u00e9e par un professionnel : sur pr\u00e9sentation de la facture nous nous engageons \u00e0 vous rembourser un forfait de 15 \u20ac TTC maximum.<\/p>\n<p>**Points forts :** Autonomie renforc\u00e9e, cadre robuste, s\u00e9curit\u00e9 optimale.<br \/>\n**Pourquoi choisir ce produit ?** Id\u00e9al pour les trajets quotidiens comme les balades.<\/p>\n","protected":false},"excerpt":{"rendered":"<p>Informations<br \/>\nCode produit 3WECO<br \/>\nCaracteristiques<br \/>\nNom Fabricant Tricycle Standard pour adulte 24 pouces 3 vitesses<br \/>\nPoids 28,5 Kg<br \/>\nGarantie 2 ans<br \/>\nPour qui Adulte<br \/>\nType de cadre Acier<\/p>\n<p>&nbsp;<\/p>\n<p>Ce mod\u00e8le tricycle \u00e0 marchepied bas (19cm) est muni de 3 vitesses Sturney Archer, d&rsquo;un frein V-brake avant et d&rsquo;un frein arri\u00e8re \u00e0 tambour. Il est pratique pour vos d\u00e9placements quotidiens grace \u00e0 son panier m\u00e9tallique qui facilite le transport d&rsquo;affaires.<br \/>\nType de frein Frein V-brake<br \/>\nDimensions<br \/>\nTaille de roue 24&Prime;<br \/>\nLogistique<br \/>\nTransport inclus en france (autres pays, nous consulter)<br \/>\nD\u00e9lai de Livraison 48 Heures<br \/>\nConditionnement Carton<br \/>\nType de livraison Affr\u00e8tement Allie performance, autonomie et s\u00e9curit\u00e9.<\/p>\n","protected":false},"featured_media":4118,"comment_status":"closed","ping_status":"closed","template":"","meta":[],"product_brand":[],"product_cat":[169],"product_tag":[],"class_list":{"0":"post-4117","1":"product","2":"type-product","3":"status-publish","6":"product_cat-velo","8":"first","9":"instock","10":"sale","11":"taxable","12":"shipping-taxable","13":"purchasable","14":"product-type-simple"},"_links":{"self":[{"href":"https:\/\/menagers-holding.fr\/index.php?rest_route=\/wp\/v2\/product\/4117","targetHints":{"allow":["GET"]}}],"collection":[{"href":"https:\/\/menagers-holding.fr\/index.php?rest_route=\/wp\/v2\/product"}],"about":[{"href":"https:\/\/menagers-holding.fr\/index.php?rest_route=\/wp\/v2\/types\/product"}],"replies":[{"embeddable":true,"href":"https:\/\/menagers-holding.fr\/index.php?rest_route=%2Fwp%2Fv2%2Fcomments&post=4117"}],"wp:featuredmedia":[{"embeddable":true,"href":"https:\/\/menagers-holding.fr\/index.php?rest_route=\/wp\/v2\/media\/4118"}],"wp:attachment":[{"href":"https:\/\/menagers-holding.fr\/index.php?rest_route=%2Fwp%2Fv2%2Fmedia&parent=4117"}],"wp:term":[{"taxonomy":"product_brand","embeddable":true,"href":"https:\/\/menagers-holding.fr\/index.php?rest_route=%2Fwp%2Fv2%2Fproduct_brand&post=4117"},{"taxonomy":"product_cat","embeddable":true,"href":"https:\/\/menagers-holding.fr\/index.php?rest_route=%2Fwp%2Fv2%2Fproduct_cat&post=4117"},{"taxonomy":"product_tag","embeddable":true,"href":"https:\/\/menagers-holding.fr\/index.php?rest_route=%2Fwp%2Fv2%2Fproduct_tag&post=4117"}],"curies":[{"name":"wp","href":"https:\/\/api.w.org\/{rel}","templated":true}]}}