{"id":4107,"date":"2023-03-28T18:27:14","date_gmt":"2023-03-28T18:27:14","guid":{"rendered":"https:\/\/menagers-holding.fr\/?post_type=product&#038;p=4107"},"modified":"2025-09-23T08:33:00","modified_gmt":"2025-09-23T08:33:00","slug":"waterrower-rameur-serie-s1-acier-inoxydable-moniteur-s4","status":"publish","type":"product","link":"https:\/\/menagers-holding.fr\/?product=waterrower-rameur-serie-s1-acier-inoxydable-moniteur-s4","title":{"rendered":"WATERROWER RAMEUR S\u00c9RIE S1 ACIER INOXYDABLE &#8211; MONITEUR S4"},"content":{"rendered":"<p>Rameur double rails S\u00e9rie S1 en acier inoxydable avec r\u00e9sistance \u00e0 eau. Inclus avec le moniteur performance S4 affiche le temps, la distance, l&rsquo;intensit\u00e9, la fr\u00e9quence des mouvements et la fr\u00e9quence cardiaque si option \u00ab kit cardio \u00bb.<br \/>\nPeu encombrant, se range \u00e0 la verticale apr\u00e8s utilisation.<\/p>\n<p>WaterRower est l\u2019inventeur du rameur qui utilise une technologie bas\u00e9e sur le principe de r\u00e9sistance \u00e0 eau et sp\u00e9cifiquement pens\u00e9e pour reproduire la dynamique physique d\u2019un aviron qui glisse sur l\u2019eau. Silencieux, seul le battement de l\u2019eau est perceptible pour une ambiance 100% bien-\u00eatre.<\/p>\n<p>L\u2019EXERCICE PARFAIT<\/p>\n<p>Lors d\u2019une s\u00e9ance sur une WaterRower pr\u00e8s 84% de votre masse musculaire travaillent simultan\u00e9ment. Exercice autonome \u00e0 100%.<\/p>\n<p>LES SENSATIONS DE L\u2019AVIRON<\/p>\n<p>Il reproduit le plus fid\u00e8lement la dynamique d\u2019un aviron qui glisse sur l\u2019eau.<\/p>\n<p>R\u00c9SISTANCE \u00c0 EAU<\/p>\n<p>Une technologie unique avec sa WaterFlyWheel brevet\u00e9e pour des mouvements fluides, sans impact ni torsion. La r\u00e9sistance est autor\u00e9gulatrice.<\/p>\n<p>EFFICACE EN UN MINIMUM DE TEMPS<\/p>\n<p>Les b\u00e9n\u00e9fices du WaterRower restent in\u00e9gal\u00e9s quant \u00e0 la capacit\u00e9 \u00e0 br\u00fbler un maximum de calories et de maximiser son effort sur une dur\u00e9e d\u2019exercice r\u00e9duite.<\/p>\n<p>COMPACT ET MOBILE<\/p>\n<p>Facile \u00e0 ranger et peu encombrant, il se range \u00e0 la verticale et ne pend pas plus de place qu&rsquo;une chaise contre un mur.<\/p>\n<p>SILENCIEUX ET DESIGN<\/p>\n<p>Seul le battement de l&rsquo;eau est perceptible pour une ambiance 100% bien-\u00eatre. R\u00e9v\u00e9l\u00e9 et salu\u00e9 pour son style unique, il a \u00e9t\u00e9 r\u00e9compens\u00e9 pous ses lignes pures par les professionnels du design.<\/p>\n<p>DIMENSIONS \/ POIDS<\/p>\n<p>Longueur: 210 cm<br \/>\nLargeur: 56 cm<br \/>\nHauteur: 53 cm<br \/>\nPoids: 45 kg<br \/>\nHauteur d&rsquo;assise: 31 cm<br \/>\nPoids Utilisateur Max: 180 kg<br \/>\nLivr\u00e9 pr\u00e9mont\u00e9 en 2 cartons :<br \/>\nDimensions Carton 1 : 71 x 61 x 61 cm &#8211; Poids 29 kg<br \/>\nDimensions Carton 2 : 216 x 17 x 9 cm &#8211; Poids 18 kg<\/p>\n<p>**Points forts :** R\u00e9sistant aux conditions ext\u00e9rieures, facile d\u2019entretien.<br \/>\n**Pourquoi choisir ce produit ?** Parfait pour profiter de votre ext\u00e9rieur en toute s\u00e9r\u00e9nit\u00e9.<\/p>\n","protected":false},"excerpt":{"rendered":"<p>Robuste, pratique et adapt\u00e9 \u00e0 l\u2019ext\u00e9rieur.<\/p>\n","protected":false},"featured_media":4108,"comment_status":"closed","ping_status":"closed","template":"","meta":[],"product_brand":[],"product_cat":[181,157],"product_tag":[],"class_list":{"0":"post-4107","1":"product","2":"type-product","3":"status-publish","6":"product_cat-sport","7":"product_cat-terrasse-et-jardin","9":"first","10":"instock","11":"sale","12":"taxable","13":"shipping-taxable","14":"purchasable","15":"product-type-simple"},"_links":{"self":[{"href":"https:\/\/menagers-holding.fr\/index.php?rest_route=\/wp\/v2\/product\/4107","targetHints":{"allow":["GET"]}}],"collection":[{"href":"https:\/\/menagers-holding.fr\/index.php?rest_route=\/wp\/v2\/product"}],"about":[{"href":"https:\/\/menagers-holding.fr\/index.php?rest_route=\/wp\/v2\/types\/product"}],"replies":[{"embeddable":true,"href":"https:\/\/menagers-holding.fr\/index.php?rest_route=%2Fwp%2Fv2%2Fcomments&post=4107"}],"wp:featuredmedia":[{"embeddable":true,"href":"https:\/\/menagers-holding.fr\/index.php?rest_route=\/wp\/v2\/media\/4108"}],"wp:attachment":[{"href":"https:\/\/menagers-holding.fr\/index.php?rest_route=%2Fwp%2Fv2%2Fmedia&parent=4107"}],"wp:term":[{"taxonomy":"product_brand","embeddable":true,"href":"https:\/\/menagers-holding.fr\/index.php?rest_route=%2Fwp%2Fv2%2Fproduct_brand&post=4107"},{"taxonomy":"product_cat","embeddable":true,"href":"https:\/\/menagers-holding.fr\/index.php?rest_route=%2Fwp%2Fv2%2Fproduct_cat&post=4107"},{"taxonomy":"product_tag","embeddable":true,"href":"https:\/\/menagers-holding.fr\/index.php?rest_route=%2Fwp%2Fv2%2Fproduct_tag&post=4107"}],"curies":[{"name":"wp","href":"https:\/\/api.w.org\/{rel}","templated":true}]}}