{"id":4102,"date":"2023-03-28T17:44:51","date_gmt":"2023-03-28T17:44:51","guid":{"rendered":"https:\/\/menagers-holding.fr\/?post_type=product&#038;p=4102"},"modified":"2025-09-23T08:42:01","modified_gmt":"2025-09-23T08:42:01","slug":"climatiseur-monobloc-10-hp-dc-inverter-avec-wifi-vertical","status":"publish","type":"product","link":"https:\/\/menagers-holding.fr\/?product=climatiseur-monobloc-10-hp-dc-inverter-avec-wifi-vertical","title":{"rendered":"Climatiseur monobloc 10 HP DC Inverter avec Wifi vertical Split"},"content":{"rendered":"<p>D\u00e9tails du produit<\/p>\n<p>Informations sur le produit<\/p>\n<p>Climatiseur monobloc 10 HP DC Inverter avec Wifi<br \/>\nvertical<\/p>\n<p>&nbsp;<\/p>\n<p>Sp\u00e9cifications techniques<\/p>\n<p>Type d&rsquo;article Climatiseur monobloc<br \/>\nMarque Klimea<br \/>\nGamme Monobloc<br \/>\nNom\/num\u00e9ro de mod\u00e8le Klimea 10 HP vertical<br \/>\nFonction(s) Chaud\/Froid<br \/>\nLieu d&rsquo;utilisation Int\u00e9rieur<br \/>\nVolume de pi\u00e8ce adapt\u00e9e 33m\u00b3<br \/>\nNombre de vitesses r\u00e9glables 3 vitesses<br \/>\nCapacit\u00e9 de d\u00e9shumidification 0.8L\/hr<br \/>\nNiveau de bruit 26dB(A)<br \/>\nType de r\u00e9frig\u00e9rant R410A<br \/>\nT\u00e9l\u00e9command\u00e9 T\u00e9l\u00e9command\u00e9<br \/>\nCoefficient de performance (COP) 3.1<br \/>\nCoefficient d&rsquo;efficacit\u00e9 frigorifique (EER) 2.72<br \/>\nCouleur Blanc<br \/>\nLargeur (cm) 50cm<br \/>\nHauteur (cm) 139.8cm<br \/>\nProfondeur (cm) 18.5cm<br \/>\nInclus Gabarit de pose, clapet entr\u00e9e\/sortie d&rsquo;air, support de fixation murale, 6 chevilles + vis, 2 feuilles PVC pour travaers\u00e9e de mur<br \/>\nRaccords et fixations inclus Accessoires de montage<br \/>\nD\u00e9tails de garantie Fabricant<br \/>\nGarantie fabricant 2 ans<br \/>\nPoids du produit 53kg<br \/>\nR\u00e9f\u00e9rence produit 3701086105616<\/p>\n<p>**Points forts :** Puissant, silencieux et \u00e9conomique.<br \/>\n**Pourquoi choisir ce produit ?** Pour un confort optimal toute l\u2019ann\u00e9e.<\/p>\n","protected":false},"excerpt":{"rendered":"<p>Caract\u00e9ristiques et avantages<\/p>\n<p>Sans unit\u00e9 ext\u00e9rieure<br \/>\nLe plus silencieux du march\u00e9<br \/>\nPas besoin de professionnel certifi\u00e9 F-GAZ pour l&rsquo;installation<br \/>\nConnectivit\u00e9 wi-fi de s\u00e9rie Con\u00e7u pour le confort, la puissance et la faible consommation.<\/p>\n","protected":false},"featured_media":4103,"comment_status":"closed","ping_status":"closed","template":"","meta":[],"product_brand":[],"product_cat":[165,180],"product_tag":[],"class_list":{"0":"post-4102","1":"product","2":"type-product","3":"status-publish","6":"product_cat-climatiseur","7":"product_cat-electromenagers","9":"first","10":"instock","11":"sale","12":"taxable","13":"shipping-taxable","14":"purchasable","15":"product-type-simple"},"_links":{"self":[{"href":"https:\/\/menagers-holding.fr\/index.php?rest_route=\/wp\/v2\/product\/4102","targetHints":{"allow":["GET"]}}],"collection":[{"href":"https:\/\/menagers-holding.fr\/index.php?rest_route=\/wp\/v2\/product"}],"about":[{"href":"https:\/\/menagers-holding.fr\/index.php?rest_route=\/wp\/v2\/types\/product"}],"replies":[{"embeddable":true,"href":"https:\/\/menagers-holding.fr\/index.php?rest_route=%2Fwp%2Fv2%2Fcomments&post=4102"}],"wp:featuredmedia":[{"embeddable":true,"href":"https:\/\/menagers-holding.fr\/index.php?rest_route=\/wp\/v2\/media\/4103"}],"wp:attachment":[{"href":"https:\/\/menagers-holding.fr\/index.php?rest_route=%2Fwp%2Fv2%2Fmedia&parent=4102"}],"wp:term":[{"taxonomy":"product_brand","embeddable":true,"href":"https:\/\/menagers-holding.fr\/index.php?rest_route=%2Fwp%2Fv2%2Fproduct_brand&post=4102"},{"taxonomy":"product_cat","embeddable":true,"href":"https:\/\/menagers-holding.fr\/index.php?rest_route=%2Fwp%2Fv2%2Fproduct_cat&post=4102"},{"taxonomy":"product_tag","embeddable":true,"href":"https:\/\/menagers-holding.fr\/index.php?rest_route=%2Fwp%2Fv2%2Fproduct_tag&post=4102"}],"curies":[{"name":"wp","href":"https:\/\/api.w.org\/{rel}","templated":true}]}}