{"id":4093,"date":"2023-03-28T17:15:18","date_gmt":"2023-03-28T17:15:18","guid":{"rendered":"https:\/\/menagers-holding.fr\/?post_type=product&#038;p=4093"},"modified":"2025-09-23T08:42:01","modified_gmt":"2025-09-23T08:42:01","slug":"climatiseur-monobloc-unico-easy-s1-sf","status":"publish","type":"product","link":"https:\/\/menagers-holding.fr\/?product=climatiseur-monobloc-unico-easy-s1-sf","title":{"rendered":"Climatiseur monobloc Unico Easy S1 SF Split"},"content":{"rendered":"<p>D\u00e9tails du produit<\/p>\n<p>Informations sur le produit<\/p>\n<p>Climatiseur monobloc Unico Easy S1 SF<\/p>\n<p>&nbsp;<\/p>\n<p>Sp\u00e9cifications techniques<\/p>\n<p>Type d&rsquo;article Climatiseur monobloc<br \/>\nMarque Olimpia Splendid<br \/>\nGamme Monobloc<br \/>\nNom\/num\u00e9ro de mod\u00e8le Unico EASY S1 SF<br \/>\nFonction(s) Ventilation seule, d\u00e9shumidification seule, Mode auto, Mode nuit<br \/>\nLieu d&rsquo;utilisation Int\u00e9rieur<br \/>\nNombre de vitesses r\u00e9glables 3 vitesses<br \/>\nNiveau de bruit 60dB(A)<br \/>\nDur\u00e9e de minuterie maximale 1wk<br \/>\nType de r\u00e9frig\u00e9rant R410A<br \/>\nT\u00e9l\u00e9command\u00e9 T\u00e9l\u00e9command\u00e9<br \/>\nCoefficient d&rsquo;efficacit\u00e9 frigorifique (EER) 2.6<br \/>\nCouleur Blanc<br \/>\nLargeur (cm) 69.3cm<br \/>\nHauteur (cm) 66.5cm<br \/>\nProfondeur (cm) 27.6cm<br \/>\nInclus Kit d&rsquo;installation<br \/>\nD\u00e9tails de garantie 2 ans Composants et compresseur<br \/>\nGarantie fabricant 2 ans<br \/>\nPoids du produit 36kg<br \/>\nR\u00e9f\u00e9rence produit 8021183020373<\/p>\n<p>**Points forts :** Puissant, silencieux et \u00e9conomique.<br \/>\n**Pourquoi choisir ce produit ?** Pour un confort optimal toute l\u2019ann\u00e9e.<\/p>\n","protected":false},"excerpt":{"rendered":"<p>Caract\u00e9ristiques et avantages<\/p>\n<p>Le climatiseur sans unit\u00e9 ext\u00e9rieure, type console, installation au sol.<\/p>\n<p>\u00c9cran LED, commandes tactiles<br \/>\nFourni avec deux pieds d\u2019appui pour un positionnement plus stable<br \/>\nPuissance r\u00e9frig\u00e9rante: 2,0 kW<br \/>\nClasse A<br \/>\nGaz r\u00e9frig\u00e9rant R410A<br \/>\nInstallation facile: Unico s\u2019installe enti\u00e8rement de l\u2019int\u00e9rieur<br \/>\nT\u00e9l\u00e9commande multifonctions<br \/>\nMinuterie 24h Con\u00e7u pour le confort, la puissance et la faible consommation.<\/p>\n","protected":false},"featured_media":4094,"comment_status":"closed","ping_status":"closed","template":"","meta":[],"product_brand":[],"product_cat":[165,180],"product_tag":[],"class_list":{"0":"post-4093","1":"product","2":"type-product","3":"status-publish","6":"product_cat-climatiseur","7":"product_cat-electromenagers","9":"first","10":"instock","11":"sale","12":"taxable","13":"shipping-taxable","14":"purchasable","15":"product-type-simple"},"_links":{"self":[{"href":"https:\/\/menagers-holding.fr\/index.php?rest_route=\/wp\/v2\/product\/4093","targetHints":{"allow":["GET"]}}],"collection":[{"href":"https:\/\/menagers-holding.fr\/index.php?rest_route=\/wp\/v2\/product"}],"about":[{"href":"https:\/\/menagers-holding.fr\/index.php?rest_route=\/wp\/v2\/types\/product"}],"replies":[{"embeddable":true,"href":"https:\/\/menagers-holding.fr\/index.php?rest_route=%2Fwp%2Fv2%2Fcomments&post=4093"}],"wp:featuredmedia":[{"embeddable":true,"href":"https:\/\/menagers-holding.fr\/index.php?rest_route=\/wp\/v2\/media\/4094"}],"wp:attachment":[{"href":"https:\/\/menagers-holding.fr\/index.php?rest_route=%2Fwp%2Fv2%2Fmedia&parent=4093"}],"wp:term":[{"taxonomy":"product_brand","embeddable":true,"href":"https:\/\/menagers-holding.fr\/index.php?rest_route=%2Fwp%2Fv2%2Fproduct_brand&post=4093"},{"taxonomy":"product_cat","embeddable":true,"href":"https:\/\/menagers-holding.fr\/index.php?rest_route=%2Fwp%2Fv2%2Fproduct_cat&post=4093"},{"taxonomy":"product_tag","embeddable":true,"href":"https:\/\/menagers-holding.fr\/index.php?rest_route=%2Fwp%2Fv2%2Fproduct_tag&post=4093"}],"curies":[{"name":"wp","href":"https:\/\/api.w.org\/{rel}","templated":true}]}}