{"id":4082,"date":"2023-03-28T17:10:45","date_gmt":"2023-03-28T17:10:45","guid":{"rendered":"https:\/\/menagers-holding.fr\/?post_type=product&#038;p=4082"},"modified":"2025-09-23T08:42:01","modified_gmt":"2025-09-23T08:42:01","slug":"climatiseur-monobloc-reversible-unico-smart-12-hp","status":"publish","type":"product","link":"https:\/\/menagers-holding.fr\/?product=climatiseur-monobloc-reversible-unico-smart-12-hp","title":{"rendered":"Climatiseur monobloc r\u00e9versible Unico Smart 12 HP Split"},"content":{"rendered":"<p>D\u00e9tails du produit<\/p>\n<p>Informations sur le produit<\/p>\n<p>Climatiseur monobloc r\u00e9versible Unico Smart 12 HP<\/p>\n<p>&nbsp;<\/p>\n<p>Sp\u00e9cifications techniques<\/p>\n<p>Type d&rsquo;article Climatiseur monobloc<br \/>\nMarque Olimpia Splendid<br \/>\nGamme Monobloc<br \/>\nNom\/num\u00e9ro de mod\u00e8le Unico SMART 12HP<br \/>\nFonction(s) Ventilation seule, d\u00e9shumidification seule, Mode auto, Mode nuit<br \/>\nLieu d&rsquo;utilisation Int\u00e9rieur<br \/>\nNombre de vitesses r\u00e9glables 3 vitesses<br \/>\nNiveau de bruit 57dB(A)<br \/>\nDur\u00e9e de minuterie maximale 1wk<br \/>\nType de r\u00e9frig\u00e9rant R410A<br \/>\nT\u00e9l\u00e9command\u00e9 T\u00e9l\u00e9command\u00e9<br \/>\nCoefficient de performance (COP) 3.1<br \/>\nCoefficient d&rsquo;efficacit\u00e9 frigorifique (EER) 2.6<br \/>\nCouleur Blanc<br \/>\nLargeur (cm) 90.2cm<br \/>\nHauteur (cm) 51.6cm<br \/>\nProfondeur (cm) 22.9cm<br \/>\nInclus Kit d&rsquo;installation<br \/>\nD\u00e9tails de garantie 2 ans Composants et compresseur<br \/>\nGarantie fabricant 2 ans<br \/>\nPoids du produit 40kg<br \/>\nR\u00e9f\u00e9rence produit 8021183014945<\/p>\n<p>**Points forts :** Puissant, silencieux et \u00e9conomique.<br \/>\n**Pourquoi choisir ce produit ?** Pour un confort optimal toute l\u2019ann\u00e9e.<\/p>\n","protected":false},"excerpt":{"rendered":"<p>Caract\u00e9ristiques et avantages<\/p>\n<p>Jusqu\u2019\u00e0 2,7 kW de puissance. Con\u00e7u pour la climatisation des espaces plus grands.<\/p>\n<p>Un syst\u00e8me multi-filtration qui unit filtre \u00e9lectrostatique (retient les petites particules comme fum\u00e9e, poussi\u00e8re, pollen, poils d\u2019animaux, en aidant \u00e0 pr\u00e9venir les r\u00e9actions allergiques) et filtre aux charbons actifs (\u00e9limine les mauvaises odeurs et rend inactifs les gaz nocifs pour la sant\u00e9)<br \/>\nClimatiseur en pompe \u00e0 chaleur. Gr\u00e2ce \u00e0 cette fonction, il est possible de chauffer et de remplacer le chauffage traditionnel durant les demi-saisons ou de le renforcer<br \/>\nDouble classe A<br \/>\nGaz r\u00e9frig\u00e9rant R410A<br \/>\nInstallation murale en haut ou en bas<br \/>\nInstallation facile: Unico s\u2019installe enti\u00e8rement de l\u2019int\u00e9rieur<br \/>\nKit installation fourni<br \/>\nT\u00e9l\u00e9commande multifonctions<br \/>\nMinuterie 24h<br \/>\nPuissance 2,7 kW Con\u00e7u pour le confort, la puissance et la faible consommation.<\/p>\n","protected":false},"featured_media":4083,"comment_status":"closed","ping_status":"closed","template":"","meta":[],"product_brand":[],"product_cat":[165,180],"product_tag":[],"class_list":{"0":"post-4082","1":"product","2":"type-product","3":"status-publish","6":"product_cat-climatiseur","7":"product_cat-electromenagers","9":"first","10":"instock","11":"sale","12":"taxable","13":"shipping-taxable","14":"purchasable","15":"product-type-simple"},"_links":{"self":[{"href":"https:\/\/menagers-holding.fr\/index.php?rest_route=\/wp\/v2\/product\/4082","targetHints":{"allow":["GET"]}}],"collection":[{"href":"https:\/\/menagers-holding.fr\/index.php?rest_route=\/wp\/v2\/product"}],"about":[{"href":"https:\/\/menagers-holding.fr\/index.php?rest_route=\/wp\/v2\/types\/product"}],"replies":[{"embeddable":true,"href":"https:\/\/menagers-holding.fr\/index.php?rest_route=%2Fwp%2Fv2%2Fcomments&post=4082"}],"wp:featuredmedia":[{"embeddable":true,"href":"https:\/\/menagers-holding.fr\/index.php?rest_route=\/wp\/v2\/media\/4083"}],"wp:attachment":[{"href":"https:\/\/menagers-holding.fr\/index.php?rest_route=%2Fwp%2Fv2%2Fmedia&parent=4082"}],"wp:term":[{"taxonomy":"product_brand","embeddable":true,"href":"https:\/\/menagers-holding.fr\/index.php?rest_route=%2Fwp%2Fv2%2Fproduct_brand&post=4082"},{"taxonomy":"product_cat","embeddable":true,"href":"https:\/\/menagers-holding.fr\/index.php?rest_route=%2Fwp%2Fv2%2Fproduct_cat&post=4082"},{"taxonomy":"product_tag","embeddable":true,"href":"https:\/\/menagers-holding.fr\/index.php?rest_route=%2Fwp%2Fv2%2Fproduct_tag&post=4082"}],"curies":[{"name":"wp","href":"https:\/\/api.w.org\/{rel}","templated":true}]}}