{"id":4078,"date":"2023-03-28T17:02:21","date_gmt":"2023-03-28T17:02:21","guid":{"rendered":"https:\/\/menagers-holding.fr\/?post_type=product&#038;p=4078"},"modified":"2025-09-23T08:42:01","modified_gmt":"2025-09-23T08:42:01","slug":"climatiseur-monobloc-reversible-2500w-unite-interieure-sans-unite-exterieure","status":"publish","type":"product","link":"https:\/\/menagers-holding.fr\/?product=climatiseur-monobloc-reversible-2500w-unite-interieure-sans-unite-exterieure","title":{"rendered":"Climatiseur monobloc r\u00e9versible 2500W &#8211; Unit\u00e9 Int\u00e9rieure (sans unit\u00e9 ext\u00e9rieure) Split"},"content":{"rendered":"<p>D\u00e9tails du produit<\/p>\n<p>Informations sur le produit<\/p>\n<p>Climatiseur monobloc r\u00e9versible 2500W &#8211; Unit\u00e9 Int\u00e9rieure (sans unit\u00e9 ext\u00e9rieure)<\/p>\n<p>&nbsp;<\/p>\n<p>Sp\u00e9cifications techniques<\/p>\n<p>Type d&rsquo;article Climatiseur monobloc<br \/>\nMarque Optim\u00e9o<br \/>\nGamme Monobloc<br \/>\nNom\/num\u00e9ro de mod\u00e8le OAC-250-RE2<br \/>\nFonction(s) Chaud\/Froid<br \/>\nLieu d&rsquo;utilisation Int\u00e9rieur<br \/>\nVolume de pi\u00e8ce adapt\u00e9e 25m\u00b3<br \/>\nNombre de vitesses r\u00e9glables 3 vitesses<br \/>\nCapacit\u00e9 de d\u00e9shumidification 0.9L\/hr<br \/>\nNiveau de bruit 53dB(A)<br \/>\nType de r\u00e9frig\u00e9rant R32<br \/>\nT\u00e9l\u00e9command\u00e9 T\u00e9l\u00e9command\u00e9<br \/>\nCoefficient de performance (COP) 3.1<br \/>\nCoefficient d&rsquo;efficacit\u00e9 frigorifique (EER) 2.61<br \/>\nCouleur Blanc<br \/>\nLargeur (cm) 84cm<br \/>\nHauteur (cm) 43cm<br \/>\nProfondeur (cm) 33cm<br \/>\nInclus Accessoires &amp; t\u00e9l\u00e9commande<br \/>\nRaccords et fixations inclus Raccords et fixations inclus<br \/>\nStandard ERP 2015<br \/>\nD\u00e9tails de garantie 2 ans pi\u00e8ces<br \/>\nGarantie fabricant 2 ans<br \/>\nPoids du produit 41kg<br \/>\nR\u00e9f\u00e9rence produit 3701410400004<\/p>\n<p>**Points forts :** Puissant, silencieux et \u00e9conomique.<br \/>\n**Pourquoi choisir ce produit ?** Pour un confort optimal toute l\u2019ann\u00e9e.<\/p>\n","protected":false},"excerpt":{"rendered":"<p>Caract\u00e9ristiques et avantages<\/p>\n<p>Ce climatiseur int\u00e9rieur ne poss\u00e8de pas d&rsquo;unit\u00e9 ext\u00e9rieure. Pr\u00eate \u00e0 poser, l&rsquo;installation se fera sans l&rsquo;intervention d&rsquo;un installateur.<\/p>\n<p>Performances de rafra\u00eechissement sup\u00e9rieures aux climatiseurs mobiles (apport d&rsquo;air neuf)<br \/>\nProduit compatible r\u00e8glementation Erp 2015<br \/>\nPose par particuliers autoris\u00e9e<br \/>\nInstallation rapide par un bon bricoleur (pas de raccordement de fluides frigorig\u00e8nes)<br \/>\nSans unit\u00e9 ext\u00e9rieure (plus esth\u00e9tique et pratique)<br \/>\nAvec appoint electrique 1000 W ( Pour une capacit\u00e9 de chaud sup\u00e9rieur)<br \/>\nClimatiseur monobloc r\u00e9versible<br \/>\nChauf \/ Froid<br \/>\n3 vitesses<br \/>\nD\u00e9shumidification 0,90 litre\/heure Con\u00e7u pour le confort, la puissance et la faible consommation.<\/p>\n","protected":false},"featured_media":4079,"comment_status":"closed","ping_status":"closed","template":"","meta":[],"product_brand":[],"product_cat":[165,180],"product_tag":[],"class_list":{"0":"post-4078","1":"product","2":"type-product","3":"status-publish","6":"product_cat-climatiseur","7":"product_cat-electromenagers","9":"first","10":"instock","11":"sale","12":"taxable","13":"shipping-taxable","14":"purchasable","15":"product-type-simple"},"_links":{"self":[{"href":"https:\/\/menagers-holding.fr\/index.php?rest_route=\/wp\/v2\/product\/4078","targetHints":{"allow":["GET"]}}],"collection":[{"href":"https:\/\/menagers-holding.fr\/index.php?rest_route=\/wp\/v2\/product"}],"about":[{"href":"https:\/\/menagers-holding.fr\/index.php?rest_route=\/wp\/v2\/types\/product"}],"replies":[{"embeddable":true,"href":"https:\/\/menagers-holding.fr\/index.php?rest_route=%2Fwp%2Fv2%2Fcomments&post=4078"}],"wp:featuredmedia":[{"embeddable":true,"href":"https:\/\/menagers-holding.fr\/index.php?rest_route=\/wp\/v2\/media\/4079"}],"wp:attachment":[{"href":"https:\/\/menagers-holding.fr\/index.php?rest_route=%2Fwp%2Fv2%2Fmedia&parent=4078"}],"wp:term":[{"taxonomy":"product_brand","embeddable":true,"href":"https:\/\/menagers-holding.fr\/index.php?rest_route=%2Fwp%2Fv2%2Fproduct_brand&post=4078"},{"taxonomy":"product_cat","embeddable":true,"href":"https:\/\/menagers-holding.fr\/index.php?rest_route=%2Fwp%2Fv2%2Fproduct_cat&post=4078"},{"taxonomy":"product_tag","embeddable":true,"href":"https:\/\/menagers-holding.fr\/index.php?rest_route=%2Fwp%2Fv2%2Fproduct_tag&post=4078"}],"curies":[{"name":"wp","href":"https:\/\/api.w.org\/{rel}","templated":true}]}}