{"id":4027,"date":"2023-03-27T16:09:20","date_gmt":"2023-03-27T16:09:20","guid":{"rendered":"https:\/\/menagers-holding.fr\/?post_type=product&#038;p=4027"},"modified":"2025-09-23T08:52:14","modified_gmt":"2025-09-23T08:52:14","slug":"piscine-composite-gre-326-x-186-x-h-96cm","status":"publish","type":"product","link":"https:\/\/menagers-holding.fr\/?product=piscine-composite-gre-326-x-186-x-h-96cm","title":{"rendered":"Piscine composite Gr\u00e9 326 x 186 x H 96cm"},"content":{"rendered":"<p>Piscine hors-sol composite carr\u00e9 3,26 x 1,86 m<\/p>\n<p>Dimensions ext\u00e9rieures : 3,26 x 1,86 m<br \/>\nDimensions int\u00e9rieures : 2,80 x 1,40 m<br \/>\nHauteur : 0,96 m<br \/>\nLiner PVC : 60\/100 &#8211; gris<br \/>\nVolume d&rsquo;eau 3,64 m3<br \/>\nFiltration \u00e0 sable 4 m3\/h<br \/>\nRenforts de structure: jambe de force a visser<\/p>\n<p>&nbsp;<\/p>\n<p>Les avantages de la piscine composite Gre Avantgarde 326 x 186 x H 96cm<\/p>\n<p>\u2714 Kit piscine livr\u00e9 complet, pr\u00eat \u00e0 monter<br \/>\n\u2714 Design moderne, uniforme, sans n\u0153uds ni d\u00e9fauts<br \/>\n\u2714 Mat\u00e9riau r\u00e9sistant et durable dans le temps<br \/>\n\u2714 Installation plus facile et plus rapide<br \/>\n\u2714 Entretien facile avec un simple jet d&rsquo;eau<br \/>\n\u2714 Aucun traitement compl\u00e9mentaire \u00e0 pr\u00e9voir sur la structure<br \/>\n\u2714 \u00c9co-con\u00e7u en revalorisant les d\u00e9chets du bois<br \/>\n\u2714 Con\u00e7u et assembl\u00e9 en Europe<\/p>\n<p>**Points forts :** R\u00e9sistant aux conditions ext\u00e9rieures, facile d\u2019entretien.<br \/>\n**Pourquoi choisir ce produit ?** Parfait pour profiter de votre ext\u00e9rieur en toute s\u00e9r\u00e9nit\u00e9.<\/p>\n","protected":false},"excerpt":{"rendered":"<p>Caract\u00e9ristiques de la piscine Avantgarde KPCOR2814<\/p>\n<p>Dimensions ext\u00e9rieures 326 x 186 cm<br \/>\nDimensions int\u00e9rieures 280 x 140 cm<br \/>\nDimensions dalle b\u00e9ton \u00e0 pr\u00e9voir L 360 x P 260 cm<br \/>\nVolume d&rsquo;eau 3,30 m3<br \/>\nSurface de nage 3,92 m\u00b2<br \/>\nHauteur d&rsquo;eau utile 93 cm<br \/>\nInstallation hors-sol Oui<br \/>\nInstallation semi-enterr\u00e9e Oui &#8211; pr\u00e9voir nappe drainante<br \/>\nInstallation enterr\u00e9e Oui &#8211; pr\u00e9voir nappe drainante<br \/>\nDalle b\u00e9ton Obligatoire &#8211; 15 cm minimum.<br \/>\nSyst\u00e8me de fixation au sol Jambes de force \u00e0 visser dans la dalle<br \/>\nTemps de montage 8 heures \u00e0 2\/3 personnes minimum (hors terrassement et mise en eau)<br \/>\nConformit\u00e9 Conforme aux normes de s\u00e9curit\u00e9 NF P90-316 et NF P90-317<br \/>\nConformit\u00e9 Conforme aux normes de s\u00e9curit\u00e9 NF P90-316 et NF P90-317<br \/>\nGaranties Garanties : structure 5 ans, g\u00e9n\u00e9rale 2 ans<\/p>\n<p>&nbsp;<\/p>\n<p>Comparatif de la gamme de piscines composite Gre Avantgarde<\/p>\n<p>Forme Dimensions ext\u00e9rieures Dimensions int\u00e9rieures Hauteur Volume d&rsquo;eau D\u00e9bit filtration Fixation<br \/>\nKPCOR2814 Rectangulaire 326 x 186 cm 280 x 140 cm 96 cm 3,64 m\u00b3 4 m3\/h Sabots<br \/>\nKPCOR28 Carr\u00e9e 326 x 326 cm 280 x 280 cm 96 cm 7 m\u00b3 4 m3\/h Sabots<br \/>\nKPCO41 Octo ronde \u00d8 410 cm \u00d8 366 cm 124 cm 8,6 m\u00b3 4 m3\/h Sans renfort<br \/>\nKPCOR46 Rectangulaire 466 x 326 cm 420 x 280 cm 124 cm 14 m\u00b3 4 m3\/h IPE<br \/>\nKPCOV52 Octo allong\u00e9e 524 x 386 cm 478 x 338 cm 124 cm 16 m\u00b3 6 m3\/h Berceaux<br \/>\nKPCOV66 Octo allong\u00e9e 664 x 386 cm 618 x 338 cm 124 cm 21,5 m\u00b3 6 m3\/h Berceaux<br \/>\nKPCOV6650 Octo allong\u00e9e 664 x 386 cm 618 x 338 cm 154 cm 31,5 m\u00b3 8 m3\/h IPE<br \/>\nKPCOR60 Rectangulaire 606 x 326 cm 560 x 280 cm 124 cm 17,87 m\u00b3 6 m3\/h IPE<br \/>\nKPCOV80 Octo allong\u00e9e 804 x 386 cm 758 x 338 cm Robuste, pratique et adapt\u00e9 \u00e0 l\u2019ext\u00e9rieur.<\/p>\n","protected":false},"featured_media":4028,"comment_status":"closed","ping_status":"closed","template":"","meta":[],"product_brand":[],"product_cat":[158,157],"product_tag":[],"class_list":{"0":"post-4027","1":"product","2":"type-product","3":"status-publish","6":"product_cat-piscine","7":"product_cat-terrasse-et-jardin","9":"first","10":"instock","11":"sale","12":"taxable","13":"shipping-taxable","14":"purchasable","15":"product-type-simple"},"_links":{"self":[{"href":"https:\/\/menagers-holding.fr\/index.php?rest_route=\/wp\/v2\/product\/4027","targetHints":{"allow":["GET"]}}],"collection":[{"href":"https:\/\/menagers-holding.fr\/index.php?rest_route=\/wp\/v2\/product"}],"about":[{"href":"https:\/\/menagers-holding.fr\/index.php?rest_route=\/wp\/v2\/types\/product"}],"replies":[{"embeddable":true,"href":"https:\/\/menagers-holding.fr\/index.php?rest_route=%2Fwp%2Fv2%2Fcomments&post=4027"}],"wp:featuredmedia":[{"embeddable":true,"href":"https:\/\/menagers-holding.fr\/index.php?rest_route=\/wp\/v2\/media\/4028"}],"wp:attachment":[{"href":"https:\/\/menagers-holding.fr\/index.php?rest_route=%2Fwp%2Fv2%2Fmedia&parent=4027"}],"wp:term":[{"taxonomy":"product_brand","embeddable":true,"href":"https:\/\/menagers-holding.fr\/index.php?rest_route=%2Fwp%2Fv2%2Fproduct_brand&post=4027"},{"taxonomy":"product_cat","embeddable":true,"href":"https:\/\/menagers-holding.fr\/index.php?rest_route=%2Fwp%2Fv2%2Fproduct_cat&post=4027"},{"taxonomy":"product_tag","embeddable":true,"href":"https:\/\/menagers-holding.fr\/index.php?rest_route=%2Fwp%2Fv2%2Fproduct_tag&post=4027"}],"curies":[{"name":"wp","href":"https:\/\/api.w.org\/{rel}","templated":true}]}}