{"id":4003,"date":"2023-03-27T15:35:57","date_gmt":"2023-03-27T15:35:57","guid":{"rendered":"https:\/\/menagers-holding.fr\/?post_type=product&#038;p=4003"},"modified":"2025-09-23T08:44:37","modified_gmt":"2025-09-23T08:44:37","slug":"orium-pack-station-denergie-izywatt-1500-panneau-120w","status":"publish","type":"product","link":"https:\/\/menagers-holding.fr\/?product=orium-pack-station-denergie-izywatt-1500-panneau-120w","title":{"rendered":"ORIUM &#8211; Pack station d&rsquo;\u00e9nergie IZYWATT 1500+ panneau 120W"},"content":{"rendered":"<p>Descriptif<br \/>\n3 modes de charge : secteur 230V, solaire ou allume-cigare, chargeurs compris USB charge rapide &#8211; 2 prises 230V &#8211; Charger et d\u00e9charger la station simultan\u00e9ment &#8211; Panneau solaire compact et pliant &#8211; Compacte et l\u00e9g\u00e8re : facilement transportable<br \/>\nORIUM &#8211; Pack station d&rsquo;\u00e9nergie IZYWATT 1500+ panneau 120W<br \/>\nORIUM &#8211; Pack station d&rsquo;\u00e9nergie IZYWATT 1500+ panneau 120W<br \/>\nG\u00e9n\u00e9ral<br \/>\nMarque ORIUM<\/p>\n<p>**Points forts :** Fiabilit\u00e9, praticit\u00e9 et prix abordable.<br \/>\n**Pourquoi choisir ce produit ?** Convient \u00e0 divers besoins du quotidien.<\/p>\n","protected":false},"excerpt":{"rendered":"<p>Fiable et adapt\u00e9 \u00e0 vos besoins quotidiens.<\/p>\n","protected":false},"featured_media":4004,"comment_status":"closed","ping_status":"closed","template":"","meta":[],"product_brand":[],"product_cat":[153,180],"product_tag":[],"class_list":{"0":"post-4003","1":"product","2":"type-product","3":"status-publish","6":"product_cat-electricite-et-domotique","7":"product_cat-electromenagers","9":"first","10":"instock","11":"sale","12":"taxable","13":"shipping-taxable","14":"purchasable","15":"product-type-simple"},"_links":{"self":[{"href":"https:\/\/menagers-holding.fr\/index.php?rest_route=\/wp\/v2\/product\/4003","targetHints":{"allow":["GET"]}}],"collection":[{"href":"https:\/\/menagers-holding.fr\/index.php?rest_route=\/wp\/v2\/product"}],"about":[{"href":"https:\/\/menagers-holding.fr\/index.php?rest_route=\/wp\/v2\/types\/product"}],"replies":[{"embeddable":true,"href":"https:\/\/menagers-holding.fr\/index.php?rest_route=%2Fwp%2Fv2%2Fcomments&post=4003"}],"wp:featuredmedia":[{"embeddable":true,"href":"https:\/\/menagers-holding.fr\/index.php?rest_route=\/wp\/v2\/media\/4004"}],"wp:attachment":[{"href":"https:\/\/menagers-holding.fr\/index.php?rest_route=%2Fwp%2Fv2%2Fmedia&parent=4003"}],"wp:term":[{"taxonomy":"product_brand","embeddable":true,"href":"https:\/\/menagers-holding.fr\/index.php?rest_route=%2Fwp%2Fv2%2Fproduct_brand&post=4003"},{"taxonomy":"product_cat","embeddable":true,"href":"https:\/\/menagers-holding.fr\/index.php?rest_route=%2Fwp%2Fv2%2Fproduct_cat&post=4003"},{"taxonomy":"product_tag","embeddable":true,"href":"https:\/\/menagers-holding.fr\/index.php?rest_route=%2Fwp%2Fv2%2Fproduct_tag&post=4003"}],"curies":[{"name":"wp","href":"https:\/\/api.w.org\/{rel}","templated":true}]}}