{"id":3998,"date":"2023-03-26T23:27:13","date_gmt":"2023-03-26T23:27:13","guid":{"rendered":"https:\/\/menagers-holding.fr\/?post_type=product&#038;p=3998"},"modified":"2025-09-21T04:32:01","modified_gmt":"2025-09-21T04:32:01","slug":"table-de-preparation-a-pizza-2-ou-3-portes","status":"publish","type":"product","link":"https:\/\/menagers-holding.fr\/?product=table-de-preparation-a-pizza-2-ou-3-portes","title":{"rendered":"TABLE DE PREPARATION A PIZZA 2 OU 3 PORTES Design Moderne"},"content":{"rendered":"<p>Descriptif :<br \/>\nGrande capacit\u00e9 de stockage (profondeur 840 mm)<br \/>\nParfaite pour une utilisation intense<br \/>\nAssemblage rapide et facile des recttes<br \/>\nStructure int\u00e9rieure et ext\u00e9rieure en acier inoxydable, arri\u00e8re et le dessous en acier galvanis\u00e9<br \/>\nIsolation enceinte : 45 mm<br \/>\nPlanche de travail en polypropyl\u00e8ne d\u00e9montable<br \/>\nProfondeur plan de travail : 490 mm<br \/>\nPlan de travail en granit (en option)<br \/>\nCompartiments r\u00e9frig\u00e9r\u00e9s pour bacs GN (fournis)<br \/>\nPoign\u00e9es de portes encastr\u00e9es<br \/>\nRoues de s\u00e9rie avec freins en fa\u00e7ade<br \/>\nGrilles rilsanis\u00e9es sur taquets<br \/>\nEcran d&rsquo;affichage num\u00e9rique et thermostat \u00e9lectronique Carel<br \/>\nFroid ventil\u00e9<br \/>\nEvaporateur trait\u00e9 ctaphor\u00e8se<br \/>\nD\u00e9givrage automatique<br \/>\nPortes pleines battantes<br \/>\nCharge max par grille : 40 kg<br \/>\nLes angles int\u00e9rieurs arrondis facilitent le nettoyage.<br \/>\nFermeture de porte par rappel automatique<br \/>\nMaintien de porte en position ouverte \u00e0 90\u00b0<br \/>\nJoint de portes magn\u00e9tiques. Faciles \u00e0 nettoyer et d\u00e9montables sans outils<br \/>\nEn option :<\/p>\n<p>Kit de r\u00e9cup\u00e9ration \u00e0 fromage<br \/>\nPlan de travail granit<\/p>\n<p>**Points forts :** Confort, design \u00e9l\u00e9gant et robustesse.<br \/>\n**Pourquoi choisir ce produit ?** Il apporte style et praticit\u00e9 \u00e0 votre int\u00e9rieur.<\/p>\n","protected":false},"excerpt":{"rendered":"<p>Caract\u00e9ristiques techniques :<br \/>\nTemp\u00e9rature : -2\u00b0C \/ + 8\u00b0C<br \/>\nNombre de grilles par porte : 2<br \/>\nAlimentation \u00e9lectrique : 220 V &#8211; 50 Hz<br \/>\nHauteur du plan de travail : 955 mm<br \/>\nPuissance : 370 W<br \/>\nMod\u00e8le 2 portes :<\/p>\n<p>Dimensions (L x P x H) : 1702 x 840 x 1102<br \/>\nCapacit\u00e9 : 530 L<br \/>\nNombre de portes : 2<br \/>\nNombre de bacs : 9 bacs GN1\/3 inclus<br \/>\nGaz r\u00e9frig\u00e9rant : R600a<br \/>\nDimensions des grilles : 604 x 651<br \/>\nPoids : 152 kg<br \/>\nMod\u00e8le 3 portes :<\/p>\n<p>Dimensions (L x P x H) : 2362 x 840 x 1102<br \/>\nCapacit\u00e9 : 800 L<br \/>\nNombre de portes : 3<br \/>\nNombre de bacs : 12 bacs GN1\/3 inclus<br \/>\nGaz r\u00e9frig\u00e9rant : R290<br \/>\nClasse climatique : 5<br \/>\nDimensions des grilles : 604 x 651 &#8211; 636 x 651<br \/>\nPoids : 194 kg Design moderne, confortable et durable.<\/p>\n","protected":false},"featured_media":3999,"comment_status":"closed","ping_status":"closed","template":"","meta":[],"product_brand":[],"product_cat":[155],"product_tag":[],"class_list":{"0":"post-3998","1":"product","2":"type-product","3":"status-publish","6":"product_cat-meuble","8":"first","9":"instock","10":"sale","11":"taxable","12":"shipping-taxable","13":"purchasable","14":"product-type-simple"},"_links":{"self":[{"href":"https:\/\/menagers-holding.fr\/index.php?rest_route=\/wp\/v2\/product\/3998","targetHints":{"allow":["GET"]}}],"collection":[{"href":"https:\/\/menagers-holding.fr\/index.php?rest_route=\/wp\/v2\/product"}],"about":[{"href":"https:\/\/menagers-holding.fr\/index.php?rest_route=\/wp\/v2\/types\/product"}],"replies":[{"embeddable":true,"href":"https:\/\/menagers-holding.fr\/index.php?rest_route=%2Fwp%2Fv2%2Fcomments&post=3998"}],"wp:featuredmedia":[{"embeddable":true,"href":"https:\/\/menagers-holding.fr\/index.php?rest_route=\/wp\/v2\/media\/3999"}],"wp:attachment":[{"href":"https:\/\/menagers-holding.fr\/index.php?rest_route=%2Fwp%2Fv2%2Fmedia&parent=3998"}],"wp:term":[{"taxonomy":"product_brand","embeddable":true,"href":"https:\/\/menagers-holding.fr\/index.php?rest_route=%2Fwp%2Fv2%2Fproduct_brand&post=3998"},{"taxonomy":"product_cat","embeddable":true,"href":"https:\/\/menagers-holding.fr\/index.php?rest_route=%2Fwp%2Fv2%2Fproduct_cat&post=3998"},{"taxonomy":"product_tag","embeddable":true,"href":"https:\/\/menagers-holding.fr\/index.php?rest_route=%2Fwp%2Fv2%2Fproduct_tag&post=3998"}],"curies":[{"name":"wp","href":"https:\/\/api.w.org\/{rel}","templated":true}]}}