{"id":3994,"date":"2023-03-26T23:16:13","date_gmt":"2023-03-26T23:16:13","guid":{"rendered":"https:\/\/menagers-holding.fr\/?post_type=product&#038;p=3994"},"modified":"2025-09-23T08:47:27","modified_gmt":"2025-09-23T08:47:27","slug":"saladette-presentoir-a-ingredients-refrigere-comptoir-vitre-pare-haleine","status":"publish","type":"product","link":"https:\/\/menagers-holding.fr\/?product=saladette-presentoir-a-ingredients-refrigere-comptoir-vitre-pare-haleine","title":{"rendered":"SALADETTE &#8211; PRESENTOIR A INGREDIENTS REFRIGERE COMPTOIR VITRE &#8211; PARE HALEINE"},"content":{"rendered":"<p>Saladette &#8211; Pr\u00e9sentoir \u00e0 ingr\u00e9dients r\u00e9frig\u00e9r\u00e9 avec comptoir vitr\u00e9 &#8211; pare haleine<br \/>\nDescriptif :<br \/>\nStockage r\u00e9frig\u00e9r\u00e9 des ingr\u00e9dients<br \/>\nAssemblage rapide et facile des recettes<br \/>\nStructure int\u00e9rieure et ext\u00e9rieur en acier inoxydable AISI 304, arri\u00e8re et dessous en acier galvanis\u00e9<br \/>\nIsolation enceinte : 35 mm<br \/>\nCompresseur sur le c\u00f4t\u00e9<br \/>\nPieds anti-d\u00e9rapants<br \/>\nEcran d&rsquo;affichage num\u00e9rique et thermostat \u00e9lectronique Carel<br \/>\nPare haleine vitr\u00e9 droit<br \/>\nFroid statique<br \/>\nBrassage de l&rsquo;air avec un ventilateur<br \/>\nD\u00e9givrage automatique<br \/>\nBacs GN vendus s\u00e9par\u00e9ment (profondeur max : 150 mm)<br \/>\nBarettes de jonction fournies<\/p>\n<p>**Points forts :** Technologie moderne, faible consommation, praticit\u00e9.<br \/>\n**Pourquoi choisir ce produit ?** Id\u00e9al pour un usage quotidien avec un excellent rapport qualit\u00e9-prix.<\/p>\n","protected":false},"excerpt":{"rendered":"<p>Caract\u00e9ristiques techniques :<br \/>\nTemp\u00e9rature : +2\u00b0C \/ +8\u00b0C<br \/>\nGaz r\u00e9frig\u00e9rant : R600a<br \/>\nClasse climatique : 4<br \/>\nPuissance : 180 W<br \/>\nAlimentation \u00e9lectrique : 220 V &#8211; 50 Hz<br \/>\nMod\u00e8le VRX1200\/330 VITRE (1200 &#8211; GN1\/4) :<\/p>\n<p>Dimensions (L x P x H) : 1205 x 335 x 465<br \/>\nCapacit\u00e9 bacs GN (non fournis) : 5 bacs GN1\/4<br \/>\nPoids : 59 kg<br \/>\nMod\u00e8le VRX1200\/380 VITRE (1200 &#8211; GN1\/3) :<\/p>\n<p>Dimensions (L x P x H) : 1205 x 395 x 465<br \/>\nCapacit\u00e9 bacs GN (non fournis) : 4 bacs GN1\/3<br \/>\nPoids : 63 kg<br \/>\nMod\u00e8le VRX1400\/330 VITRE (1400 &#8211; GN1\/4) :<\/p>\n<p>Dimensions (L x P x H) : 1405 x 335 x 465<br \/>\nCapacit\u00e9 bacs GN (non fournis) : 6 bacs GN1\/4<br \/>\nPoids : 64 kg<br \/>\nMod\u00e8le VRX1400\/380 VITRE (1400 &#8211; GN1\/3) :<\/p>\n<p>Dimensions (L x P x H) : 1415 x 395 x 465<br \/>\nCapacit\u00e9 bacs GN (non fournis) : 6 bacs GN1\/3<br \/>\nPoids : 70 kg<br \/>\nMod\u00e8le VRX1500\/330 VITRE (1500 &#8211; GN1\/4) :<\/p>\n<p>Dimensions (L x P x H) : 1505 x 335 x 465<br \/>\nCapacit\u00e9 bacs GN (non fournis) : 7 bacs GN1\/4<br \/>\nPoids : 69 kg<br \/>\nMod\u00e8le VRX1500\/380 VITRE (1500 &#8211; GN1\/3) :<\/p>\n<p>Dimensions (L x P x H) : 1505 x 395 x 465<br \/>\nCapacit\u00e9 bacs GN (non fournis) : 6 bacs GN1\/3<br \/>\nPoids : 74 kg<br \/>\nMod\u00e8le VRX1600\/330 VITRE (1600 &#8211; GN1\/4) :<\/p>\n<p>Dimensions (L x P x H) : 1605 x 335 x 465<br \/>\nCapacit\u00e9 bacs GN (non fournis) : 7 bacs GN1\/4<br \/>\nPoids : 73 kg<br \/>\nMod\u00e8le VRX1600\/380 VITRE (1600 &#8211; GN1\/3) :<\/p>\n<p>Dimensions (L x P x H) : 1605 x 395 x 465<br \/>\nCapacit\u00e9 bacs GN (non fournis) : 7 bacs GN1\/3<br \/>\nPoids : 78 kg<br \/>\nMod\u00e8le VRX1800\/330 VITRE (1800 &#8211; GN1\/4) :<\/p>\n<p>Dimensions (L x P x H) : 1805 x 335 x 465<br \/>\nCapacit\u00e9 bacs GN (non fournis) : 8 bacs GN1\/4<br \/>\nPoids : 80 kg<br \/>\nMod\u00e8le VRX1800\/380 VITRE (1800 &#8211; GN1\/3) :<\/p>\n<p>Dimensions (L x P x H) : 1805 x 395 x 465<br \/>\nCapacit\u00e9 bacs GN (non fournis) : 8 bacs GN1\/3<br \/>\nPoids : 85 kg<br \/>\nMod\u00e8le VRX2000\/330 VITRE (2000 &#8211; GN1\/4) :<\/p>\n<p>Dimensions (L x P x H) : 2005 x 335 x 465<br \/>\nCapacit\u00e9 bacs GN (non fournis) : 10 bacs GN1\/4<br \/>\nPoids : 86 kg<br \/>\nMod\u00e8le VRX2000\/380 VITRE (2000 &#8211; GN1\/3) :<\/p>\n<p>Dimensions (L x P x H) : 2005 x 395 x 465<br \/>\nCapacit\u00e9 bacs GN (non fournis) : 9 bacs GN1\/3<br \/>\nPoids : 94 kg Compact, \u00e9co-\u00e9nerg\u00e9tique et facile \u00e0 utiliser.<\/p>\n","protected":false},"featured_media":3995,"comment_status":"closed","ping_status":"closed","template":"","meta":[],"product_brand":[],"product_cat":[180,166],"product_tag":[],"class_list":{"0":"post-3994","1":"product","2":"type-product","3":"status-publish","6":"product_cat-electromenagers","7":"product_cat-robot-cuisine","9":"first","10":"instock","11":"sale","12":"taxable","13":"shipping-taxable","14":"purchasable","15":"product-type-simple"},"_links":{"self":[{"href":"https:\/\/menagers-holding.fr\/index.php?rest_route=\/wp\/v2\/product\/3994","targetHints":{"allow":["GET"]}}],"collection":[{"href":"https:\/\/menagers-holding.fr\/index.php?rest_route=\/wp\/v2\/product"}],"about":[{"href":"https:\/\/menagers-holding.fr\/index.php?rest_route=\/wp\/v2\/types\/product"}],"replies":[{"embeddable":true,"href":"https:\/\/menagers-holding.fr\/index.php?rest_route=%2Fwp%2Fv2%2Fcomments&post=3994"}],"wp:featuredmedia":[{"embeddable":true,"href":"https:\/\/menagers-holding.fr\/index.php?rest_route=\/wp\/v2\/media\/3995"}],"wp:attachment":[{"href":"https:\/\/menagers-holding.fr\/index.php?rest_route=%2Fwp%2Fv2%2Fmedia&parent=3994"}],"wp:term":[{"taxonomy":"product_brand","embeddable":true,"href":"https:\/\/menagers-holding.fr\/index.php?rest_route=%2Fwp%2Fv2%2Fproduct_brand&post=3994"},{"taxonomy":"product_cat","embeddable":true,"href":"https:\/\/menagers-holding.fr\/index.php?rest_route=%2Fwp%2Fv2%2Fproduct_cat&post=3994"},{"taxonomy":"product_tag","embeddable":true,"href":"https:\/\/menagers-holding.fr\/index.php?rest_route=%2Fwp%2Fv2%2Fproduct_tag&post=3994"}],"curies":[{"name":"wp","href":"https:\/\/api.w.org\/{rel}","templated":true}]}}