{"id":3968,"date":"2023-03-26T22:45:52","date_gmt":"2023-03-26T22:45:52","guid":{"rendered":"https:\/\/menagers-holding.fr\/?post_type=product&#038;p=3968"},"modified":"2025-09-23T08:44:37","modified_gmt":"2025-09-23T08:44:37","slug":"kit-dalimentation-solaire-pour-le-motorisations-slidy-evolvia-exavia-gdk-sgs-et-sga-2400961","status":"publish","type":"product","link":"https:\/\/menagers-holding.fr\/?product=kit-dalimentation-solaire-pour-le-motorisations-slidy-evolvia-exavia-gdk-sgs-et-sga-2400961","title":{"rendered":"Kit d&rsquo;alimentation solaire pour le motorisations SLIDY, EVOLVIA, EXAVIA, GDK, SGS et SGA &#8211; 2400961."},"content":{"rendered":"<p>Description<br \/>\nDescriptif<br \/>\nKit d\u2019alimentation solaire pour alimenter une motorisation de porte de gare ou de portail sans raccordement \u00e9lectrique.<\/p>\n<p>Compatible avec les motorisations Somfy : EVOLVIA, EXAVIA, SLIDYMOOVE, SGA (achet\u00e9es \u00e0 partir de novembre 2009), SGS (achet\u00e9es \u00e0 partir de novembre 2009) et GDK (achet\u00e9es \u00e0 partir de novembre 2009).<\/p>\n<p>Le kit contient :<br \/>\n&#8211; 1 panneau photovolta\u00efque avec support inclinable<br \/>\n&#8211; 1 coffret batterie avec ensemble des c\u00e2bles n\u00e9cessaires<br \/>\n&#8211; 1 boussole<\/p>\n<p>Avantage :<br \/>\nConnexion simplifi\u00e9e entre le moteur et le panneau gr\u00e2ce aux connecteurs rapides.<br \/>\nPas de tranch\u00e9 \u00e0 pr\u00e9voir ni de raccordement \u00e9lectrique pour la motorisation.<br \/>\nUn c\u00e2ble de liaison de 10m vous est fourni pour choisir l\u2019emplacement du panneau en fonction de votre installation.<\/p>\n<p>R\u00e9glage ais\u00e9 de l\u2019angle d\u2019orientation du panneau solaire.<br \/>\nCompatible avec les accessoires de s\u00e9curit\u00e9: cellule, feu orange&#8230;<\/p>\n<p>Votre motorisation fonctionne gr\u00e2ce \u00e0 l\u2019\u00e9nergie solaire, vous faite des \u00e9conomies d\u2019\u00e9nergies dans y penser !<\/p>\n<p>Remarque :<br \/>\nAutonomie de la batterie : 45 jours (pour 10 cycles par jour)<br \/>\nDur\u00e9e de vie de la batterie : 5 ans<br \/>\nPuissance du panneau : 15 W<\/p>\n<p>**Points forts :** Fiabilit\u00e9, praticit\u00e9 et prix abordable.<br \/>\n**Pourquoi choisir ce produit ?** Convient \u00e0 divers besoins du quotidien.<\/p>\n","protected":false},"excerpt":{"rendered":"<p>Caract\u00e9ristiques<br \/>\nLongueur<br \/>\n86.0 cm<br \/>\nLargeur<br \/>\n38.0 cm<br \/>\nHauteur<br \/>\n13.0 cm<br \/>\nPoids<br \/>\n9.76 kg<br \/>\nPuissance<br \/>\n15.0 W<br \/>\nTension \u00e9lectrique<br \/>\n230.0 V<br \/>\nMati\u00e8res<br \/>\nM\u00e9tal<br \/>\nCouleur<br \/>\nOrange<br \/>\nLieu de pose, fixation<br \/>\nPorte<br \/>\nAlimentation \u00e9lectrique<br \/>\nSolaire<br \/>\nMode de fixation\/pose<br \/>\nPoser<br \/>\nPi\u00e8ce destination<br \/>\nGarage<br \/>\nConditionnement nbre<br \/>\n1.0 produits<br \/>\nType de connectique \u00e9lectrique<br \/>\nAlimentation \u00e9lectrique<br \/>\nGarantie<br \/>\n5 ann\u00e9es<br \/>\nR\u00e9f. fabricant<br \/>\n2400961 Fiable et adapt\u00e9 \u00e0 vos besoins quotidiens.<\/p>\n","protected":false},"featured_media":3969,"comment_status":"closed","ping_status":"closed","template":"","meta":[],"product_brand":[],"product_cat":[153,180],"product_tag":[],"class_list":{"0":"post-3968","1":"product","2":"type-product","3":"status-publish","6":"product_cat-electricite-et-domotique","7":"product_cat-electromenagers","9":"first","10":"instock","11":"sale","12":"taxable","13":"shipping-taxable","14":"purchasable","15":"product-type-simple"},"_links":{"self":[{"href":"https:\/\/menagers-holding.fr\/index.php?rest_route=\/wp\/v2\/product\/3968","targetHints":{"allow":["GET"]}}],"collection":[{"href":"https:\/\/menagers-holding.fr\/index.php?rest_route=\/wp\/v2\/product"}],"about":[{"href":"https:\/\/menagers-holding.fr\/index.php?rest_route=\/wp\/v2\/types\/product"}],"replies":[{"embeddable":true,"href":"https:\/\/menagers-holding.fr\/index.php?rest_route=%2Fwp%2Fv2%2Fcomments&post=3968"}],"wp:featuredmedia":[{"embeddable":true,"href":"https:\/\/menagers-holding.fr\/index.php?rest_route=\/wp\/v2\/media\/3969"}],"wp:attachment":[{"href":"https:\/\/menagers-holding.fr\/index.php?rest_route=%2Fwp%2Fv2%2Fmedia&parent=3968"}],"wp:term":[{"taxonomy":"product_brand","embeddable":true,"href":"https:\/\/menagers-holding.fr\/index.php?rest_route=%2Fwp%2Fv2%2Fproduct_brand&post=3968"},{"taxonomy":"product_cat","embeddable":true,"href":"https:\/\/menagers-holding.fr\/index.php?rest_route=%2Fwp%2Fv2%2Fproduct_cat&post=3968"},{"taxonomy":"product_tag","embeddable":true,"href":"https:\/\/menagers-holding.fr\/index.php?rest_route=%2Fwp%2Fv2%2Fproduct_tag&post=3968"}],"curies":[{"name":"wp","href":"https:\/\/api.w.org\/{rel}","templated":true}]}}