{"id":3966,"date":"2023-03-26T22:41:48","date_gmt":"2023-03-26T22:41:48","guid":{"rendered":"https:\/\/menagers-holding.fr\/?post_type=product&#038;p=3966"},"modified":"2025-09-21T04:31:58","modified_gmt":"2025-09-21T04:31:58","slug":"chauffage-solaire-piscine-de-816-m%c2%b2-pour-30-m3-deau","status":"publish","type":"product","link":"https:\/\/menagers-holding.fr\/?product=chauffage-solaire-piscine-de-816-m%c2%b2-pour-30-m3-deau","title":{"rendered":"Chauffage solaire piscine de 8,16 m\u00b2 pour 30 m3 d&rsquo;eau"},"content":{"rendered":"<p>Description<br \/>\nChauffage solaire LDPE &#8211; 2 panneaux longueur 6 m\u00e8tres &#8211; Largeur 60 cm &#8211; Soit 8,16 m\u00b2 &#8211; Livr\u00e9 complet &#8211; Pr\u00eat \u00e0 raccorder &#8211; Adapt\u00e9 pour tout types de piscines &#8211; Installation facile &#8211; Gagnez jusqu&rsquo;\u00e0 6\u00b0 en toute simplicit\u00e9Colisage : 1 colis : &#8211; 0,44 x 0,44 x 0,82 m, 22,08 kg.<br \/>\nPoids : 18 kg.<\/p>\n<p>**Points forts :** Puissant, silencieux et \u00e9conomique.<br \/>\n**Pourquoi choisir ce produit ?** Pour un confort optimal toute l\u2019ann\u00e9e.<\/p>\n","protected":false},"excerpt":{"rendered":"<p>Caract\u00e9ristiques<br \/>\nLongueur<br \/>\n600.0 cm<br \/>\nLargeur<br \/>\n60.0 cm<br \/>\nHauteur<br \/>\n10.0 cm<br \/>\nPoids<br \/>\n18.0 kg<br \/>\nMati\u00e8res<br \/>\nComposite<br \/>\nVolume action<br \/>\n30.0 m\u00b3<br \/>\nGarantie<br \/>\n1 ann\u00e9e<br \/>\nR\u00e9f. fabricant<br \/>\n932vp0601000 Con\u00e7u pour le confort, la puissance et la faible consommation.<\/p>\n","protected":false},"featured_media":3967,"comment_status":"closed","ping_status":"closed","template":"","meta":[],"product_brand":[],"product_cat":[156],"product_tag":[],"class_list":{"0":"post-3966","1":"product","2":"type-product","3":"status-publish","6":"product_cat-chauffage-et-plomberie","8":"first","9":"instock","10":"sale","11":"taxable","12":"shipping-taxable","13":"purchasable","14":"product-type-simple"},"_links":{"self":[{"href":"https:\/\/menagers-holding.fr\/index.php?rest_route=\/wp\/v2\/product\/3966","targetHints":{"allow":["GET"]}}],"collection":[{"href":"https:\/\/menagers-holding.fr\/index.php?rest_route=\/wp\/v2\/product"}],"about":[{"href":"https:\/\/menagers-holding.fr\/index.php?rest_route=\/wp\/v2\/types\/product"}],"replies":[{"embeddable":true,"href":"https:\/\/menagers-holding.fr\/index.php?rest_route=%2Fwp%2Fv2%2Fcomments&post=3966"}],"wp:featuredmedia":[{"embeddable":true,"href":"https:\/\/menagers-holding.fr\/index.php?rest_route=\/wp\/v2\/media\/3967"}],"wp:attachment":[{"href":"https:\/\/menagers-holding.fr\/index.php?rest_route=%2Fwp%2Fv2%2Fmedia&parent=3966"}],"wp:term":[{"taxonomy":"product_brand","embeddable":true,"href":"https:\/\/menagers-holding.fr\/index.php?rest_route=%2Fwp%2Fv2%2Fproduct_brand&post=3966"},{"taxonomy":"product_cat","embeddable":true,"href":"https:\/\/menagers-holding.fr\/index.php?rest_route=%2Fwp%2Fv2%2Fproduct_cat&post=3966"},{"taxonomy":"product_tag","embeddable":true,"href":"https:\/\/menagers-holding.fr\/index.php?rest_route=%2Fwp%2Fv2%2Fproduct_tag&post=3966"}],"curies":[{"name":"wp","href":"https:\/\/api.w.org\/{rel}","templated":true}]}}