{"id":3926,"date":"2023-03-24T01:00:07","date_gmt":"2023-03-24T01:00:07","guid":{"rendered":"https:\/\/menagers-holding.fr\/?post_type=product&#038;p=3926"},"modified":"2025-09-23T08:52:14","modified_gmt":"2025-09-23T08:52:14","slug":"piscine-de-jardin-power-steel-rectangulaire-de-bestwa","status":"publish","type":"product","link":"https:\/\/menagers-holding.fr\/?product=piscine-de-jardin-power-steel-rectangulaire-de-bestwa","title":{"rendered":"Piscine de jardin Power Steel\u2122 rectangulaire de Bestwa"},"content":{"rendered":"<p>Description<br \/>\nPartagez de v\u00e9ritables moments de convivialit\u00e9 avec la piscine de jardin Power Steel\u2122 rectangulaire de Bestway\u00ae ! Id\u00e9ale pour les familles, elle offre plus de place pour nager et s&rsquo;amuser \u00e0 plusieurs. Dot\u00e9e d&rsquo;une structure en acier renforc\u00e9, cette piscine hors-sol est con\u00e7ue pour offrir une r\u00e9sistance et une durabilit\u00e9 maximales. Gr\u00e2ce au montage sans outils, installez facilement et rapidement la piscine dans votre jardin. Avec son design tr\u00e8s \u00e9pur\u00e9, votre piscine s&rsquo;int\u00e8grera \u00e0 votre superbe jardin en toute harmonie. Avec la piscine Power Steel\u2122 rectangulaire, votre famille ne voudra plus sortir de l&rsquo;eau ! Technologies Con\u00e7ue pour durer, la piscine hors sol Power Steel\u2122 de Bestway\u00ae est facile \u00e0 monter. La structure en acier durable et anticorrosion est \u00e9quip\u00e9e de notre syst\u00e8me brevet\u00e9 Seal &amp; Lock\u2122 pour un raccordement solide et s\u00e9curis\u00e9 de chaque pi\u00e8ce. Le liner Duraplus\u2122 se compose d&rsquo;un c\u0153ur en fibre polyester et de deux couches de PVC de grande \u00e9paisseur. Ce mat\u00e9riau, durable et renforc\u00e9, assure plus de solidit\u00e9 et de r\u00e9sistance aux perforations. Vous pourrez ainsi continuer \u00e0 vous amuser dans votre piscine ann\u00e9e apr\u00e8s ann\u00e9e ! Propret\u00e9 et entretien de l&rsquo;eau Pour assurer une bonne filtration de l&rsquo;eau, la piscine Power Steel\u2122 est vendue avec une pompe de filtration \u00e0 sable. En compl\u00e9ment, le diffuseur ChemConnect\u2122 lib\u00e8re uniform\u00e9ment et selon vos besoins la dose de chlore id\u00e9ale dans votre piscine afin de la maintenir toujours propre. La valve de vidange avec contr\u00f4le du flux int\u00e9gr\u00e9e facilite l&rsquo;\u00e9vacuation de l&rsquo;eau en se fixant sur le tuyau d&rsquo;arrosage gr\u00e2ce \u00e0 un adaptateur fourni. S\u00e9curit\u00e9 et accessibilit\u00e9 Pour garantir la s\u00e9curit\u00e9 de vos enfants, l&rsquo;\u00e9chelle est con\u00e7ue avec un syst\u00e8me de s\u00e9curit\u00e9 Flip and Lock qui emp\u00eache l&rsquo;acc\u00e8s non surveill\u00e9 \u00e0 la piscine. Dimensions Caract\u00e9ristiques Dimensions 412 x 201 x 122 cm Volume d&rsquo;eau \u00e0 90% 8 124 L D\u00e9bit d&rsquo;eau de la pompe 3 028 L\/h Mat\u00e9riau Duraplus\u2122 Temps de montage 20 minutes Voltage 220-240 V Contenu 1 piscine, 1 pompe de filtration \u00e0 sable, 1 diffuseur ChemConnect\u2122, 1 \u00e9chelle de s\u00e9curit\u00e9<\/p>\n<p>**Points forts :** R\u00e9sistant aux conditions ext\u00e9rieures, facile d\u2019entretien.<br \/>\n**Pourquoi choisir ce produit ?** Parfait pour profiter de votre ext\u00e9rieur en toute s\u00e9r\u00e9nit\u00e9.<\/p>\n","protected":false},"excerpt":{"rendered":"<h5><strong>Caract\u00e9ristiques<br \/>\nForme<br \/>\nRectangulaire<br \/>\nHauteur<br \/>\n1.22 m<br \/>\nPoids<br \/>\n29.0 kg<br \/>\nVolume<br \/>\n0.00812 m\u00b3<br \/>\nMati\u00e8res<br \/>\nM\u00e9tal<br \/>\nCouleur<br \/>\nJaune<br \/>\nType de filtre eau<br \/>\nFiltre sable<br \/>\nLongueur<br \/>\n4.12 m<br \/>\nLargeur<br \/>\n2.01 m<br \/>\nR\u00e9f. ManoMano<br \/>\nME53271150<\/strong><\/h5>\n<p> Robuste, pratique et adapt\u00e9 \u00e0 l\u2019ext\u00e9rieur.<\/p>\n","protected":false},"featured_media":3927,"comment_status":"closed","ping_status":"closed","template":"","meta":[],"product_brand":[],"product_cat":[158,157],"product_tag":[],"class_list":{"0":"post-3926","1":"product","2":"type-product","3":"status-publish","6":"product_cat-piscine","7":"product_cat-terrasse-et-jardin","9":"first","10":"instock","11":"sale","12":"taxable","13":"shipping-taxable","14":"purchasable","15":"product-type-simple"},"_links":{"self":[{"href":"https:\/\/menagers-holding.fr\/index.php?rest_route=\/wp\/v2\/product\/3926","targetHints":{"allow":["GET"]}}],"collection":[{"href":"https:\/\/menagers-holding.fr\/index.php?rest_route=\/wp\/v2\/product"}],"about":[{"href":"https:\/\/menagers-holding.fr\/index.php?rest_route=\/wp\/v2\/types\/product"}],"replies":[{"embeddable":true,"href":"https:\/\/menagers-holding.fr\/index.php?rest_route=%2Fwp%2Fv2%2Fcomments&post=3926"}],"wp:featuredmedia":[{"embeddable":true,"href":"https:\/\/menagers-holding.fr\/index.php?rest_route=\/wp\/v2\/media\/3927"}],"wp:attachment":[{"href":"https:\/\/menagers-holding.fr\/index.php?rest_route=%2Fwp%2Fv2%2Fmedia&parent=3926"}],"wp:term":[{"taxonomy":"product_brand","embeddable":true,"href":"https:\/\/menagers-holding.fr\/index.php?rest_route=%2Fwp%2Fv2%2Fproduct_brand&post=3926"},{"taxonomy":"product_cat","embeddable":true,"href":"https:\/\/menagers-holding.fr\/index.php?rest_route=%2Fwp%2Fv2%2Fproduct_cat&post=3926"},{"taxonomy":"product_tag","embeddable":true,"href":"https:\/\/menagers-holding.fr\/index.php?rest_route=%2Fwp%2Fv2%2Fproduct_tag&post=3926"}],"curies":[{"name":"wp","href":"https:\/\/api.w.org\/{rel}","templated":true}]}}