{"id":3844,"date":"2023-02-15T00:18:43","date_gmt":"2023-02-15T00:18:43","guid":{"rendered":"https:\/\/menagers-holding.fr\/?post_type=product&#038;p=3844"},"modified":"2025-09-23T08:52:15","modified_gmt":"2025-09-23T08:52:15","slug":"kit-piscine-bois-gre-carra-305-x-305-x-119-m-bache-a-bulles-alarme","status":"publish","type":"product","link":"https:\/\/menagers-holding.fr\/?product=kit-piscine-bois-gre-carra-305-x-305-x-119-m-bache-a-bulles-alarme","title":{"rendered":"Kit piscine bois Gr\u00e9 Carra 3,05 x 3,05 x 1,19 m + B\u00e2che \u00e0 bulles + Alarme"},"content":{"rendered":"<p>Description<\/p>\n<p>Cet \u00e9t\u00e9, optez pour une piscine en bois ! La piscine bois carr\u00e9e Sunbay mod\u00e8le Carra 3,05 x 3,05 m, d&rsquo;une hauteur d&rsquo;1,19 m, peut \u00eatre install\u00e9e hors-sol, semi-enterr\u00e9e, ou enterr\u00e9e. Elle est livr\u00e9e avec tous ses accessoires : ossature bois, liner, feutres, pi\u00e8ces \u00e0 sceller et filtration.Le kit de piscine en bois Carra se compose de :- Structure 4 pans en pin Silvestre autoclave classe IV origine France avec une visserie 100% Inox et 4 sabots m\u00e9talliques- Un liner bleu d&rsquo;une \u00e9paisseur de 60\/100e avec un accrochage Hung &#8211; Un syst\u00e8me de filtration \u00e0 sable d\u00e9bit 4 m\u00b3 (19 kg de sable fourni), cuve \u00d8 32 cm, 180 W, vanne 5 voies- Un feutre de fond et un de parois inclus 200 g\/m&rsquo;- Un skimmer petite meurtri\u00e8re blanche- Une \u00e9chelle int\u00e9rieure en Inox avec 3 marches antid\u00e9rapantes- Une \u00e9chelle ext\u00e9rieure en bois amovible pour faciliter l&rsquo;acc\u00e8s au bassin- Caches angles, plaques sous margellesLes dimensions g\u00e9n\u00e9rales de la piscine Carra de Sunbay- Dimensions ext\u00e9rieures (L x l x H) : 3,05 x 3,05 x 1,19 m- Dimensions int\u00e9rieures (L x l x H) : 2,73 x 2,73 x 1,16 m- Volume d&rsquo;eau : 7,7 m\u00b3La pose d&rsquo;une dalle en b\u00e9ton est obligatoire pour l&rsquo;installation de la piscine Carra.Garantie 10 ans sur la structure bois sur le pourrissement et les attaques d&rsquo;insectes \/ 2 ans sur la filtration et les accessoires \/ Couleur du liner:Bleu \/ D\u00e9bit de filtration:4 m\u00b3\/h \/ Dimensions de la dalle b\u00e9ton:4,00 x 4,00 x 0,15 m \/ Dimensions ext\u00e9rieures (L x l ou \u00d8):3,05 x 3,05 cm \/ Dimensions ext\u00e9rieures (L x l x H):3,05 x 3,05 x 1,19 m \/ Dimensions int\u00e9rieures (L x l ou \u00d8):2,73 x 2,73 m \/ Dimensions int\u00e9rieures (L x l x H):2,67 x 2,67 x 1,16 m \/ \u00c9chelle:Oui \/ \u00c9paisseur bois:46 mm \/ Epaisseur des parois:46 mm \/ \u00c9paisseur du liner:60\/100 \/ Feutre de fond:Oui \/ Feutre de paroi:Oui \/ Filtration incluse:Oui \/ Forme:Carr\u00e9 \/ Garantie:10 ans sur la structure, 5 ans sur le liner et 2 ans sur le liner et les accessoires \/ Hauteur:1,19 m \/ Hauteur d&rsquo;eau:1,06 m \/ Installation:Hors-sol \/ Semi-enterr\u00e9e \/ Enterr\u00e9e \/ Marque:Gr\u00e9 \/ Skimmer:Oui \/ Surface de nage:2,67 x 2,67 m \/ Temps de montage:2 jours \u00e0 2 personnes minimum \/ Type de bois:Pin \/ Type de filtration:\u00c0 sable \/ Type de filtre:\u00c0 sable \/ Volume d&rsquo;eau:7,7 m\u00b3<\/p>\n<p>**Points forts :** R\u00e9sistant aux conditions ext\u00e9rieures, facile d\u2019entretien.<br \/>\n**Pourquoi choisir ce produit ?** Parfait pour profiter de votre ext\u00e9rieur en toute s\u00e9r\u00e9nit\u00e9.<\/p>\n","protected":false},"excerpt":{"rendered":"<p>Caract\u00e9ristiques<\/p>\n<p>EAN<br \/>\n3665872021132<br \/>\nForme<br \/>\nCarr\u00e9e<br \/>\nHauteur du produit<br \/>\n1.19 m<br \/>\nLargeur produit<br \/>\n3.05 m<br \/>\nLongueur du produit<br \/>\n3.05 m<br \/>\nType de piscine \/spa<br \/>\nBois<br \/>\nMarque<br \/>\nGre<br \/>\nGarantie l\u00e9gale de conformit\u00e9<br \/>\n24 mois pour les produits neufs, 12 mois pour les produits d&rsquo;occasion Robuste, pratique et adapt\u00e9 \u00e0 l\u2019ext\u00e9rieur.<\/p>\n","protected":false},"featured_media":3845,"comment_status":"closed","ping_status":"closed","template":"","meta":[],"product_brand":[],"product_cat":[158,157],"product_tag":[],"class_list":{"0":"post-3844","1":"product","2":"type-product","3":"status-publish","6":"product_cat-piscine","7":"product_cat-terrasse-et-jardin","9":"first","10":"instock","11":"sale","12":"taxable","13":"shipping-taxable","14":"purchasable","15":"product-type-simple"},"_links":{"self":[{"href":"https:\/\/menagers-holding.fr\/index.php?rest_route=\/wp\/v2\/product\/3844","targetHints":{"allow":["GET"]}}],"collection":[{"href":"https:\/\/menagers-holding.fr\/index.php?rest_route=\/wp\/v2\/product"}],"about":[{"href":"https:\/\/menagers-holding.fr\/index.php?rest_route=\/wp\/v2\/types\/product"}],"replies":[{"embeddable":true,"href":"https:\/\/menagers-holding.fr\/index.php?rest_route=%2Fwp%2Fv2%2Fcomments&post=3844"}],"wp:featuredmedia":[{"embeddable":true,"href":"https:\/\/menagers-holding.fr\/index.php?rest_route=\/wp\/v2\/media\/3845"}],"wp:attachment":[{"href":"https:\/\/menagers-holding.fr\/index.php?rest_route=%2Fwp%2Fv2%2Fmedia&parent=3844"}],"wp:term":[{"taxonomy":"product_brand","embeddable":true,"href":"https:\/\/menagers-holding.fr\/index.php?rest_route=%2Fwp%2Fv2%2Fproduct_brand&post=3844"},{"taxonomy":"product_cat","embeddable":true,"href":"https:\/\/menagers-holding.fr\/index.php?rest_route=%2Fwp%2Fv2%2Fproduct_cat&post=3844"},{"taxonomy":"product_tag","embeddable":true,"href":"https:\/\/menagers-holding.fr\/index.php?rest_route=%2Fwp%2Fv2%2Fproduct_tag&post=3844"}],"curies":[{"name":"wp","href":"https:\/\/api.w.org\/{rel}","templated":true}]}}