{"id":3842,"date":"2023-02-15T00:16:26","date_gmt":"2023-02-15T00:16:26","guid":{"rendered":"https:\/\/menagers-holding.fr\/?post_type=product&#038;p=3842"},"modified":"2025-09-24T02:39:48","modified_gmt":"2025-09-24T02:39:48","slug":"kit-piscine-composite-gre-avant-garde-ovale-804-x-386-x-124-m-bache-hiver","status":"publish","type":"product","link":"https:\/\/menagers-holding.fr\/?product=kit-piscine-composite-gre-avant-garde-ovale-804-x-386-x-124-m-bache-hiver","title":{"rendered":"Kit piscine composite Gr\u00e9 Avant-Garde ovale 8,04 x 3,86 x 1,24 m + B\u00e2che hiver"},"content":{"rendered":"<p>Description<\/p>\n<p>Choisissez une piscine originale, en bois composite de la gamme Avant-garde. Ce bassin Gr\u00e9 de forme ovale est livr\u00e9 complet :<\/p>\n<p>\u2022 Une structure en composite de 36 mm avec ses margelles.<br \/>\n\u2022 Un liner en PVC gris avec traitemant anti-UV d&rsquo;une \u00e9paisseur de 60\/100.<br \/>\n\u2022 Un syst\u00e8me de filtration \u00e0 sable 6 m\u00b3\/h, avec \u00b1 40 kg de sable inclus (silex 0.4 &#8211; 0.8 mm), Cuve : \u00d8400 &#8211; 230 W, Vanne 5 voies.<br \/>\n\u2022 Un skimmer \u00e0 bec large et soupape de retour.<br \/>\n\u2022 Une \u00e9chelle int\u00e9rieure en acier inoxydable 3 marches.<br \/>\n\u2022 Une \u00e9chelle ext\u00e9rieure en composite 4 marches.<br \/>\n\u2022 Un tapis de sol en poly\u00e9thyl\u00e8ne.<br \/>\n\u2022 Inclut des tuyaux flexibles de branchement.Cette piscine Gr\u00e9 de la gamme Avant-Garde est propos\u00e9e en 3 longueurs, pour une largeur de 3,86 m et une hauteur d&rsquo;1,24 m.Piscine composite Avant-Garde 5,24 x 3,86 x 1,24 m<br \/>\n\u2022 Dimensions ext\u00e9rieures (L x l x h) : 5,24 x 3,86 x 1,24 m<br \/>\n\u2022 Dimensions int\u00e9rieures (L x l x h) : 4,78 x 3,38 x 1,21 cm<br \/>\n\u2022Volume d&rsquo;eau : 16,21 m\u00b3\u2022 Espace n\u00e9cessaire : 5,64 x 5,06 mPiscine composite Avant-Garde 6,64 x 3,86 x 1,24 m<br \/>\n\u2022 Dimensions ext\u00e9rieures (L x l x h) : 6,64 x 3,86 x 1,24 m<br \/>\n\u2022 Dimensions int\u00e9rieures (L x l x h) : 6,18 x 3,38 x 1,21 cm\u2022 Volume d&rsquo;eau : 21,5 m\u00b3<br \/>\n\u2022 Espace n\u00e9cessaire : 7,04 x 5,06 mPiscine composite Avant-Garde 6,64 x 3,86 x 1,54 m<br \/>\n\u2022 Dimensions ext\u00e9rieures (L x l x h) : 6,64 x 3,86 x 1,54 m<br \/>\n\u2022 Dimensions int\u00e9rieures (L x l x h) : 6,18 x 3,38 x 1,51 cm<br \/>\n\u2022 Volume d&rsquo;eau : 27,5 m\u00b3<br \/>\n\u2022 Espace n\u00e9cessaire : 7,04 x 5,06 mPiscine composite Avant-Garde 8,04 x 3,86 x 1,24 m<br \/>\n\u2022 Dimensions ext\u00e9rieures (L x l x h) : 8,04 x 3,86 x 1,24 m<br \/>\n\u2022 Dimensions int\u00e9rieures (L x l x h) : 7,58 x 3,38 x 1,21 cm<br \/>\n\u2022 Volume d&rsquo;eau : 27 m\u00b3<br \/>\n\u2022 Espace n\u00e9cessaire : 8,44 x 5,06 mCette piscine Gr\u00e9 est garantie 2 ans.<\/p>\n<p>Cette garantie de 2 ans s&rsquo;applique \u00e9galement sur les accessoires comme la filtration. \/ Couleur du liner:Gris \/ D\u00e9bit de filtration:6 m\u00b3\/h \/ Dimensions de la dalle b\u00e9ton:8,44 x 5,06 m \/ Dimensions ext\u00e9rieures (L x l ou \u00d8):8,04 x 3,86 m \/ Dimensions ext\u00e9rieures (L x l x H):8,04 x 3,86 x 1,24 m \/ Dimensions int\u00e9rieures (L x l ou \u00d8):7,58 x 3,38 m \/ Dimensions int\u00e9rieures (L x l x H):7,58 x 3,38 x 1,21 cm \/ \u00c9chelle:Oui \/ Epaisseur des parois:36 mm \/ Epaisseur du liner:60\/100 \/ \u00c9paisseur du liner:60\/100 \/ Feutre de fond:Oui \/ Feutre de paroi:Non \/ Filtration incluse:Oui \/ Forme:Ovale \/ Garantie:5 ans sur la structure \/ 2 ans sur la filtration et les accessoires \/ Hauteur:1,24 m \/ Hauteur d&rsquo;eau:1,21 m \/ Installation:Hors-sol \/ Marque:Gr\u00e9 \/ Skimmer:Oui \/ Temps de montage:8 h \u00e0 2 personnes \/ Type de bois:Composite \/ Type de filtration:\u00c0 sable \/ Type de filtre:\u00c0 sable \/ Volume d&rsquo;eau:27 m\u00b3<\/p>\n<p>**Points forts :** R\u00e9sistant aux conditions ext\u00e9rieures, facile d\u2019entretien.<br \/>\n**Pourquoi choisir ce produit ?** Parfait pour profiter de votre ext\u00e9rieur en toute s\u00e9r\u00e9nit\u00e9.<\/p>\n","protected":false},"excerpt":{"rendered":"<p>Caract\u00e9ristiques<\/p>\n<p>EAN<br \/>\n7061287986565<br \/>\nForme<br \/>\nOvale<br \/>\nHauteur du produit<br \/>\n1.24 m<br \/>\nLargeur produit<br \/>\n3.86 m<br \/>\nLongueur du produit<br \/>\n8.04 m<br \/>\nType de piscine \/spa<br \/>\nBois<br \/>\nMarque<br \/>\nGre<br \/>\nGarantie l\u00e9gale de conformit\u00e9<br \/>\n24 mois pour les produits neufs, 12 mois pour les produits d&rsquo;occasion Robuste, pratique et adapt\u00e9 \u00e0 l\u2019ext\u00e9rieur.<\/p>\n","protected":false},"featured_media":4995,"comment_status":"closed","ping_status":"closed","template":"","meta":[],"product_brand":[],"product_cat":[158,157],"product_tag":[],"class_list":{"0":"post-3842","1":"product","2":"type-product","3":"status-publish","6":"product_cat-piscine","7":"product_cat-terrasse-et-jardin","9":"first","10":"instock","11":"sale","12":"taxable","13":"shipping-taxable","14":"purchasable","15":"product-type-simple"},"_links":{"self":[{"href":"https:\/\/menagers-holding.fr\/index.php?rest_route=\/wp\/v2\/product\/3842","targetHints":{"allow":["GET"]}}],"collection":[{"href":"https:\/\/menagers-holding.fr\/index.php?rest_route=\/wp\/v2\/product"}],"about":[{"href":"https:\/\/menagers-holding.fr\/index.php?rest_route=\/wp\/v2\/types\/product"}],"replies":[{"embeddable":true,"href":"https:\/\/menagers-holding.fr\/index.php?rest_route=%2Fwp%2Fv2%2Fcomments&post=3842"}],"wp:featuredmedia":[{"embeddable":true,"href":"https:\/\/menagers-holding.fr\/index.php?rest_route=\/wp\/v2\/media\/4995"}],"wp:attachment":[{"href":"https:\/\/menagers-holding.fr\/index.php?rest_route=%2Fwp%2Fv2%2Fmedia&parent=3842"}],"wp:term":[{"taxonomy":"product_brand","embeddable":true,"href":"https:\/\/menagers-holding.fr\/index.php?rest_route=%2Fwp%2Fv2%2Fproduct_brand&post=3842"},{"taxonomy":"product_cat","embeddable":true,"href":"https:\/\/menagers-holding.fr\/index.php?rest_route=%2Fwp%2Fv2%2Fproduct_cat&post=3842"},{"taxonomy":"product_tag","embeddable":true,"href":"https:\/\/menagers-holding.fr\/index.php?rest_route=%2Fwp%2Fv2%2Fproduct_tag&post=3842"}],"curies":[{"name":"wp","href":"https:\/\/api.w.org\/{rel}","templated":true}]}}