{"id":3838,"date":"2023-02-15T00:14:21","date_gmt":"2023-02-15T00:14:21","guid":{"rendered":"https:\/\/menagers-holding.fr\/?post_type=product&#038;p=3838"},"modified":"2025-09-23T08:52:15","modified_gmt":"2025-09-23T08:52:15","slug":"piscine-composite-avant-garde-ronde-410-x-124-m-gre","status":"publish","type":"product","link":"https:\/\/menagers-holding.fr\/?product=piscine-composite-avant-garde-ronde-410-x-124-m-gre","title":{"rendered":"Piscine composite Avant-Garde ronde 4,10 x 1,24 m &#8211; Gr\u00e9"},"content":{"rendered":"<p>Description<\/p>\n<p>Piscine en composite ronde de la s\u00e9rie AvantGarde de Gr\u00e9 Parfaite pour les petits terrains, cette piscine ronde en composite hors-sol \u00d8 4,10 m apportera une touche d&rsquo;\u00e9l\u00e9gance dans le jardin. D&rsquo;un tr\u00e8s bel esth\u00e9tisme, les panneaux en composite offrent \u00e9galement une forte r\u00e9sistance aux conditions ext\u00e9rieures. D&rsquo;une hauteur de 1,24 m, la piscine hors-sol AvantGarde convient pour toute la famille.Facile \u00e0 monter et \u00e0 installer, ce kit piscine hors-sol en composite est livr\u00e9 avec un \u00e9quipement complet pour une utilisation rapide. Temps de montage estim\u00e9 : 6 heures pour 2\/3 personnes L&rsquo;\u00e9quipement de la piscine : &#8211; Structure en composite de 36 mm- Un liner en PVC bleu d&rsquo;une \u00e9paisseur de 60\/100- Syst\u00e8me de filtration \u00e0 sable avec 23 kg de sable inclus (silex 0.4 \u2013 0.8 mm), une cuve de \u00d8 30 cm, une vanne 5 voies, d\u00e9bit de filtration de 3 m\u00b3\/h, puissance 125 W.- Skimmer gris- 1 \u00e9chelle int\u00e9rieure en inox et 1 \u00e9chelle ext\u00e9rieure en composite- Tapis de sol en polyester pour la protection de votre piscineLes dimensions de la piscine : &#8211; Dimensions ext\u00e9rieures (\u00d8 x h) : 410 x 124 cm- Dimensions int\u00e9rieures (\u00d8 x h) : 366 x 124 cm- Volume d&rsquo;eau : 11 m\u00b3- Espace n\u00e9cessaire (L x l) : 450 x 450 cm- Poids : 738 kgCette piscine hors-sol Gr\u00e9 est garantie 5 ans sur la structure et 2 ans sur la filtration et les accessoires. \/ Couleur:Bois \/ Couleur du liner:Bleu \/ D\u00e9bit de filtration:4 m\u00b3\/h \/ Dimensions de la dalle b\u00e9ton:4,46 x 4,46 m \/ Dimensions ext\u00e9rieures (L x l):4,1 x 4,1 m \/ Dimensions int\u00e9rieures (L x l):3,66 x 3,66 m \/ \u00c9chelle:Oui \/ Epaisseur des parois:36 mm \/ Epaisseur du liner:60\/100 \/ Feutre de fond:Non \/ Feutre de paroi:Non \/ Filtration incluse:Oui \/ Forme:Ronde \/ Garantie:5 ans sur la structure \/ 2 ans sur la filtration et les accessoires \/ Hauteur:1,24 m \/ Hauteur d&rsquo;eau:1,21 m \/ Installation:Hors-sol \/ Semi-enterr\u00e9e \/ Enterr\u00e9e \/ Largeur:4,1 m \/ Longueur:4,1 m \/ Marque:GRE \/ Mati\u00e8re(s):Composite \/ Mod\u00e8le:Avant-Garde \/ Skimmer:Oui \/ Temps de montage:6 h \/ Type de bois:Composite \/ Type de filtration:\u00c0 sable \/ Volume d&rsquo;eau:11 m\u00b3<\/p>\n<p>**Points forts :** R\u00e9sistant aux conditions ext\u00e9rieures, facile d\u2019entretien.<br \/>\n**Pourquoi choisir ce produit ?** Parfait pour profiter de votre ext\u00e9rieur en toute s\u00e9r\u00e9nit\u00e9.<\/p>\n","protected":false},"excerpt":{"rendered":"<p>Caract\u00e9ristiques<\/p>\n<p>EAN<br \/>\n8412081003733<br \/>\nForme<br \/>\nAutre<br \/>\nHauteur du produit<br \/>\n0.1 m<br \/>\nLargeur produit<br \/>\n0.1 m<br \/>\nLongueur du produit<br \/>\n0.1 m<br \/>\nType de piscine \/spa<br \/>\nBois<br \/>\nMarque<br \/>\nGre<br \/>\nGarantie l\u00e9gale de conformit\u00e9<br \/>\n24 mois pour les produits neufs, 12 Robuste, pratique et adapt\u00e9 \u00e0 l\u2019ext\u00e9rieur.<\/p>\n","protected":false},"featured_media":3839,"comment_status":"closed","ping_status":"closed","template":"","meta":[],"product_brand":[],"product_cat":[158,157],"product_tag":[],"class_list":{"0":"post-3838","1":"product","2":"type-product","3":"status-publish","6":"product_cat-piscine","7":"product_cat-terrasse-et-jardin","9":"first","10":"instock","11":"sale","12":"taxable","13":"shipping-taxable","14":"purchasable","15":"product-type-simple"},"_links":{"self":[{"href":"https:\/\/menagers-holding.fr\/index.php?rest_route=\/wp\/v2\/product\/3838","targetHints":{"allow":["GET"]}}],"collection":[{"href":"https:\/\/menagers-holding.fr\/index.php?rest_route=\/wp\/v2\/product"}],"about":[{"href":"https:\/\/menagers-holding.fr\/index.php?rest_route=\/wp\/v2\/types\/product"}],"replies":[{"embeddable":true,"href":"https:\/\/menagers-holding.fr\/index.php?rest_route=%2Fwp%2Fv2%2Fcomments&post=3838"}],"wp:featuredmedia":[{"embeddable":true,"href":"https:\/\/menagers-holding.fr\/index.php?rest_route=\/wp\/v2\/media\/3839"}],"wp:attachment":[{"href":"https:\/\/menagers-holding.fr\/index.php?rest_route=%2Fwp%2Fv2%2Fmedia&parent=3838"}],"wp:term":[{"taxonomy":"product_brand","embeddable":true,"href":"https:\/\/menagers-holding.fr\/index.php?rest_route=%2Fwp%2Fv2%2Fproduct_brand&post=3838"},{"taxonomy":"product_cat","embeddable":true,"href":"https:\/\/menagers-holding.fr\/index.php?rest_route=%2Fwp%2Fv2%2Fproduct_cat&post=3838"},{"taxonomy":"product_tag","embeddable":true,"href":"https:\/\/menagers-holding.fr\/index.php?rest_route=%2Fwp%2Fv2%2Fproduct_tag&post=3838"}],"curies":[{"name":"wp","href":"https:\/\/api.w.org\/{rel}","templated":true}]}}