{"id":3831,"date":"2023-02-15T00:02:33","date_gmt":"2023-02-15T00:02:33","guid":{"rendered":"https:\/\/menagers-holding.fr\/?post_type=product&#038;p=3831"},"modified":"2025-09-24T02:45:12","modified_gmt":"2025-09-24T02:45:12","slug":"spa-gonflable-carree-bi-zone-calacatta-4-places","status":"publish","type":"product","link":"https:\/\/menagers-holding.fr\/?product=spa-gonflable-carree-bi-zone-calacatta-4-places","title":{"rendered":"Spa gonflable carr\u00e9e Bi-Zone Calacatta 4 places"},"content":{"rendered":"<p>DESCRIPTION DU PRODUIT<br \/>\nCet \u00e9t\u00e9, place \u00e0 la relaxation absolue avec le spa gonflable \u00ab\u00a0Calacatta\u00a0\u00bb INTEX.<\/p>\n<p>Pour des instants de convivialit\u00e9<br \/>\nCe spa gonflable carr\u00e9 accueillera volontiers 4 personnes pour des moments de d\u00e9tente exceptionnels. En famille ou entre amis, vous profiterez de l&rsquo;eau chaude et des bulles qui vous procureront beaucoup de bien-\u00eatre.<\/p>\n<p>Un design tendance<br \/>\nLe spa gonflable \u00ab\u00a0Calacatta\u00a0\u00bb arbore un joli rev\u00eatement effet marbre qui ravira vos convives. Sa structure robuste vous permettra de profiter du bassin en toute s\u00e9curit\u00e9.<\/p>\n<p>Un spa \u00e0 entretenir<br \/>\nPour que l&rsquo;eau reste limpide pendant longtemps, utilisez un kit d&rsquo;entretien et un aspirateur manuel pour spa INTEX.<br \/>\nPour un coin cosy dans votre jardin, installez aussi des transats et un parasol Hesp\u00e9ride.<br \/>\nR\u00e9f\u00e9rence :<br \/>\n68028464<\/p>\n<p>**Points forts :** R\u00e9sistant aux conditions ext\u00e9rieures, facile d\u2019entretien.<br \/>\n**Pourquoi choisir ce produit ?** Parfait pour profiter de votre ext\u00e9rieur en toute s\u00e9r\u00e9nit\u00e9.<\/p>\n","protected":false},"excerpt":{"rendered":"<p>Robuste, pratique et adapt\u00e9 \u00e0 l\u2019ext\u00e9rieur.<\/p>\n","protected":false},"featured_media":5000,"comment_status":"closed","ping_status":"closed","template":"","meta":[],"product_brand":[],"product_cat":[158,157],"product_tag":[],"class_list":{"0":"post-3831","1":"product","2":"type-product","3":"status-publish","6":"product_cat-piscine","7":"product_cat-terrasse-et-jardin","9":"first","10":"instock","11":"sale","12":"taxable","13":"shipping-taxable","14":"purchasable","15":"product-type-simple"},"_links":{"self":[{"href":"https:\/\/menagers-holding.fr\/index.php?rest_route=\/wp\/v2\/product\/3831","targetHints":{"allow":["GET"]}}],"collection":[{"href":"https:\/\/menagers-holding.fr\/index.php?rest_route=\/wp\/v2\/product"}],"about":[{"href":"https:\/\/menagers-holding.fr\/index.php?rest_route=\/wp\/v2\/types\/product"}],"replies":[{"embeddable":true,"href":"https:\/\/menagers-holding.fr\/index.php?rest_route=%2Fwp%2Fv2%2Fcomments&post=3831"}],"wp:featuredmedia":[{"embeddable":true,"href":"https:\/\/menagers-holding.fr\/index.php?rest_route=\/wp\/v2\/media\/5000"}],"wp:attachment":[{"href":"https:\/\/menagers-holding.fr\/index.php?rest_route=%2Fwp%2Fv2%2Fmedia&parent=3831"}],"wp:term":[{"taxonomy":"product_brand","embeddable":true,"href":"https:\/\/menagers-holding.fr\/index.php?rest_route=%2Fwp%2Fv2%2Fproduct_brand&post=3831"},{"taxonomy":"product_cat","embeddable":true,"href":"https:\/\/menagers-holding.fr\/index.php?rest_route=%2Fwp%2Fv2%2Fproduct_cat&post=3831"},{"taxonomy":"product_tag","embeddable":true,"href":"https:\/\/menagers-holding.fr\/index.php?rest_route=%2Fwp%2Fv2%2Fproduct_tag&post=3831"}],"curies":[{"name":"wp","href":"https:\/\/api.w.org\/{rel}","templated":true}]}}