{"id":3813,"date":"2023-02-14T23:39:40","date_gmt":"2023-02-14T23:39:40","guid":{"rendered":"https:\/\/menagers-holding.fr\/?post_type=product&#038;p=3813"},"modified":"2025-09-21T04:31:55","modified_gmt":"2025-09-21T04:31:55","slug":"canape-de-jardin-lacovia-acacia-polyester-acacia-certifie-fsc","status":"publish","type":"product","link":"https:\/\/menagers-holding.fr\/?product=canape-de-jardin-lacovia-acacia-polyester-acacia-certifie-fsc","title":{"rendered":"Canap\u00e9 de jardin Lacovia Acacia Polyester, Acacia certifi\u00e9 FSC\u00ae"},"content":{"rendered":"<p>DESCRIPTION DU PRODUIT<br \/>\nAvec l&rsquo;arriv\u00e9e des beaux jours, offrez-vous le canap\u00e9 de jardin \u00ab\u00a0Lacovia\u00a0\u00bb Hesp\u00e9ride pour profiter du plein air.<\/p>\n<p>Un design aux lignes \u00e9pur\u00e9es<br \/>\nTr\u00e8s \u00e9l\u00e9gant, le canap\u00e9 de jardin \u00ab\u00a0Lacovia\u00a0\u00bb arbore une structure en bois d&rsquo;acacia certifi\u00e9 FSC\u00ae issu de for\u00eats g\u00e9r\u00e9es de fa\u00e7on responsable. La cha\u00eene de production, allant du producteur au consommateur, est \u00e9galement certifi\u00e9e FSC\u00ae. Il s&rsquo;int\u00e8grera parfaitement sur une terrasse \u00e0 la d\u00e9coration contemporaine et verdoyante.<\/p>\n<p>Pour profiter ensemble<br \/>\nLe canap\u00e9 de jardin \u00ab\u00a0Lacovia\u00a0\u00bb accueillera volontiers 3 personnes autour d&rsquo;un verre. Il deviendra vite la pi\u00e8ce ma\u00eetresse de votre am\u00e9nagement ext\u00e9rieur.<\/p>\n<p>Du mobilier de jardin facile \u00e0 vivre<br \/>\nLes coussins d\u00e9perlants r\u00e9sistent aux pluies d&rsquo;\u00e9t\u00e9. De plus, ils sont d\u00e9houssables pour un nettoyage facile. Utilisez une housse pour prot\u00e9ger votre canap\u00e9 de la m\u00e9t\u00e9o estivale. Remisez-le dans un lieu couvert durant l&rsquo;hiver.<br \/>\nAccordez votre meuble avec une table basse Hesp\u00e9ride de la ligne \u00ab\u00a0Lacovia\u00a0\u00bb pour le rendre plus fonctionnel.<br \/>\nR\u00e9f\u00e9rence :<br \/>\n186658<\/p>\n<p>**Points forts :** R\u00e9sistant aux conditions ext\u00e9rieures, facile d\u2019entretien.<br \/>\n**Pourquoi choisir ce produit ?** Parfait pour profiter de votre ext\u00e9rieur en toute s\u00e9r\u00e9nit\u00e9.<\/p>\n","protected":false},"excerpt":{"rendered":"<p>SP\u00c9CIFICIT\u00c9S TECHNIQUES<br \/>\nDimensions<br \/>\nL. 209 x P. 78 x H. 80 cm<br \/>\nGrammage (g\/m2)<br \/>\n230 g\/m\u00b2<br \/>\nMati\u00e8re de la structure<br \/>\nAcacia<br \/>\nMati\u00e8re du tissu<br \/>\nPolyester<br \/>\nNombre de places<br \/>\n3<br \/>\nCoussin(s) d\u00e9houssable(s)<br \/>\nOui<br \/>\nPoids Max autoris\u00e9 par personne<br \/>\n110 kg<br \/>\nNombre de coussin d\u2019assise<br \/>\n3<br \/>\nNombre de coussin de dossier<br \/>\n3<br \/>\nPoids (kg)<br \/>\n30,4<br \/>\nA monter soi-m\u00eame<br \/>\nNon<br \/>\nNotice fournie<br \/>\nNon<br \/>\nCertification<br \/>\nFSC\u00ae<br \/>\nNombre de colis<br \/>\n1 Robuste, pratique et adapt\u00e9 \u00e0 l\u2019ext\u00e9rieur.<\/p>\n","protected":false},"featured_media":3814,"comment_status":"closed","ping_status":"closed","template":"","meta":[],"product_brand":[],"product_cat":[157],"product_tag":[],"class_list":{"0":"post-3813","1":"product","2":"type-product","3":"status-publish","6":"product_cat-terrasse-et-jardin","8":"first","9":"instock","10":"sale","11":"taxable","12":"shipping-taxable","13":"purchasable","14":"product-type-simple"},"_links":{"self":[{"href":"https:\/\/menagers-holding.fr\/index.php?rest_route=\/wp\/v2\/product\/3813","targetHints":{"allow":["GET"]}}],"collection":[{"href":"https:\/\/menagers-holding.fr\/index.php?rest_route=\/wp\/v2\/product"}],"about":[{"href":"https:\/\/menagers-holding.fr\/index.php?rest_route=\/wp\/v2\/types\/product"}],"replies":[{"embeddable":true,"href":"https:\/\/menagers-holding.fr\/index.php?rest_route=%2Fwp%2Fv2%2Fcomments&post=3813"}],"wp:featuredmedia":[{"embeddable":true,"href":"https:\/\/menagers-holding.fr\/index.php?rest_route=\/wp\/v2\/media\/3814"}],"wp:attachment":[{"href":"https:\/\/menagers-holding.fr\/index.php?rest_route=%2Fwp%2Fv2%2Fmedia&parent=3813"}],"wp:term":[{"taxonomy":"product_brand","embeddable":true,"href":"https:\/\/menagers-holding.fr\/index.php?rest_route=%2Fwp%2Fv2%2Fproduct_brand&post=3813"},{"taxonomy":"product_cat","embeddable":true,"href":"https:\/\/menagers-holding.fr\/index.php?rest_route=%2Fwp%2Fv2%2Fproduct_cat&post=3813"},{"taxonomy":"product_tag","embeddable":true,"href":"https:\/\/menagers-holding.fr\/index.php?rest_route=%2Fwp%2Fv2%2Fproduct_tag&post=3813"}],"curies":[{"name":"wp","href":"https:\/\/api.w.org\/{rel}","templated":true}]}}