{"id":3778,"date":"2023-02-14T17:36:32","date_gmt":"2023-02-14T17:36:32","guid":{"rendered":"https:\/\/menagers-holding.fr\/?post_type=product&#038;p=3778"},"modified":"2025-09-23T08:42:01","modified_gmt":"2025-09-23T08:42:01","slug":"climatiseur-mobile-reversible-wifi-3500w-3300w-12000-btu","status":"publish","type":"product","link":"https:\/\/menagers-holding.fr\/?product=climatiseur-mobile-reversible-wifi-3500w-3300w-12000-btu","title":{"rendered":"Climatiseur mobile r\u00e9versible wifi 3500W\/3300W 12000 BTU Split"},"content":{"rendered":"<p>DESCRIPTION<\/p>\n<p>Un climatiseur r\u00e9versible pour 2 fois plus de plaisir<\/p>\n<p>Le confort thermique est \u00e0 port\u00e9e de main avec le climatiseur mobile r\u00e9versible WIFI 3500W\/3300W. Gr\u00e2ce \u00e0 ce sublime appareil design et discret, profitez d&rsquo;un air frais quotidien en \u00e9t\u00e9, et d&rsquo;une agr\u00e9able chaleur en hiver.<\/p>\n<p>Climatiseur, chauffage et d\u00e9shumidificateur<\/p>\n<p>Airton vous propose un produit complet et adapt\u00e9 \u00e0 votre rythme de vie. Ainsi, vous avez acc\u00e8s \u00e0 un climatiseur lorsque la m\u00e9t\u00e9o est caniculaire. Vous avez \u00e9galement un chauffage \u00e0 disposition lorsque le froid s&rsquo;invite dans votre maison et \u00e0 un ventilateur quand vous souhaitez changer d&rsquo;air. De plus, un d\u00e9shumidificateur est aussi pr\u00e9sent afin de faire de votre logement un petit coin de paradis.<\/p>\n<p>&nbsp;<\/p>\n<p>Un climatiseur monobloc design<\/p>\n<p>Compos\u00e9 d&rsquo;une seule unit\u00e9 mobile, ce climatiseur est facile \u00e0 transporter, \u00e0 utiliser et \u00e0 ranger. Pour le mettre en marche, vous avez simplement \u00e0 le raccorder \u00e0 une prise de courant et \u00e0 d\u00e9plier le tuyau d&rsquo;\u00e9vacuation par l&rsquo;ouverture d&rsquo;une fen\u00eatre ou d&rsquo;une porte. Ensuite, vous n&rsquo;avez plus qu&rsquo;\u00e0 profiter de l&rsquo;air frais qu&rsquo;il diffuse !<\/p>\n<p>Un climatiseur performant<\/p>\n<p>Particuli\u00e8rement puissant, ce climatiseur mobile r\u00e9versible poss\u00e8de une puissance de 3500W lorsqu&rsquo;il est en mode froid et de 3300W en mode chaud.<\/p>\n<p>Ce syst\u00e8me de climatisation est parfait pour r\u00e9guler la temp\u00e9rature des surfaces entre 25m2 et 30m2. Il est \u00e9galement pourvu de 3 vitesses de ventilation afin de s&rsquo;adapter \u00e0 vos envies.<\/p>\n<p>Un climatiseur mobile WIFI<\/p>\n<p>Contr\u00f4ler son climatiseur n&rsquo;a jamais \u00e9t\u00e9 aussi ais\u00e9 gr\u00e2ce au panneau digital qui surplombe votre appareil. Il permet de naviguer extr\u00eamement facilement entre les diff\u00e9rentes fonctionnalit\u00e9s du climatiseur et de le programmer pendant une journ\u00e9e enti\u00e8re!<\/p>\n<p>L&rsquo;option WIFI de ce climatiseur est une aubaine pour optimiser votre confort \u00e0 tout moment. Allumez et \u00e9teignez votre appareil de climatisation depuis votre smartphone ou votre ordinateur, partout o\u00f9 vous vous trouvez!<\/p>\n<p>Une climatisation mobile \u00e9colo<\/p>\n<p>Vous souhaitez investir dans un climatiseur qui n&rsquo;\u00e9met aucun gaz \u00e0 effet de serre? Le climatiseur mobile r\u00e9versible WIFI de chez Airton est celui qu&rsquo;il vous faut!<\/p>\n<p>Cet appareil fait appel au gaz R290 qui est enti\u00e8rement naturel. En effet, il s&rsquo;agit d&rsquo;un hydrocarbure d&rsquo;origine fossile qui peut \u00eatre utilis\u00e9 comme r\u00e9frig\u00e9rant.<\/p>\n<p>Ses cons\u00e9quences sur l&rsquo;environnement sont donc extr\u00eamement faibles. Il est notamment 700 fois moins impactant que le gaz R410A. Par ailleurs, il poss\u00e8de d&rsquo;excellentes propri\u00e9t\u00e9s thermodynamique. A utilisation \u00e9gale, le gaz R290 fait appel \u00e0 40% de gaz en moins !<\/p>\n<p>Un climatiseur discret<\/p>\n<p>&nbsp;<\/p>\n<p>Vous recherchez un climatiseur efficace et qui ne constitue par une nuisance sonore trop importante? Airton vous propose un appareil que vous pouvez utiliser pour travailler, lire ou encore dormir en toute tranquillit\u00e9. Ce climatiseur mobile ne d\u00e9passe donc pas les 65dB(A) afin d&rsquo;allier confort thermique et sonore autant que possible.<\/p>\n<p>Un climatiseur pratique<\/p>\n<p>4 roues motrices peuvent transformer votre journ\u00e9e. C&rsquo;est pourquoi le climatiseur mobile r\u00e9versible WIFI d&rsquo;Airton est si facile \u00e0 d\u00e9placer d&rsquo;une pi\u00e8ce \u00e0 l&rsquo;autre. Gr\u00e2ce \u00e0 ses roulettes multidirectionnelles, votre climatiseur devient votre plus fid\u00e8le compagnon du quotidien.<\/p>\n<p>Des accessoires complets<\/p>\n<p>Appr\u00e9ciez la douce temp\u00e9rature des climatiseurs Airton et d\u00e9couvrez l&rsquo;ensemble des accessoires qui sont inclus lors de votre commande!<\/p>\n<p>Lorsque vous recevez votre climatiseur, vous avez imm\u00e9diatement acc\u00e8s \u00e0 une t\u00e9l\u00e9commande, un conduit d&rsquo;\u00e9vacuation d&rsquo;1,5m, un connecteur et un panneau d&rsquo;encastrement de fen\u00eatre, un tuyau de condensat 0,6m ainsi que 4 roulettes<\/p>\n<p>**Points forts :** Puissant, silencieux et \u00e9conomique.<br \/>\n**Pourquoi choisir ce produit ?** Pour un confort optimal toute l\u2019ann\u00e9e.<\/p>\n","protected":false},"excerpt":{"rendered":"<p>Caract\u00e9ristiques techniques<\/p>\n<p>Marque Airton<br \/>\nR\u00e9f\u00e9rence 409709<br \/>\nConvient pour surface de \u2248 30m\u00b2<br \/>\nTension d&rsquo;alimentation 220-240V &#8211; 50Hz<br \/>\nCapacit\u00e9 Froid \/ Chaud 3500W \/ 3300W<br \/>\nClasse \u00e9nerg\u00e9tique A<br \/>\nPuissance Acoustique 65dB(A)<br \/>\nDimensions en mm 430 x 360 x 730 mm<br \/>\nPoids 29,5 Kg Net<br \/>\nType de Gaz R290<br \/>\nTuyau d&rsquo;\u00e9chappement 1,5m<br \/>\nTuyau de condensat 0,6m<br \/>\nEER 2,6<br \/>\nCOP 2,5 Con\u00e7u pour le confort, la puissance et la faible consommation.<\/p>\n","protected":false},"featured_media":3779,"comment_status":"closed","ping_status":"closed","template":"","meta":[],"product_brand":[],"product_cat":[165,180],"product_tag":[],"class_list":{"0":"post-3778","1":"product","2":"type-product","3":"status-publish","6":"product_cat-climatiseur","7":"product_cat-electromenagers","9":"first","10":"instock","11":"sale","12":"taxable","13":"shipping-taxable","14":"purchasable","15":"product-type-simple"},"_links":{"self":[{"href":"https:\/\/menagers-holding.fr\/index.php?rest_route=\/wp\/v2\/product\/3778","targetHints":{"allow":["GET"]}}],"collection":[{"href":"https:\/\/menagers-holding.fr\/index.php?rest_route=\/wp\/v2\/product"}],"about":[{"href":"https:\/\/menagers-holding.fr\/index.php?rest_route=\/wp\/v2\/types\/product"}],"replies":[{"embeddable":true,"href":"https:\/\/menagers-holding.fr\/index.php?rest_route=%2Fwp%2Fv2%2Fcomments&post=3778"}],"wp:featuredmedia":[{"embeddable":true,"href":"https:\/\/menagers-holding.fr\/index.php?rest_route=\/wp\/v2\/media\/3779"}],"wp:attachment":[{"href":"https:\/\/menagers-holding.fr\/index.php?rest_route=%2Fwp%2Fv2%2Fmedia&parent=3778"}],"wp:term":[{"taxonomy":"product_brand","embeddable":true,"href":"https:\/\/menagers-holding.fr\/index.php?rest_route=%2Fwp%2Fv2%2Fproduct_brand&post=3778"},{"taxonomy":"product_cat","embeddable":true,"href":"https:\/\/menagers-holding.fr\/index.php?rest_route=%2Fwp%2Fv2%2Fproduct_cat&post=3778"},{"taxonomy":"product_tag","embeddable":true,"href":"https:\/\/menagers-holding.fr\/index.php?rest_route=%2Fwp%2Fv2%2Fproduct_tag&post=3778"}],"curies":[{"name":"wp","href":"https:\/\/api.w.org\/{rel}","templated":true}]}}