{"id":3752,"date":"2023-02-13T02:57:07","date_gmt":"2023-02-13T02:57:07","guid":{"rendered":"https:\/\/menagers-holding.fr\/?post_type=product&#038;p=3752"},"modified":"2025-09-24T04:02:18","modified_gmt":"2025-09-24T04:02:18","slug":"velo-electrique-urbanglide-m7-250w-25km-h","status":"publish","type":"product","link":"https:\/\/menagers-holding.fr\/?product=velo-electrique-urbanglide-m7-250w-25km-h","title":{"rendered":"V\u00e9lo \u00e9lectrique Urbanglide M7 250W &#8211; 25Km\/h"},"content":{"rendered":"<p>Les points cl\u00e9s<\/p>\n<p>Autonomie : Jusqu&rsquo;\u00e0 70 km<br \/>\nPuissance de la batterie : 250<br \/>\nCouple moteur : 32 Nm<br \/>\nPosition du moteur : Roue arri\u00e8re<br \/>\nAutonomie et batterie<br \/>\nType de batterie : Lithium<br \/>\nPuissance de la batterie (en Wh) : 250<br \/>\nLe saviez-vous ? : Plus la puissance de la batterie est importante plus le v\u00e9lo aura de l&rsquo;autonomie.<br \/>\nAutonomie : Jusqu&rsquo;\u00e0 70 km<br \/>\nBatterie amovible : Pratique pour la charger n&rsquo;importe o\u00f9<br \/>\nDur\u00e9e de la charge : Charge standard (4h)<br \/>\nEquipement<br \/>\nMat\u00e9riau du cadre : Aluminium<br \/>\nForme du cadre : Cadre mixte<br \/>\nType de fourche : Non communiqu\u00e9<br \/>\nTaille des roues : 27,5 pouces<br \/>\nPort\u00e9e de l&rsquo;\u00e9clairage (m\u00e8tres) : Non communiqu\u00e9<br \/>\nFreins : Non communiqu\u00e9<br \/>\nMat\u00e9riau des roues : Aluminium<br \/>\nMarque des pneus : Compass<br \/>\nEmplacement batterie : Cadre<br \/>\nGarde boue : Avant et arri\u00e8re<br \/>\nPorte bagage : Non<br \/>\nB\u00e9quille : Oui<br \/>\nMotorisation<br \/>\nPuissance moteur : 250 W<br \/>\nPosition du moteur : Roue arri\u00e8re<br \/>\nInfluence position moteur : Dans la roue arri\u00e8re, vous aurez une sensation de propulsion. Dans la roue avant, l&rsquo;assistance est imm\u00e9diate. Dans le p\u00e9dalier, le v\u00e9lo sera davantage maniable.<br \/>\nCouple moteur : 32 Nm<br \/>\nLe saviez-vous ? : Plus le couple du moteur est \u00e9lev\u00e9, plus votre v\u00e9lo \u00e9lectrique grimpera facilement les c\u00f4tes.<br \/>\nVitesse maximale (km\/h) : 25<br \/>\nConfort d&rsquo;utilisation<br \/>\nNombre de vitesses : Pas de vitesses<br \/>\nNombre de modes d&rsquo;assistance : 5<br \/>\nTaille minimum du cycliste : A partir de 1m60<br \/>\nFacilit\u00e9 de transport : Non pliable<br \/>\nCompatible porte-b\u00e9b\u00e9 : Non<br \/>\nComposition de la selle : cuir artificiel + mousse PU<br \/>\nAjustement hauteur guidon : Non<br \/>\nPosition sur le v\u00e9lo : Dos inclin\u00e9<br \/>\nEcran d&rsquo;affichage : Non<br \/>\nS\u00e9curit\u00e9<br \/>\nAntivol roue arri\u00e8re : Non<br \/>\nTracker GPS : Non<br \/>\nAlarme : Non<br \/>\nConnectivit\u00e9<br \/>\nCompatible : Non communiqu\u00e9<br \/>\nBluetooth : Non<br \/>\nGPS : Non concern\u00e9<br \/>\nConseils et s\u00e9curit\u00e9<br \/>\nConsultez la liste de nos \u00e9quipements : En cliquant ici<br \/>\nD\u00e9couvrez les nouvelles r\u00e8gles de s\u00e9curit\u00e9 : Cliquez ici<br \/>\nConseils de s\u00e9curit\u00e9 : Adaptez votre vitesse et m\u00e9fiez-vous des rev\u00eatements (pav\u00e9s, gravillons, route humide&#8230;) qui peuvent facilement vous d\u00e9stabiliser. Respectez la r\u00e9glementation routi\u00e8re<br \/>\nContenu du carton<br \/>\nLivr\u00e9 avec : Batterie, Chargeur, Batterie, Chargeur<br \/>\nDimensions<br \/>\nCharge maximale support\u00e9e (en kg) : 150,00 Kg<br \/>\nDimensions l x h x p : 40 x 20 x 120 cm<br \/>\nPoids : 24,00 Kg<br \/>\nInformations et Services<br \/>\nRecommandation : Nous vous conseillons de manipuler la batterie de votre v\u00e9lo avec pr\u00e9caution et d&rsquo;\u00e9viter de l&rsquo;utiliser en cas de choc. N&rsquo;oubliez pas de la retirer pour toutes interventions,<br \/>\nDisponibilit\u00e9 des pi\u00e8ces d\u00e9tach\u00e9es (donn\u00e9es fournisseur) : Non communiqu\u00e9e<\/p>\n<p>**Points forts :** Autonomie renforc\u00e9e, cadre robuste, s\u00e9curit\u00e9 optimale.<br \/>\n**Pourquoi choisir ce produit ?** Id\u00e9al pour les trajets quotidiens comme les balades.<\/p>\n","protected":false},"excerpt":{"rendered":"<p>Allie performance, autonomie et s\u00e9curit\u00e9.<\/p>\n","protected":false},"featured_media":5024,"comment_status":"closed","ping_status":"closed","template":"","meta":[],"product_brand":[],"product_cat":[169],"product_tag":[],"class_list":{"0":"post-3752","1":"product","2":"type-product","3":"status-publish","6":"product_cat-velo","8":"first","9":"instock","10":"sale","11":"taxable","12":"shipping-taxable","13":"purchasable","14":"product-type-simple"},"_links":{"self":[{"href":"https:\/\/menagers-holding.fr\/index.php?rest_route=\/wp\/v2\/product\/3752","targetHints":{"allow":["GET"]}}],"collection":[{"href":"https:\/\/menagers-holding.fr\/index.php?rest_route=\/wp\/v2\/product"}],"about":[{"href":"https:\/\/menagers-holding.fr\/index.php?rest_route=\/wp\/v2\/types\/product"}],"replies":[{"embeddable":true,"href":"https:\/\/menagers-holding.fr\/index.php?rest_route=%2Fwp%2Fv2%2Fcomments&post=3752"}],"wp:featuredmedia":[{"embeddable":true,"href":"https:\/\/menagers-holding.fr\/index.php?rest_route=\/wp\/v2\/media\/5024"}],"wp:attachment":[{"href":"https:\/\/menagers-holding.fr\/index.php?rest_route=%2Fwp%2Fv2%2Fmedia&parent=3752"}],"wp:term":[{"taxonomy":"product_brand","embeddable":true,"href":"https:\/\/menagers-holding.fr\/index.php?rest_route=%2Fwp%2Fv2%2Fproduct_brand&post=3752"},{"taxonomy":"product_cat","embeddable":true,"href":"https:\/\/menagers-holding.fr\/index.php?rest_route=%2Fwp%2Fv2%2Fproduct_cat&post=3752"},{"taxonomy":"product_tag","embeddable":true,"href":"https:\/\/menagers-holding.fr\/index.php?rest_route=%2Fwp%2Fv2%2Fproduct_tag&post=3752"}],"curies":[{"name":"wp","href":"https:\/\/api.w.org\/{rel}","templated":true}]}}