{"id":3750,"date":"2023-02-13T02:54:50","date_gmt":"2023-02-13T02:54:50","guid":{"rendered":"https:\/\/menagers-holding.fr\/?post_type=product&#038;p=3750"},"modified":"2025-09-21T04:31:53","modified_gmt":"2025-09-21T04:31:53","slug":"2022-specialized-turbo-levo-alloy","status":"publish","type":"product","link":"https:\/\/menagers-holding.fr\/?product=2022-specialized-turbo-levo-alloy","title":{"rendered":"2022 SPECIALIZED TURBO LEVO ALLOY"},"content":{"rendered":"<p>Description Information compl\u00e9mentaire<br \/>\nLe moteur Turbo Full Power 2.2 enti\u00e8rement int\u00e9gr\u00e9 de Levo, la batterie de 500 Wh et l\u2019unit\u00e9 Turbo Connect offrent un couple de 90 Nm et une puissance de 565 watts jusqu\u2019\u00e0 cinq heures de conduite, vous permettant de rouler plus loin et plus vite que jamais.<br \/>\nL\u2019unit\u00e9 Turbo Connect de Levo (ou \u201cTCU\u201d) est plus qu\u2019un bouton \u201cOn-Off\u201d \u2013 c\u2019est le cerveau du v\u00e9lo. Le TCU affiche le niveau de votre batterie et le mode d\u2019assistance \u00e9lectrique. Il communique \u00e9galement, via ANT+\/Bluetooth\u00ae, avec notre \u00e9cran de guidon en option pour afficher encore plus d\u2019informations sur votre trajet de la journ\u00e9e.<br \/>\nUne conception d\u00e9di\u00e9e \u00e0 la taille des roues mixtes avec une roue de 27,5 pouces \u00e0 l\u2019arri\u00e8re et de 29 pouces \u00e0 l\u2019avant offre une conduite agile qui trace des cercles autour d\u2019autres MTB \u00e9lectriques \u00e0 pleine puissance. Un cockpit g\u00e9n\u00e9reux vous centre sur le v\u00e9lo, optimisant la traction et le contr\u00f4le des virages. Le bo\u00eetier de p\u00e9dalier bas, l\u2019angle de tube de direction l\u00e2che et le d\u00e9calage de fourche r\u00e9duit maintiennent la stabilit\u00e9 dans les conditions difficiles.<br \/>\nLevo offre deux param\u00e8tres de g\u00e9om\u00e9trie distincts, vous permettant de composer facilement ses performances pour n\u2019importe quel style de conduite et n\u2019importe quel terrain. La hauteur du bo\u00eetier de p\u00e9dalier peut \u00eatre ajust\u00e9e de 7 mm vers le haut ou vers le bas.<br \/>\nLe d\u00e9battement arri\u00e8re de 150 mm de Levo est souple sur les petites bosses, d\u00e9vore les coups carr\u00e9s sans secousse, mange des G-outs massifs pour le petit-d\u00e9jeuner, tout en offrant une r\u00e9ponse de p\u00e9dale incroyable, et transmet votre puissance au sol avec une efficacit\u00e9 totale.<br \/>\nLe S-Sizing du Turbo Levo est bas\u00e9 sur ce qui compte : la taille et le style du cycliste, pas l\u2019entrejambe. Six tailles, toutes avec des longueurs de tube de direction et un Standover similaires, vous permettent de choisir la taille qui convient le mieux \u00e0 votre style. Les plus petits num\u00e9ros de taille S-Sizing seront agiles, avec leur Reach et leur Front-center plus courts, tandis que les tailles S-Sizing plus grandes offriront plus de stabilit\u00e9 et un cockpit plus spacieux.<\/p>\n<p>**Points forts :** Autonomie renforc\u00e9e, cadre robuste, s\u00e9curit\u00e9 optimale.<br \/>\n**Pourquoi choisir ce produit ?** Id\u00e9al pour les trajets quotidiens comme les balades.<\/p>\n","protected":false},"excerpt":{"rendered":"<p>Allie performance, autonomie et s\u00e9curit\u00e9.<\/p>\n","protected":false},"featured_media":3751,"comment_status":"closed","ping_status":"closed","template":"","meta":[],"product_brand":[],"product_cat":[169],"product_tag":[],"class_list":{"0":"post-3750","1":"product","2":"type-product","3":"status-publish","6":"product_cat-velo","8":"first","9":"instock","10":"sale","11":"taxable","12":"shipping-taxable","13":"purchasable","14":"product-type-simple"},"_links":{"self":[{"href":"https:\/\/menagers-holding.fr\/index.php?rest_route=\/wp\/v2\/product\/3750","targetHints":{"allow":["GET"]}}],"collection":[{"href":"https:\/\/menagers-holding.fr\/index.php?rest_route=\/wp\/v2\/product"}],"about":[{"href":"https:\/\/menagers-holding.fr\/index.php?rest_route=\/wp\/v2\/types\/product"}],"replies":[{"embeddable":true,"href":"https:\/\/menagers-holding.fr\/index.php?rest_route=%2Fwp%2Fv2%2Fcomments&post=3750"}],"wp:featuredmedia":[{"embeddable":true,"href":"https:\/\/menagers-holding.fr\/index.php?rest_route=\/wp\/v2\/media\/3751"}],"wp:attachment":[{"href":"https:\/\/menagers-holding.fr\/index.php?rest_route=%2Fwp%2Fv2%2Fmedia&parent=3750"}],"wp:term":[{"taxonomy":"product_brand","embeddable":true,"href":"https:\/\/menagers-holding.fr\/index.php?rest_route=%2Fwp%2Fv2%2Fproduct_brand&post=3750"},{"taxonomy":"product_cat","embeddable":true,"href":"https:\/\/menagers-holding.fr\/index.php?rest_route=%2Fwp%2Fv2%2Fproduct_cat&post=3750"},{"taxonomy":"product_tag","embeddable":true,"href":"https:\/\/menagers-holding.fr\/index.php?rest_route=%2Fwp%2Fv2%2Fproduct_tag&post=3750"}],"curies":[{"name":"wp","href":"https:\/\/api.w.org\/{rel}","templated":true}]}}