{"id":3746,"date":"2023-02-13T02:48:04","date_gmt":"2023-02-13T02:48:04","guid":{"rendered":"https:\/\/menagers-holding.fr\/?post_type=product&#038;p=3746"},"modified":"2025-09-21T04:31:53","modified_gmt":"2025-09-21T04:31:53","slug":"2021-specialized-levo-sl-s-works-carbon","status":"publish","type":"product","link":"https:\/\/menagers-holding.fr\/?product=2021-specialized-levo-sl-s-works-carbon","title":{"rendered":"2021 SPECIALIZED LEVO SL S-WORKS CARBON"},"content":{"rendered":"<p>Description Information compl\u00e9mentaire<br \/>\nLe Levo SL ressemble \u00e0 un Stumpjumper tant visuellement qu\u2019en termes de comportement sur les sentiers. Non, ce n\u2019est pas une erreur. Nous avions pour objectif de mettre au point un v\u00e9lo \u00e0 assistance \u00e9lectrique le plus proche possible du Stumpjumper : disposant du m\u00eame ch\u00e2ssis Sidearm offrant une excellente rigidit\u00e9 et dot\u00e9 d\u2019une suspension souple dont la courbe de compression a \u00e9t\u00e9 sp\u00e9cialement d\u00e9velopp\u00e9e pour le Levo SL. Pour couronner le tout, nous avons construit ce ch\u00e2ssis Levo SL enti\u00e8rement \u00e0 partir de notre carbone FACT 11m, l\u00e9ger et solide.<br \/>\nLe moteur SL 1.1 l\u00e9ger, multiplie vos efforts en offrant jusqu\u2019\u00e0 240 watts d\u2019aide au p\u00e9dalage. La courbe de couple du moteur fournit une puissance parfaitement adapt\u00e9e \u00e0 votre cadence de p\u00e9dalage normale et ne laisse aucune r\u00e9sistance lorsque vous p\u00e9dalez au-del\u00e0 de 32 km\/h.<br \/>\nInquiet de manquer d\u2019autonomie ? Aucun probl\u00e8me. Levo SL est pr\u00eat \u00e0 vous accompagner tout le long de vos journ\u00e9es de Ride. Et si vous voulez parcourir encore plus de kilom\u00e8tres, notre Range Extender est livr\u00e9 de s\u00e9rie, augmentant votre autonomie de 50 %. En plus de tout cela, notre application Mission Control vous permet de param\u00e9trer la gestion de la batterie automatiquement, vous assurant ainsi que votre batterie durera aussi longtemps que vous en aurez besoin.<br \/>\nAssist up to 20 mph \/ 32 km\/h<\/p>\n<p>**Points forts :** Autonomie renforc\u00e9e, cadre robuste, s\u00e9curit\u00e9 optimale.<br \/>\n**Pourquoi choisir ce produit ?** Id\u00e9al pour les trajets quotidiens comme les balades.<\/p>\n","protected":false},"excerpt":{"rendered":"<p>Allie performance, autonomie et s\u00e9curit\u00e9.<\/p>\n","protected":false},"featured_media":3747,"comment_status":"closed","ping_status":"closed","template":"","meta":[],"product_brand":[],"product_cat":[169],"product_tag":[],"class_list":{"0":"post-3746","1":"product","2":"type-product","3":"status-publish","6":"product_cat-velo","8":"first","9":"instock","10":"sale","11":"taxable","12":"shipping-taxable","13":"purchasable","14":"product-type-simple"},"_links":{"self":[{"href":"https:\/\/menagers-holding.fr\/index.php?rest_route=\/wp\/v2\/product\/3746","targetHints":{"allow":["GET"]}}],"collection":[{"href":"https:\/\/menagers-holding.fr\/index.php?rest_route=\/wp\/v2\/product"}],"about":[{"href":"https:\/\/menagers-holding.fr\/index.php?rest_route=\/wp\/v2\/types\/product"}],"replies":[{"embeddable":true,"href":"https:\/\/menagers-holding.fr\/index.php?rest_route=%2Fwp%2Fv2%2Fcomments&post=3746"}],"wp:featuredmedia":[{"embeddable":true,"href":"https:\/\/menagers-holding.fr\/index.php?rest_route=\/wp\/v2\/media\/3747"}],"wp:attachment":[{"href":"https:\/\/menagers-holding.fr\/index.php?rest_route=%2Fwp%2Fv2%2Fmedia&parent=3746"}],"wp:term":[{"taxonomy":"product_brand","embeddable":true,"href":"https:\/\/menagers-holding.fr\/index.php?rest_route=%2Fwp%2Fv2%2Fproduct_brand&post=3746"},{"taxonomy":"product_cat","embeddable":true,"href":"https:\/\/menagers-holding.fr\/index.php?rest_route=%2Fwp%2Fv2%2Fproduct_cat&post=3746"},{"taxonomy":"product_tag","embeddable":true,"href":"https:\/\/menagers-holding.fr\/index.php?rest_route=%2Fwp%2Fv2%2Fproduct_tag&post=3746"}],"curies":[{"name":"wp","href":"https:\/\/api.w.org\/{rel}","templated":true}]}}