{"id":3679,"date":"2023-02-10T02:50:36","date_gmt":"2023-02-10T02:50:36","guid":{"rendered":"https:\/\/menagers-holding.fr\/?post_type=product&#038;p=3679"},"modified":"2025-09-24T04:13:28","modified_gmt":"2025-09-24T04:13:28","slug":"blumfeldt-eremitage-bain-de-soleil-2-personnes-cadre-acier-pare-soleil-rideaux-c","status":"publish","type":"product","link":"https:\/\/menagers-holding.fr\/?product=blumfeldt-eremitage-bain-de-soleil-2-personnes-cadre-acier-pare-soleil-rideaux-c","title":{"rendered":"blumfeldt Eremitage Bain de soleil 2 personnes cadre acier pare-soleil rideaux c Design Moderne"},"content":{"rendered":"<p>Description<br \/>\nLe Double Sunbed Blumfeldt Eremitage vous garantit un confort maximal sur deux transats de luxe et cr\u00e9e une agr\u00e9able atmosph\u00e8re de convivialit\u00e9 avec ses quatre rideaux.<\/p>\n<p>Le Double Sunbed Eremitage est dot\u00e9 d&rsquo;un solide cadre en acier et de deux grands espaces de couchage c\u00f4te \u00e0 c\u00f4te, offrant ainsi beaucoup d&rsquo;espace pour deux personnes. Un pare-soleil r\u00e9tractable fournit une ombre efficace et permet de prendre un bain de soleil agr\u00e9able pendant plusieurs heures. Quatre rideaux lat\u00e9raux opaques assurent l&rsquo;intimit\u00e9 n\u00e9cessaire et une protection solaire suppl\u00e9mentaire. Le rembourrage confortable de 6 cm d&rsquo;\u00e9paisseur et les rev\u00eatements hydrofuges de grande qualit\u00e9 permettront \u00e0 tous les amis de la d\u00e9tente de profiter de l&rsquo;exp\u00e9rience Sheer Luxury avec le Double Sunbed Blumfeldt Eremitage. Les dossiers r\u00e9glables \u00e0 quatre positions fournissent en outre le bon angle pour lire, travailler ou se d\u00e9tendre. Malgr\u00e9 son poids relativement r\u00e9duit, le Double Sunbed Blumfeldt Eremitage est extr\u00eamement stable et peut supporter jusqu&rsquo;\u00e0 220 kg au total.<\/p>\n<p>Pure d\u00e9tente ! Avec le Sunbed Eremitage Blumfeldt, quittez les routines de la vie quotidienne et profitez d&rsquo;heures de repos divines<\/p>\n<p>**Points forts :** Confort, design \u00e9l\u00e9gant et robustesse.<br \/>\n**Pourquoi choisir ce produit ?** Il apporte style et praticit\u00e9 \u00e0 votre int\u00e9rieur.<\/p>\n","protected":false},"excerpt":{"rendered":"<p>D\u00e9tails du produit<br \/>\nCaract\u00e9ristiques<br \/>\nType<br \/>\nBain de soleil<br \/>\nMati\u00e8re<br \/>\nAcier<br \/>\nR\u00e9f. ManoMano<br \/>\nME12867603<br \/>\nGarantie<br \/>\n2 ann\u00e9es<br \/>\nR\u00e9f. fabricant<br \/>\nGDW20-Eremitage D3 Design moderne, confortable et durable.<\/p>\n","protected":false},"featured_media":5027,"comment_status":"closed","ping_status":"closed","template":"","meta":[],"product_brand":[],"product_cat":[155,157],"product_tag":[],"class_list":{"0":"post-3679","1":"product","2":"type-product","3":"status-publish","6":"product_cat-meuble","7":"product_cat-terrasse-et-jardin","9":"first","10":"instock","11":"sale","12":"taxable","13":"shipping-taxable","14":"purchasable","15":"product-type-simple"},"_links":{"self":[{"href":"https:\/\/menagers-holding.fr\/index.php?rest_route=\/wp\/v2\/product\/3679","targetHints":{"allow":["GET"]}}],"collection":[{"href":"https:\/\/menagers-holding.fr\/index.php?rest_route=\/wp\/v2\/product"}],"about":[{"href":"https:\/\/menagers-holding.fr\/index.php?rest_route=\/wp\/v2\/types\/product"}],"replies":[{"embeddable":true,"href":"https:\/\/menagers-holding.fr\/index.php?rest_route=%2Fwp%2Fv2%2Fcomments&post=3679"}],"wp:featuredmedia":[{"embeddable":true,"href":"https:\/\/menagers-holding.fr\/index.php?rest_route=\/wp\/v2\/media\/5027"}],"wp:attachment":[{"href":"https:\/\/menagers-holding.fr\/index.php?rest_route=%2Fwp%2Fv2%2Fmedia&parent=3679"}],"wp:term":[{"taxonomy":"product_brand","embeddable":true,"href":"https:\/\/menagers-holding.fr\/index.php?rest_route=%2Fwp%2Fv2%2Fproduct_brand&post=3679"},{"taxonomy":"product_cat","embeddable":true,"href":"https:\/\/menagers-holding.fr\/index.php?rest_route=%2Fwp%2Fv2%2Fproduct_cat&post=3679"},{"taxonomy":"product_tag","embeddable":true,"href":"https:\/\/menagers-holding.fr\/index.php?rest_route=%2Fwp%2Fv2%2Fproduct_tag&post=3679"}],"curies":[{"name":"wp","href":"https:\/\/api.w.org\/{rel}","templated":true}]}}