{"id":3671,"date":"2023-02-10T02:04:38","date_gmt":"2023-02-10T02:04:38","guid":{"rendered":"https:\/\/menagers-holding.fr\/?post_type=product&#038;p=3671"},"modified":"2025-09-21T04:31:51","modified_gmt":"2025-09-21T04:31:51","slug":"tectake-bain-de-soleil-rond-modulable-santorin-gris","status":"publish","type":"product","link":"https:\/\/menagers-holding.fr\/?product=tectake-bain-de-soleil-rond-modulable-santorin-gris","title":{"rendered":"TECTAKE Bain de soleil rond modulable SANTORIN gris"},"content":{"rendered":"<p>Descriptif produit<br \/>\nNotre bain de soleil rond modulable SANTORIN tectake mettra \u00e0 coup s\u00fbr une touche d&rsquo;\u00e9l\u00e9gance \u00e0 votre jardin. Son design raffin\u00e9 est con\u00e7u pour une double utilisation : group\u00e9s, les diff\u00e9rents \u00e9l\u00e9ments font un vaste bain de soleil ou canap\u00e9 de jardin; s\u00e9par\u00e9s, vous avez alors un salon de jardin avec table basse. 2 mobiliers de jardin en 1 ! Abritez-vous de la brise et du soleil avec le pare-soleil r\u00e9tractable. L&rsquo;entretien du bain de soleil est facilit\u00e9 gr\u00e2ce \u00e0 sa structure recouverte de r\u00e9sine tress\u00e9e. Ce mat\u00e9riau d&rsquo;aspect similaire au rotin naturel se nettoie \u00e0 l&rsquo;aide d&rsquo;un chiffon humide. Dimensions (lxPxH): environ 172 x 172 x 88 &#8211; 132 cmProfondeur d&rsquo;assise: environ 50 cm\u00c9paisseur du rembourrage: environ 6 cmDimensions de la table (\u00d8xH): environ 58,5 x 31 cmHauteur d&rsquo;assise (avec coussin) : environ 37 cmDimensions coussin de dossier (lxPxH): environ 40 x 17 x 40 cmGrammage du pare-soleil: 180 g\/m\u00b2Pieds r\u00e9glables en hauteur jusqu&rsquo;\u00e0 1 cmPoids maximal support\u00e9 par chaque \u00e9l\u00e9ment d&rsquo;assise: 120 kgPoids maximal support\u00e9 par la table: 100 kgPoids: env.iron 40 kgMat\u00e9riaux: acier rev\u00eatu par poudre, poly\u00e9thyl\u00e8ne, 100% polyester, mousse synth\u00e9tique<\/p>\n<p>**Points forts :** Puissant, silencieux et \u00e9conomique.<br \/>\n**Pourquoi choisir ce produit ?** Pour un confort optimal toute l\u2019ann\u00e9e.<\/p>\n","protected":false},"excerpt":{"rendered":"<p>Caract\u00e9ristiques<\/p>\n<p>R\u00e9f.: M22045615<br \/>\nDimensions (cm): H132 x L172 x PR172<br \/>\nCouleur principale : Gris<br \/>\nMati\u00e8re principale : Polyester<br \/>\nA assembler : A monter soi-m\u00eame Con\u00e7u pour le confort, la puissance et la faible consommation.<\/p>\n","protected":false},"featured_media":3672,"comment_status":"closed","ping_status":"closed","template":"","meta":[],"product_brand":[],"product_cat":[156],"product_tag":[],"class_list":{"0":"post-3671","1":"product","2":"type-product","3":"status-publish","6":"product_cat-chauffage-et-plomberie","8":"first","9":"instock","10":"sale","11":"taxable","12":"shipping-taxable","13":"purchasable","14":"product-type-simple"},"_links":{"self":[{"href":"https:\/\/menagers-holding.fr\/index.php?rest_route=\/wp\/v2\/product\/3671","targetHints":{"allow":["GET"]}}],"collection":[{"href":"https:\/\/menagers-holding.fr\/index.php?rest_route=\/wp\/v2\/product"}],"about":[{"href":"https:\/\/menagers-holding.fr\/index.php?rest_route=\/wp\/v2\/types\/product"}],"replies":[{"embeddable":true,"href":"https:\/\/menagers-holding.fr\/index.php?rest_route=%2Fwp%2Fv2%2Fcomments&post=3671"}],"wp:featuredmedia":[{"embeddable":true,"href":"https:\/\/menagers-holding.fr\/index.php?rest_route=\/wp\/v2\/media\/3672"}],"wp:attachment":[{"href":"https:\/\/menagers-holding.fr\/index.php?rest_route=%2Fwp%2Fv2%2Fmedia&parent=3671"}],"wp:term":[{"taxonomy":"product_brand","embeddable":true,"href":"https:\/\/menagers-holding.fr\/index.php?rest_route=%2Fwp%2Fv2%2Fproduct_brand&post=3671"},{"taxonomy":"product_cat","embeddable":true,"href":"https:\/\/menagers-holding.fr\/index.php?rest_route=%2Fwp%2Fv2%2Fproduct_cat&post=3671"},{"taxonomy":"product_tag","embeddable":true,"href":"https:\/\/menagers-holding.fr\/index.php?rest_route=%2Fwp%2Fv2%2Fproduct_tag&post=3671"}],"curies":[{"name":"wp","href":"https:\/\/api.w.org\/{rel}","templated":true}]}}