{"id":3663,"date":"2023-02-10T01:48:10","date_gmt":"2023-02-10T01:48:10","guid":{"rendered":"https:\/\/menagers-holding.fr\/?post_type=product&#038;p=3663"},"modified":"2025-09-24T04:24:40","modified_gmt":"2025-09-24T04:24:40","slug":"barbecue-en-brique-sines","status":"publish","type":"product","link":"https:\/\/menagers-holding.fr\/?product=barbecue-en-brique-sines","title":{"rendered":"Barbecue en brique Sines"},"content":{"rendered":"<p>Description<br \/>\nAspect<br \/>\nMat\u00e9riau principal Brique<br \/>\nMat\u00e9riaux secondaires Fer (grille)<br \/>\nAutres dimensions<br \/>\nGrille (en cm) 60 x 38<br \/>\nHauteur du foyer (en cm) 98,00<br \/>\nLongueur au sol (en cm) 87,00<br \/>\nLongueur entre les pieds (en cm) 63,00<br \/>\nDimensions<br \/>\nHauteur (en cm) 238,00<br \/>\nLongueur (en cm) 147,00<br \/>\nProfondeur (en cm) 60,00<br \/>\nAutres caract\u00e9ristiques<br \/>\nComposition Livr\u00e9 avec tiroir r\u00e9cup\u00e9rateur et grille de cuisson<br \/>\nInformations compl\u00e9mentaires Les diff\u00e9rents \u00e9l\u00e9ments tels que les pieds, le plan de travail, les parois&#8230; sont \u00e0 assembler avec du ciment fondu (non fourni).<br \/>\nLivr\u00e9 en kit Oui<br \/>\nPoids (en kg) 737,00<\/p>\n<p>&nbsp;<\/p>\n<p>Briques multicolores<\/p>\n<p>Grille cuisson fournie 60 x 38 cm<\/p>\n<p>Livr\u00e9 en kit | A assembler avec du ciment fondu<\/p>\n<p>Fabrication Portugal<\/p>\n<p>Longueur 147 cm | Largeur 60 cm | Hauteur 238<\/p>\n<p>**Points forts :** Puissant, silencieux et \u00e9conomique.<br \/>\n**Pourquoi choisir ce produit ?** Pour un confort optimal toute l\u2019ann\u00e9e.<\/p>\n","protected":false},"excerpt":{"rendered":"<p>D\u00e9tails du produit<br \/>\nCaract\u00e9ristiques<br \/>\nHauteur<br \/>\n238 cm<br \/>\nLargeur<br \/>\n38 cm<br \/>\nR\u00e9f. ManoMano<br \/>\nME395163<br \/>\nGarantie<br \/>\n2 ann\u00e9es<br \/>\nR\u00e9f. fabricant<br \/>\nbarbecue 203<br \/>\nImpact environnemental<br \/>\nOrigine<br \/>\nFabriqu\u00e9 au Portugal Con\u00e7u pour le confort, la puissance et la faible consommation.<\/p>\n","protected":false},"featured_media":5033,"comment_status":"closed","ping_status":"closed","template":"","meta":[],"product_brand":[],"product_cat":[156],"product_tag":[],"class_list":{"0":"post-3663","1":"product","2":"type-product","3":"status-publish","6":"product_cat-chauffage-et-plomberie","8":"first","9":"instock","10":"sale","11":"taxable","12":"shipping-taxable","13":"purchasable","14":"product-type-simple"},"_links":{"self":[{"href":"https:\/\/menagers-holding.fr\/index.php?rest_route=\/wp\/v2\/product\/3663","targetHints":{"allow":["GET"]}}],"collection":[{"href":"https:\/\/menagers-holding.fr\/index.php?rest_route=\/wp\/v2\/product"}],"about":[{"href":"https:\/\/menagers-holding.fr\/index.php?rest_route=\/wp\/v2\/types\/product"}],"replies":[{"embeddable":true,"href":"https:\/\/menagers-holding.fr\/index.php?rest_route=%2Fwp%2Fv2%2Fcomments&post=3663"}],"wp:featuredmedia":[{"embeddable":true,"href":"https:\/\/menagers-holding.fr\/index.php?rest_route=\/wp\/v2\/media\/5033"}],"wp:attachment":[{"href":"https:\/\/menagers-holding.fr\/index.php?rest_route=%2Fwp%2Fv2%2Fmedia&parent=3663"}],"wp:term":[{"taxonomy":"product_brand","embeddable":true,"href":"https:\/\/menagers-holding.fr\/index.php?rest_route=%2Fwp%2Fv2%2Fproduct_brand&post=3663"},{"taxonomy":"product_cat","embeddable":true,"href":"https:\/\/menagers-holding.fr\/index.php?rest_route=%2Fwp%2Fv2%2Fproduct_cat&post=3663"},{"taxonomy":"product_tag","embeddable":true,"href":"https:\/\/menagers-holding.fr\/index.php?rest_route=%2Fwp%2Fv2%2Fproduct_tag&post=3663"}],"curies":[{"name":"wp","href":"https:\/\/api.w.org\/{rel}","templated":true}]}}