{"id":3640,"date":"2023-02-10T01:12:54","date_gmt":"2023-02-10T01:12:54","guid":{"rendered":"https:\/\/menagers-holding.fr\/?post_type=product&#038;p=3640"},"modified":"2025-09-23T08:52:16","modified_gmt":"2025-09-23T08:52:16","slug":"spa-gonflable-chevron-4-places","status":"publish","type":"product","link":"https:\/\/menagers-holding.fr\/?product=spa-gonflable-chevron-4-places","title":{"rendered":"Spa gonflable Chevron 4 places"},"content":{"rendered":"<p>Description<br \/>\nEn 2023, INTEX continue d&rsquo;\u00e9tendre sa gamme de spa gonflable et vous propose le PureSpa Chevron.<br \/>\nPouvant accueillir jusqu&rsquo;\u00e0 4 personnes, ce spa gonflable m\u00eale \u00e0 la fois design et praticit\u00e9.<\/p>\n<p>Ce nouveau design \u00e9pur\u00e9 et aux motifs ethniques s&rsquo;int\u00e9grera parfaitement dans votre environnement ext\u00e9rieur.<\/p>\n<p>Le spa gonflable Chevron 4 places est propos\u00e9 avec :<br \/>\n&#8211; Un sac de rangement<br \/>\n&#8211; Un couvercle r\u00e9sistant, isolant et verrouillable<br \/>\n&#8211; Deux cartouches de filtration<br \/>\n&#8211; St\u00e9rilisateur au sel int\u00e9gr\u00e9 dans le bloc technique<br \/>\n&#8211; 140 diffuseurs \u00e0 bulles<br \/>\n&#8211; Application WIFI (permettant de g\u00e9rer votre spa \u00e0 distance)<br \/>\n&#8211; Syst\u00e8me de gonflage\/ d\u00e9gonflage int\u00e9gr\u00e9<br \/>\n&#8211; Syst\u00e8me anti-tartre \u00e9lectromagn\u00e9tique int\u00e9gr\u00e9<\/p>\n<p>Un produit \u00e0 la fois moderne et pratique.<br \/>\nLe design ethnique du spa Chevron vient compl\u00e9ter la gamme d\u00e9ja existante donnant un aspect \u00e0 la fois tendance et unique. Installez-vous confortablement gr\u00e2ce au fond en mousse et profitez pleinement des 140 diffuseurs \u00e0 bulles.<br \/>\nTr\u00e8s pratique, ce spa gonflable poss\u00e8de un syst\u00e8me de st\u00e9rilisation au sel vous offrant ainsi un meilleur confort de nage gr\u00e2ce \u00e0 l&rsquo;\u00e9limination des chloramines responsables des odeurs et effets ind\u00e9sirables : irritation, yeux rouges, allergies&#8230;<br \/>\nEn plus de toutes ces qualit\u00e9s, l&rsquo;application WIFI est propos\u00e9e avec le spa Chevron : programmez \u00e0 distance votre filtration, la temp\u00e9rature de votre eau et bien d&rsquo;autres fonctionnalit\u00e9s.<\/p>\n<p>Comme les autres PureSpa de la gamme, le spa Chevron est dot\u00e9 de la technologie Fiber Tech, vous assurant ainsi une qualit\u00e9 et une solidit\u00e9 sans pr\u00e9c\u00e9dent : vous avez \u00e9galement la possibilit\u00e9 de vous asseoir sur le bord du spa gonflable.<\/p>\n<p>Garantie 2 ans, n&rsquo;attendez plus et profitez du spa gonflable Chevron 4 places.<\/p>\n<p>Existe \u00e9galement en 6 places.<\/p>\n<p>**Points forts :** R\u00e9sistant aux conditions ext\u00e9rieures, facile d\u2019entretien.<br \/>\n**Pourquoi choisir ce produit ?** Parfait pour profiter de votre ext\u00e9rieur en toute s\u00e9r\u00e9nit\u00e9.<\/p>\n","protected":false},"excerpt":{"rendered":"<p>Informations et dimensions<br \/>\nColoris<br \/>\nEffet chevron<br \/>\nForme<br \/>\nCarr\u00e9<br \/>\nTechnologie Fiber Tech<br \/>\nOui<br \/>\nMati\u00e8re structure<br \/>\nPVC lamin\u00e9 triple \u00e9paisseur<br \/>\nApplication Wifi<br \/>\nOui<br \/>\nNombre de personnes<br \/>\n4<br \/>\nDimensions<br \/>\nL x l x h : 1,73 x 1,73 x 0,71 m<br \/>\nDiam\u00e8tre int\u00e9rieur \/ ext\u00e9rieur<br \/>\n1,60 \/ 2,11<br \/>\nTemps de montage<br \/>\n45 min<br \/>\nProgrammation<br \/>\nD\u00e9marrage diff\u00e9r\u00e9, chauffage, dur\u00e9e<br \/>\nCapacit\u00e9<br \/>\n795 litres<br \/>\nDiffuseurs \u00e0 bulles<br \/>\n140<br \/>\nPompe \u00e0 air et \u00e0 bulles<br \/>\n220-240 volts \/ 800 w<br \/>\nChauffage<br \/>\n220-240 volts \/ 2200 w<br \/>\nAmplitude T\u00b0C<br \/>\n10-40\u00b0C<br \/>\nAugmentation de la T\u00b0C<br \/>\n1,5-2,5 \u00b0C\/h<br \/>\nSyst\u00e8me de filtration<br \/>\nOui<br \/>\nD\u00e9bit filtration<br \/>\n1,7 m\u00b3\/h<br \/>\nNombre de cartouche incluse<br \/>\n2<br \/>\nSyst\u00e8me de st\u00e9rilisation au sel<br \/>\nOui<br \/>\nCouvercle isolant et tapis de sol<br \/>\nOui<br \/>\nDiffuseur produit<br \/>\nNon<br \/>\nSac de rangement<br \/>\nOui<br \/>\nPanneau de contr\u00f4le digital<br \/>\nOui<br \/>\nNombre de poign\u00e9es<br \/>\n2<br \/>\nEpaisseur Vinyle<br \/>\n70\/100 mm<br \/>\nGarantie<br \/>\n2 ans<br \/>\nDimension du bloc technique<br \/>\n46 x 40 x 43 cm Robuste, pratique et adapt\u00e9 \u00e0 l\u2019ext\u00e9rieur.<\/p>\n","protected":false},"featured_media":3641,"comment_status":"closed","ping_status":"closed","template":"","meta":[],"product_brand":[],"product_cat":[158,157],"product_tag":[],"class_list":{"0":"post-3640","1":"product","2":"type-product","3":"status-publish","6":"product_cat-piscine","7":"product_cat-terrasse-et-jardin","9":"first","10":"instock","11":"sale","12":"taxable","13":"shipping-taxable","14":"purchasable","15":"product-type-simple"},"_links":{"self":[{"href":"https:\/\/menagers-holding.fr\/index.php?rest_route=\/wp\/v2\/product\/3640","targetHints":{"allow":["GET"]}}],"collection":[{"href":"https:\/\/menagers-holding.fr\/index.php?rest_route=\/wp\/v2\/product"}],"about":[{"href":"https:\/\/menagers-holding.fr\/index.php?rest_route=\/wp\/v2\/types\/product"}],"replies":[{"embeddable":true,"href":"https:\/\/menagers-holding.fr\/index.php?rest_route=%2Fwp%2Fv2%2Fcomments&post=3640"}],"wp:featuredmedia":[{"embeddable":true,"href":"https:\/\/menagers-holding.fr\/index.php?rest_route=\/wp\/v2\/media\/3641"}],"wp:attachment":[{"href":"https:\/\/menagers-holding.fr\/index.php?rest_route=%2Fwp%2Fv2%2Fmedia&parent=3640"}],"wp:term":[{"taxonomy":"product_brand","embeddable":true,"href":"https:\/\/menagers-holding.fr\/index.php?rest_route=%2Fwp%2Fv2%2Fproduct_brand&post=3640"},{"taxonomy":"product_cat","embeddable":true,"href":"https:\/\/menagers-holding.fr\/index.php?rest_route=%2Fwp%2Fv2%2Fproduct_cat&post=3640"},{"taxonomy":"product_tag","embeddable":true,"href":"https:\/\/menagers-holding.fr\/index.php?rest_route=%2Fwp%2Fv2%2Fproduct_tag&post=3640"}],"curies":[{"name":"wp","href":"https:\/\/api.w.org\/{rel}","templated":true}]}}