{"id":3626,"date":"2023-02-07T11:06:37","date_gmt":"2023-02-07T11:06:37","guid":{"rendered":"https:\/\/menagers-holding.fr\/?post_type=product&#038;p=3626"},"modified":"2025-09-23T08:33:46","modified_gmt":"2025-09-23T08:33:46","slug":"canoe-gumotex-scout-rando","status":"publish","type":"product","link":"https:\/\/menagers-holding.fr\/?product=canoe-gumotex-scout-rando","title":{"rendered":"CANOE GUMOTEX SCOUT RANDO"},"content":{"rendered":"<p>Cano\u00eb gonflable Gumotex scout rando<\/p>\n<p>Mod\u00e8le de randonn\u00e9e pour une utilisation en lacs et rivi\u00e8res calmes.<\/p>\n<p>R\u00e9alis\u00e9 en tissu arm\u00e9 enduit Nytrilon, \u00e0 l&rsquo;ext\u00e9rieur comme \u00e0 l&rsquo;int\u00e9rieur du bateau, le Gumotex Scout rando pourra donc \u00eatre utilis\u00e9 sur des rivi\u00e8res abrasives ou sur des rivages peu profonds.<\/p>\n<p>Ses principaux avantages sont un \u00e9quipement confortable, un espace int\u00e9rieur \u00ab\u00a0colossal\u00a0\u00bb et une capacit\u00e9 de chargement \u00e9lev\u00e9e: trois adultes, ou m\u00eame une famille avec deux enfants qui pourront s&rsquo;asseoir sans probl\u00e8mes sur la banquette m\u00e9diane, et encore beaucoup de place aux extr\u00e9mit\u00e9s pour des bagages encombrants, sacs ou bidons \u00e9tanches !<\/p>\n<p>Le Gumotex Scout est disponible en version \u00ab\u00a0Rando\u00a0\u00bb(eco) ou River, la version \u00ab\u00a0Rando\u00a0\u00bb est plus stable gr\u00e2ce \u00e0 des bancs plus bas ( &#8211; 4 Cm ) Avec un franc bord relativement haut, il mouille moins et passe plus facilement en eaux vives qu&rsquo;un Palava<\/p>\n<p>\u00c9quipements de s\u00e9rie:<\/p>\n<p>Trois bancs<br \/>\nDeux lignes de vies &amp; bosses avant et arri\u00e8re<br \/>\nDeux poign\u00e9es tubulaires<br \/>\nValve de surpression sur le fond<br \/>\nKit de r\u00e9paration<br \/>\nSac de stockage<br \/>\nCouleur : Vert\/Gris<\/p>\n<p>Longueur: 450 cm<br \/>\nLargeur: 97 cm<br \/>\nLargeur int\u00e9rieur :70 cm<br \/>\nDiam\u00e8tres des tubes: 20 cm<br \/>\nNb de compartiments: 3<br \/>\nPoids 25 kg<br \/>\nCharge maxi: 400 kg<br \/>\nDimensions pli\u00e9: 80x50x30cm<\/p>\n<p>**Points forts :** Puissant, silencieux et \u00e9conomique.<br \/>\n**Pourquoi choisir ce produit ?** Pour un confort optimal toute l\u2019ann\u00e9e.<\/p>\n","protected":false},"excerpt":{"rendered":"<p>Con\u00e7u pour le confort, la puissance et la faible consommation.<\/p>\n","protected":false},"featured_media":3627,"comment_status":"closed","ping_status":"closed","template":"","meta":[],"product_brand":[],"product_cat":[181],"product_tag":[],"class_list":{"0":"post-3626","1":"product","2":"type-product","3":"status-publish","6":"product_cat-sport","8":"first","9":"instock","10":"sale","11":"taxable","12":"shipping-taxable","13":"purchasable","14":"product-type-simple"},"_links":{"self":[{"href":"https:\/\/menagers-holding.fr\/index.php?rest_route=\/wp\/v2\/product\/3626","targetHints":{"allow":["GET"]}}],"collection":[{"href":"https:\/\/menagers-holding.fr\/index.php?rest_route=\/wp\/v2\/product"}],"about":[{"href":"https:\/\/menagers-holding.fr\/index.php?rest_route=\/wp\/v2\/types\/product"}],"replies":[{"embeddable":true,"href":"https:\/\/menagers-holding.fr\/index.php?rest_route=%2Fwp%2Fv2%2Fcomments&post=3626"}],"wp:featuredmedia":[{"embeddable":true,"href":"https:\/\/menagers-holding.fr\/index.php?rest_route=\/wp\/v2\/media\/3627"}],"wp:attachment":[{"href":"https:\/\/menagers-holding.fr\/index.php?rest_route=%2Fwp%2Fv2%2Fmedia&parent=3626"}],"wp:term":[{"taxonomy":"product_brand","embeddable":true,"href":"https:\/\/menagers-holding.fr\/index.php?rest_route=%2Fwp%2Fv2%2Fproduct_brand&post=3626"},{"taxonomy":"product_cat","embeddable":true,"href":"https:\/\/menagers-holding.fr\/index.php?rest_route=%2Fwp%2Fv2%2Fproduct_cat&post=3626"},{"taxonomy":"product_tag","embeddable":true,"href":"https:\/\/menagers-holding.fr\/index.php?rest_route=%2Fwp%2Fv2%2Fproduct_tag&post=3626"}],"curies":[{"name":"wp","href":"https:\/\/api.w.org\/{rel}","templated":true}]}}