{"id":3622,"date":"2023-02-07T10:58:18","date_gmt":"2023-02-07T10:58:18","guid":{"rendered":"https:\/\/menagers-holding.fr\/?post_type=product&#038;p=3622"},"modified":"2025-09-21T04:31:50","modified_gmt":"2025-09-21T04:31:50","slug":"pouf-dexterieur-fatboy-original-outdoor-ocean-fonce","status":"publish","type":"product","link":"https:\/\/menagers-holding.fr\/?product=pouf-dexterieur-fatboy-original-outdoor-ocean-fonce","title":{"rendered":"Pouf d&rsquo;ext\u00e9rieur Fatboy Original Outdoor &#8211; Oc\u00e9an Fonc\u00e9"},"content":{"rendered":"<p>Description<br \/>\nOriginal Outdoor, le pouf de jardin par excellence<\/p>\n<p>Grand, rembourr\u00e9 et color\u00e9 \u00e0 souhait, le pouf Fatboy Original a tout pour vous assurer des moments de d\u00e9tente inoubliables.<\/p>\n<p>Posez-le dans un coin de votre jardin, au soleil pour bronzer ou m\u00eame au bord de la piscine, vous pourrez vous relaxer o\u00f9 vous le souhaitez.<\/p>\n<p>Pour encore plus de confort, n&rsquo;h\u00e9sitez pas \u00e0 l&rsquo;associer avec une structure rocking chair sp\u00e9cialement con\u00e7ue \u00e0 cet effet.<\/p>\n<p>Une fabrication r\u00e9sistante et facile \u00e0 entretenir avec votre pouf Fatboy<\/p>\n<p>Sa housse en acrylique peut faire face \u00e0 l&rsquo;eau mais \u00e9galement aux UV et \u00e0 la salet\u00e9. Avec ce mat\u00e9riau, votre pouf garde ainsi tout son \u00e9clat et conserve sa couleur comme au premier jour.<\/p>\n<p>Si votre pouf devient tout de m\u00eame un peu sale avec le temps, vous pouvez passer un coup de chiffon humide avec du savon au pH neutre au besoin. Sachez que vous pouvez \u00e9galement laver la housse de votre pouf \u00e0 la machine \u00e0 30\u00b0C, en la retournant.<\/p>\n<p>Pensez \u00e0 le ranger lorsque vous ne l&rsquo;utilisez pas afin de le pr\u00e9server et d&rsquo;am\u00e9liorer sa durabilit\u00e9. Pour garder son aspect hydrofuge, vous pouvez \u00e9galement r\u00e9guli\u00e8rement le repasser.<\/p>\n<p>Cerise sur le g\u00e2teau, il est m\u00eame possible de recharger le rembourrage de votre pouf comme vous le souhaitez, pour un confort total !<\/p>\n<p>**Points forts :** R\u00e9sistant aux conditions ext\u00e9rieures, facile d\u2019entretien.<br \/>\n**Pourquoi choisir ce produit ?** Parfait pour profiter de votre ext\u00e9rieur en toute s\u00e9r\u00e9nit\u00e9.<\/p>\n","protected":false},"excerpt":{"rendered":"<p>Caract\u00e9ristiques pouf d&rsquo;ext\u00e9rieur fatboy original outdoor &#8211; oc\u00e9an fonc\u00e9<br \/>\nR\u00e9f\u00e9rence 104555<br \/>\nMarque FATBOY<br \/>\nGarantie 2 ans<br \/>\nPoids brut (kg) 9.50<br \/>\nCouleur Oc\u00e9an Fonc\u00e9<br \/>\nDimensions 180 x 134 cm<br \/>\nComposition de la toile Acrylique<br \/>\nEmpilable Oui<br \/>\nAnti UV Oui<br \/>\nType de montage Pr\u00eat \u00e0 l\u2019usage Robuste, pratique et adapt\u00e9 \u00e0 l\u2019ext\u00e9rieur.<\/p>\n","protected":false},"featured_media":3623,"comment_status":"closed","ping_status":"closed","template":"","meta":[],"product_brand":[],"product_cat":[157],"product_tag":[],"class_list":{"0":"post-3622","1":"product","2":"type-product","3":"status-publish","6":"product_cat-terrasse-et-jardin","8":"first","9":"instock","10":"taxable","11":"shipping-taxable","12":"purchasable","13":"product-type-simple"},"_links":{"self":[{"href":"https:\/\/menagers-holding.fr\/index.php?rest_route=\/wp\/v2\/product\/3622","targetHints":{"allow":["GET"]}}],"collection":[{"href":"https:\/\/menagers-holding.fr\/index.php?rest_route=\/wp\/v2\/product"}],"about":[{"href":"https:\/\/menagers-holding.fr\/index.php?rest_route=\/wp\/v2\/types\/product"}],"replies":[{"embeddable":true,"href":"https:\/\/menagers-holding.fr\/index.php?rest_route=%2Fwp%2Fv2%2Fcomments&post=3622"}],"wp:featuredmedia":[{"embeddable":true,"href":"https:\/\/menagers-holding.fr\/index.php?rest_route=\/wp\/v2\/media\/3623"}],"wp:attachment":[{"href":"https:\/\/menagers-holding.fr\/index.php?rest_route=%2Fwp%2Fv2%2Fmedia&parent=3622"}],"wp:term":[{"taxonomy":"product_brand","embeddable":true,"href":"https:\/\/menagers-holding.fr\/index.php?rest_route=%2Fwp%2Fv2%2Fproduct_brand&post=3622"},{"taxonomy":"product_cat","embeddable":true,"href":"https:\/\/menagers-holding.fr\/index.php?rest_route=%2Fwp%2Fv2%2Fproduct_cat&post=3622"},{"taxonomy":"product_tag","embeddable":true,"href":"https:\/\/menagers-holding.fr\/index.php?rest_route=%2Fwp%2Fv2%2Fproduct_tag&post=3622"}],"curies":[{"name":"wp","href":"https:\/\/api.w.org\/{rel}","templated":true}]}}