{"id":3618,"date":"2023-02-07T10:50:11","date_gmt":"2023-02-07T10:50:11","guid":{"rendered":"https:\/\/menagers-holding.fr\/?post_type=product&#038;p=3618"},"modified":"2025-09-23T08:45:23","modified_gmt":"2025-09-23T08:45:23","slug":"machine-a-biere-2l-noir-the-sub-compact-vb641810-krups","status":"publish","type":"product","link":"https:\/\/menagers-holding.fr\/?product=machine-a-biere-2l-noir-the-sub-compact-vb641810-krups","title":{"rendered":"Machine \u00e0 bi\u00e8re 2l noir the sub compact &#8211; vb641810 &#8211; krups"},"content":{"rendered":"<p>Description<\/p>\n<p>vb641810 &#8211; machine \u00e0 bi\u00e8re 2l noir &#8211; D\u00e9gustez une bi\u00e8re pression \u00e0 la temp\u00e9rature id\u00e9ale de 2 \u00b0C avec une mousse parfaite gr\u00e2ce \u00e0 un appareil tr\u00e8s simple \u00e0 utiliser. Variez les plaisirs en d\u00e9couvrant de nouvelles saveurs de bi\u00e8res gr\u00e2ce \u00e0 la large s\u00e9lection de bi\u00e8res internationales (Tiger, Birra Moretti Baffo d&rsquo;Oro, Sol, Wieckse Witte, Brand Up, Heineken H41, Gandolf Ipa, Affligem, Desperados, Pelforth, &#8230;)<br \/>\nLe syst\u00e8me de Torps est tr\u00e8s pratique : grande vari\u00e9t\u00e9 de bi\u00e8res, refroidissement plus rapide, f\u00fbts de 2 l faciles \u00e0 conserver au r\u00e9frig\u00e9rateur.<br \/>\n&#8211; Fonctionne avec des nouveaux f\u00fbts de 2 litres (The torps) Heineken, Affligem et autre.<br \/>\nAppareil l\u00e9ger et compact, avec une pompe de pression puissance pour une mousse de qualit\u00e9.<br \/>\nSyst\u00e8me de refroidissement silencieux pour une bi\u00e8re toujours \u00e0 une temp\u00e9rature id\u00e9ale de 2 degr\u00e9s.<br \/>\nVoyant lumineux pour indiquer lorsque le torp \u00e0 atteint la temp\u00e9rature id\u00e9ale.<br \/>\nPlateau r\u00e9colte- gouttes magn\u00e9tique.<br \/>\nPoign\u00e9e d\u00e9tachable pour la s\u00e9curit\u00e9 de vos enfants.<br \/>\nTemps de conservation du f\u00fbt : 15 jours apr\u00e8s ouverture.<br \/>\nPuissance 58 W.<br \/>\nCapacit\u00e9 des conteneurs de bi\u00e8re : 2 L.<br \/>\nPoids net : 6.8 kg.<br \/>\nDimensions produit (LxPxH) : 51 x 23 x 41,5cm.<br \/>\nCouleur : Noi<\/p>\n<p>**Points forts :** Fiabilit\u00e9, praticit\u00e9 et prix abordable.<br \/>\n**Pourquoi choisir ce produit ?** Convient \u00e0 divers besoins du quotidien.<\/p>\n","protected":false},"excerpt":{"rendered":"<p>Disponibilit\u00e9 des pi\u00e8ces d\u00e9tach\u00e9es<br \/>\nNon Communiqu\u00e9e<br \/>\nPuissance totale (en watts)<br \/>\n58<br \/>\nR\u00e9f\u00e9rence fabricant<br \/>\nvb641810<br \/>\nEAN<br \/>\n3045386379088<br \/>\nCouleur<br \/>\nNoir<br \/>\nMarque<br \/>\nKrups<br \/>\nCapacit\u00e9 (L)<br \/>\n2<br \/>\nGarantie l\u00e9gale de conformit\u00e9<br \/>\n24 mois pour les produits neufs, 12 mois pour les produits d&rsquo;occasion<br \/>\nReprise DEEE<br \/>\nGaranties commerciales<br \/>\n2 ans Fiable et adapt\u00e9 \u00e0 vos besoins quotidiens.<\/p>\n","protected":false},"featured_media":3619,"comment_status":"closed","ping_status":"closed","template":"","meta":[],"product_brand":[],"product_cat":[180,167],"product_tag":[],"class_list":{"0":"post-3618","1":"product","2":"type-product","3":"status-publish","6":"product_cat-electromenagers","7":"product_cat-expresso-et-machine-a-cafe","9":"first","10":"instock","11":"sale","12":"taxable","13":"shipping-taxable","14":"purchasable","15":"product-type-simple"},"_links":{"self":[{"href":"https:\/\/menagers-holding.fr\/index.php?rest_route=\/wp\/v2\/product\/3618","targetHints":{"allow":["GET"]}}],"collection":[{"href":"https:\/\/menagers-holding.fr\/index.php?rest_route=\/wp\/v2\/product"}],"about":[{"href":"https:\/\/menagers-holding.fr\/index.php?rest_route=\/wp\/v2\/types\/product"}],"replies":[{"embeddable":true,"href":"https:\/\/menagers-holding.fr\/index.php?rest_route=%2Fwp%2Fv2%2Fcomments&post=3618"}],"wp:featuredmedia":[{"embeddable":true,"href":"https:\/\/menagers-holding.fr\/index.php?rest_route=\/wp\/v2\/media\/3619"}],"wp:attachment":[{"href":"https:\/\/menagers-holding.fr\/index.php?rest_route=%2Fwp%2Fv2%2Fmedia&parent=3618"}],"wp:term":[{"taxonomy":"product_brand","embeddable":true,"href":"https:\/\/menagers-holding.fr\/index.php?rest_route=%2Fwp%2Fv2%2Fproduct_brand&post=3618"},{"taxonomy":"product_cat","embeddable":true,"href":"https:\/\/menagers-holding.fr\/index.php?rest_route=%2Fwp%2Fv2%2Fproduct_cat&post=3618"},{"taxonomy":"product_tag","embeddable":true,"href":"https:\/\/menagers-holding.fr\/index.php?rest_route=%2Fwp%2Fv2%2Fproduct_tag&post=3618"}],"curies":[{"name":"wp","href":"https:\/\/api.w.org\/{rel}","templated":true}]}}