{"id":3609,"date":"2023-02-07T10:20:39","date_gmt":"2023-02-07T10:20:39","guid":{"rendered":"https:\/\/menagers-holding.fr\/?post_type=product&#038;p=3609"},"modified":"2025-09-23T08:45:23","modified_gmt":"2025-09-23T08:45:23","slug":"tireuse-a-biere-pygmy-25-le-machine-a-biere-pompe-a-biere-1-ligne-25-litres-h-green-line","status":"publish","type":"product","link":"https:\/\/menagers-holding.fr\/?product=tireuse-a-biere-pygmy-25-le-machine-a-biere-pompe-a-biere-1-ligne-25-litres-h-green-line","title":{"rendered":"Tireuse a biere PYGMY 25 LE machine a biere, pompe a biere 1 ligne, 25 litres\/h, Green Line"},"content":{"rendered":"<p>**Points forts :** Fiabilit\u00e9, praticit\u00e9 et prix abordable.<br \/>\n**Pourquoi choisir ce produit ?** Convient \u00e0 divers besoins du quotidien.<\/p>\n","protected":false},"excerpt":{"rendered":"<p>&lsquo;- avec plateau d&rsquo;\u00e9gouttage en acier inoxydable<\/p>\n<p>&#8211; avec robinet compensateur<\/p>\n<p>&#8211; Plage de contr\u00f4le de +2 \u00e0 +10 degr\u00e9s<\/p>\n<p>Valeurs techniques :<\/p>\n<p>&#8211; 267 Watt\/ 230V\/50Hz, 1.16A<\/p>\n<p>Dimension :<\/p>\n<p>L\/P\/H 170\/280\/325 mm<\/p>\n<p>Poids : 14.5 KG<\/p>\n<p>Donn\u00e9es techniques :<\/p>\n<p>Valeurs de raccordement \u00e9lectrique : 230 V\/50 Hz\/1,16 A\/158 W<\/p>\n<p>Capacit\u00e9 de refroidissement : 229 W<\/p>\n<p>connexions : John Guest 3\/8 pouce Fiable et adapt\u00e9 \u00e0 vos besoins quotidiens.<\/p>\n","protected":false},"featured_media":3610,"comment_status":"closed","ping_status":"closed","template":"","meta":[],"product_brand":[],"product_cat":[180,167],"product_tag":[],"class_list":{"0":"post-3609","1":"product","2":"type-product","3":"status-publish","6":"product_cat-electromenagers","7":"product_cat-expresso-et-machine-a-cafe","9":"first","10":"instock","11":"sale","12":"taxable","13":"shipping-taxable","14":"purchasable","15":"product-type-simple"},"_links":{"self":[{"href":"https:\/\/menagers-holding.fr\/index.php?rest_route=\/wp\/v2\/product\/3609","targetHints":{"allow":["GET"]}}],"collection":[{"href":"https:\/\/menagers-holding.fr\/index.php?rest_route=\/wp\/v2\/product"}],"about":[{"href":"https:\/\/menagers-holding.fr\/index.php?rest_route=\/wp\/v2\/types\/product"}],"replies":[{"embeddable":true,"href":"https:\/\/menagers-holding.fr\/index.php?rest_route=%2Fwp%2Fv2%2Fcomments&post=3609"}],"wp:featuredmedia":[{"embeddable":true,"href":"https:\/\/menagers-holding.fr\/index.php?rest_route=\/wp\/v2\/media\/3610"}],"wp:attachment":[{"href":"https:\/\/menagers-holding.fr\/index.php?rest_route=%2Fwp%2Fv2%2Fmedia&parent=3609"}],"wp:term":[{"taxonomy":"product_brand","embeddable":true,"href":"https:\/\/menagers-holding.fr\/index.php?rest_route=%2Fwp%2Fv2%2Fproduct_brand&post=3609"},{"taxonomy":"product_cat","embeddable":true,"href":"https:\/\/menagers-holding.fr\/index.php?rest_route=%2Fwp%2Fv2%2Fproduct_cat&post=3609"},{"taxonomy":"product_tag","embeddable":true,"href":"https:\/\/menagers-holding.fr\/index.php?rest_route=%2Fwp%2Fv2%2Fproduct_tag&post=3609"}],"curies":[{"name":"wp","href":"https:\/\/api.w.org\/{rel}","templated":true}]}}