{"id":3599,"date":"2023-02-07T09:56:27","date_gmt":"2023-02-07T09:56:27","guid":{"rendered":"https:\/\/menagers-holding.fr\/?post_type=product&#038;p=3599"},"modified":"2025-09-21T04:31:48","modified_gmt":"2025-09-21T04:31:48","slug":"filtre-a-sable-10m3-h-pour-piscine-pour-piscine-jusqua-65-m3","status":"publish","type":"product","link":"https:\/\/menagers-holding.fr\/?product=filtre-a-sable-10m3-h-pour-piscine-pour-piscine-jusqua-65-m3","title":{"rendered":"Filtre \u00e0 sable 10m3\/H pour piscine Pour piscine jusqu&rsquo;\u00e0 65 m3"},"content":{"rendered":"<p>DESCRIPTION DU PRODUIT<br \/>\nAdoptez ce filtre \u00e0 sable ou verre INTEX pour b\u00e9n\u00e9ficier d&rsquo;une eau propre et limpide \u00e0 tout moment.<\/p>\n<p>Pour un nettoyage optimal<br \/>\nAvec ce filtre \u00e9quip\u00e9 d&rsquo;un \u00e9purateur haute efficacit\u00e9, INTEX vous offre la solution id\u00e9ale pour entretenir facilement l&rsquo;eau de votre piscine. Cet \u00e9quipement vous fait b\u00e9n\u00e9ficier d&rsquo;une excellente qualit\u00e9 de filtration : le filtre retient jusqu&rsquo;aux r\u00e9sidus les plus fins. Ce mod\u00e8le s&rsquo;adaptera \u00e0 toutes les piscines INTEX avec un volume d&rsquo;eau jusqu&rsquo;\u00e0 65 m3.<\/p>\n<p>Pratique et facile d&rsquo;utilisation<br \/>\nGr\u00e2ce \u00e0 son programmateur, ce filtre INTEX reste totalement autonome apr\u00e8s sa mise en marche. Il est aussi \u00e9quip\u00e9 d&rsquo;un panneau de contr\u00f4le pour faciliter davantage sa prise en main.<\/p>\n<p>Un entretien facile<br \/>\nProfitez de ce filtre enti\u00e8rement r\u00e9alis\u00e9 avec des mat\u00e9riaux r\u00e9sistants. En utilisant du sable, vous n&rsquo;aurez \u00e0 changer la masse filtrante que tous les 4 ans contre 9 ans pour le verre.<br \/>\nQuoi de mieux qu&rsquo;un transat Hesp\u00e9ride pour profiter du soleil apr\u00e8s un bain dans l&rsquo;eau claire de votre piscine !<br \/>\nR\u00e9f\u00e9rence interne :<br \/>\nR\u00e9f\u00e9rence :<br \/>\n68026652<\/p>\n<p>**Points forts :** R\u00e9sistant aux conditions ext\u00e9rieures, facile d\u2019entretien.<br \/>\n**Pourquoi choisir ce produit ?** Parfait pour profiter de votre ext\u00e9rieur en toute s\u00e9r\u00e9nit\u00e9.<\/p>\n","protected":false},"excerpt":{"rendered":"<p>SP\u00c9CIFICIT\u00c9S TECHNIQUES<br \/>\nDiam\u00e8tre r\u00e9servoir<br \/>\n410 mm<br \/>\nNombre de colis<br \/>\n1<br \/>\nPoids<br \/>\n17,15 kg<br \/>\nInclus<br \/>\nAdaptateur &lsquo;A&rsquo; 32-38 mm x 1<br \/>\nIndice de protection<br \/>\nIPX4<br \/>\nFinesse de filtration<br \/>\n40-50 microns (sable)<br \/>\nInfos +<br \/>\nProgrammateur int\u00e9gr\u00e9<br \/>\nPanneau de contr\u00f4le digital<br \/>\nVannes 6 voies : possibilit\u00e9 de choisir entre 6 fonctions (filtration, contre lavage, rin\u00e7age, \u00e9gout, circulation, ferm\u00e9)<br \/>\nLongueur tuyau<br \/>\n4,50 m<br \/>\nDiam\u00e8tre tuyau<br \/>\n38 mm<br \/>\nStructure de la cuve<br \/>\npolypropyl\u00e8ne en fibre de verre renforc\u00e9<br \/>\nDimensions<br \/>\nL. 67 x P. 64 x H. 70 cm<br \/>\nGranulom\u00e9trie<br \/>\n0,4 \u00e0 0,8 mm<br \/>\nCapacit\u00e9 verre filtrant<br \/>\n38 kg<br \/>\nCapacit\u00e9 sable<br \/>\n55 kg<br \/>\nConsommation<br \/>\n550 W<br \/>\nAlimentation<br \/>\n220-240 V<br \/>\nPuissance<br \/>\n0,75 CV<br \/>\nD\u00e9bit filtration<br \/>\n10 m\u00b3\/h<br \/>\n\u00c0 monter soi-m\u00eame<br \/>\nOui<br \/>\nMati\u00e8re<br \/>\nPolypropyl\u00e8ne, poly\u00e9thyl\u00e8ne, acier, cuivre, polycarbonate Robuste, pratique et adapt\u00e9 \u00e0 l\u2019ext\u00e9rieur.<\/p>\n","protected":false},"featured_media":3600,"comment_status":"closed","ping_status":"closed","template":"","meta":[],"product_brand":[],"product_cat":[158,157],"product_tag":[],"class_list":{"0":"post-3599","1":"product","2":"type-product","3":"status-publish","6":"product_cat-piscine","7":"product_cat-terrasse-et-jardin","9":"first","10":"instock","11":"taxable","12":"shipping-taxable","13":"purchasable","14":"product-type-simple"},"_links":{"self":[{"href":"https:\/\/menagers-holding.fr\/index.php?rest_route=\/wp\/v2\/product\/3599","targetHints":{"allow":["GET"]}}],"collection":[{"href":"https:\/\/menagers-holding.fr\/index.php?rest_route=\/wp\/v2\/product"}],"about":[{"href":"https:\/\/menagers-holding.fr\/index.php?rest_route=\/wp\/v2\/types\/product"}],"replies":[{"embeddable":true,"href":"https:\/\/menagers-holding.fr\/index.php?rest_route=%2Fwp%2Fv2%2Fcomments&post=3599"}],"wp:featuredmedia":[{"embeddable":true,"href":"https:\/\/menagers-holding.fr\/index.php?rest_route=\/wp\/v2\/media\/3600"}],"wp:attachment":[{"href":"https:\/\/menagers-holding.fr\/index.php?rest_route=%2Fwp%2Fv2%2Fmedia&parent=3599"}],"wp:term":[{"taxonomy":"product_brand","embeddable":true,"href":"https:\/\/menagers-holding.fr\/index.php?rest_route=%2Fwp%2Fv2%2Fproduct_brand&post=3599"},{"taxonomy":"product_cat","embeddable":true,"href":"https:\/\/menagers-holding.fr\/index.php?rest_route=%2Fwp%2Fv2%2Fproduct_cat&post=3599"},{"taxonomy":"product_tag","embeddable":true,"href":"https:\/\/menagers-holding.fr\/index.php?rest_route=%2Fwp%2Fv2%2Fproduct_tag&post=3599"}],"curies":[{"name":"wp","href":"https:\/\/api.w.org\/{rel}","templated":true}]}}