{"id":3597,"date":"2023-02-07T09:52:28","date_gmt":"2023-02-07T09:52:28","guid":{"rendered":"https:\/\/menagers-holding.fr\/?post_type=product&#038;p=3597"},"modified":"2025-09-21T04:31:48","modified_gmt":"2025-09-21T04:31:48","slug":"filtre-a-sable-8m3-h-pour-piscine-pour-piscine-jusqua-56m3","status":"publish","type":"product","link":"https:\/\/menagers-holding.fr\/?product=filtre-a-sable-8m3-h-pour-piscine-pour-piscine-jusqua-56m3","title":{"rendered":"Filtre \u00e0 sable 8m3\/H pour piscine Pour piscine jusqu&rsquo;\u00e0 56m3"},"content":{"rendered":"<p>DESCRIPTION DU PRODUIT<br \/>\nFacile \u00e0 utiliser et compatible avec de nombreux mod\u00e8les, le filtre \u00e0 sable INTEX permet de nettoyer et de purifier l&rsquo;eau d&rsquo;une piscine de mani\u00e8re efficace.<\/p>\n<p>Une grande puissance<br \/>\nCe filtre \u00e0 sable poss\u00e8de un d\u00e9bit de filtration qui assure le renouvellement de l&rsquo;eau de tout votre bassin en quelques heures seulement. Vous conservez une agr\u00e9able et propre, sans mousse ni d\u00e9bris.<\/p>\n<p>Une utilisation tr\u00e8s simple<br \/>\nCe filtre \u00e0 sable s&rsquo;enclenche et s&rsquo;\u00e9teint facilement. Nous vous recommandons de consulter la notice du fabricant pour connaitre le nombre d&rsquo;heures de filtration id\u00e9al pour votre piscine.<\/p>\n<p>Une adaptation parfaite<br \/>\nCe filtre \u00e0 sable est compatible avec toutes les piscines INTEX d&rsquo;un volume inf\u00e9rieur ou \u00e9gal \u00e0 56 m3. Consultez la notice de votre bassin pour v\u00e9rifier la r\u00e9f\u00e9rence.<br \/>\nOptez pour des accessoires de piscine Hesp\u00e9ride pour apporter un suppl\u00e9ment de confort dans votre bassin.<br \/>\nR\u00e9f\u00e9rence interne :<br \/>\nR\u00e9f\u00e9rence :<br \/>\n68026648<\/p>\n<p>**Points forts :** R\u00e9sistant aux conditions ext\u00e9rieures, facile d\u2019entretien.<br \/>\n**Pourquoi choisir ce produit ?** Parfait pour profiter de votre ext\u00e9rieur en toute s\u00e9r\u00e9nit\u00e9.<\/p>\n","protected":false},"excerpt":{"rendered":"<p>SP\u00c9CIFICIT\u00c9S TECHNIQUES<br \/>\nDiam\u00e8tre r\u00e9servoir<br \/>\n360 mm<br \/>\nNombre de colis<br \/>\n1<br \/>\nInfos +<br \/>\nProgrammateur int\u00e9gr\u00e9<br \/>\nPanneau de contr\u00f4le digital<br \/>\nLongueur tuyau<br \/>\n4,50 m<br \/>\nPoids<br \/>\n17,6 kg<br \/>\nInclus<br \/>\nAdaptateur &lsquo;A&rsquo; 32-38 mm x 1<br \/>\nIndice de protection<br \/>\nIPX4<br \/>\nFinesse de filtration<br \/>\n40-50 microns (sable)<br \/>\nDiam\u00e8tre tuyau<br \/>\n38 mm<br \/>\nStructure de la cuve<br \/>\npolypropyl\u00e8ne en fibre de verre renforc\u00e9<br \/>\nDimensions<br \/>\nL. 94,9 x l. 48,6 x H. 54 cm<br \/>\nGranulom\u00e9trie<br \/>\n0,4 \u00e0 0,8 mm<br \/>\nCapacit\u00e9 verre filtrant<br \/>\n25 kg<br \/>\nCapacit\u00e9 sable<br \/>\n35 kg<br \/>\nConsommation<br \/>\n450 W<br \/>\nAlimentation<br \/>\n220-240 V<br \/>\nPuissance<br \/>\n0,6 CV<br \/>\nD\u00e9bit filtration<br \/>\n8 m\u00b3\/h<br \/>\n\u00c0 monter soi-m\u00eame<br \/>\nOui<br \/>\nMati\u00e8re<br \/>\nPoly\u00e9thyl\u00e8ne, acier, cuivre, polycarbonate Robuste, pratique et adapt\u00e9 \u00e0 l\u2019ext\u00e9rieur.<\/p>\n","protected":false},"featured_media":3598,"comment_status":"closed","ping_status":"closed","template":"","meta":[],"product_brand":[],"product_cat":[158,157],"product_tag":[],"class_list":{"0":"post-3597","1":"product","2":"type-product","3":"status-publish","6":"product_cat-piscine","7":"product_cat-terrasse-et-jardin","9":"first","10":"instock","11":"taxable","12":"shipping-taxable","13":"purchasable","14":"product-type-simple"},"_links":{"self":[{"href":"https:\/\/menagers-holding.fr\/index.php?rest_route=\/wp\/v2\/product\/3597","targetHints":{"allow":["GET"]}}],"collection":[{"href":"https:\/\/menagers-holding.fr\/index.php?rest_route=\/wp\/v2\/product"}],"about":[{"href":"https:\/\/menagers-holding.fr\/index.php?rest_route=\/wp\/v2\/types\/product"}],"replies":[{"embeddable":true,"href":"https:\/\/menagers-holding.fr\/index.php?rest_route=%2Fwp%2Fv2%2Fcomments&post=3597"}],"wp:featuredmedia":[{"embeddable":true,"href":"https:\/\/menagers-holding.fr\/index.php?rest_route=\/wp\/v2\/media\/3598"}],"wp:attachment":[{"href":"https:\/\/menagers-holding.fr\/index.php?rest_route=%2Fwp%2Fv2%2Fmedia&parent=3597"}],"wp:term":[{"taxonomy":"product_brand","embeddable":true,"href":"https:\/\/menagers-holding.fr\/index.php?rest_route=%2Fwp%2Fv2%2Fproduct_brand&post=3597"},{"taxonomy":"product_cat","embeddable":true,"href":"https:\/\/menagers-holding.fr\/index.php?rest_route=%2Fwp%2Fv2%2Fproduct_cat&post=3597"},{"taxonomy":"product_tag","embeddable":true,"href":"https:\/\/menagers-holding.fr\/index.php?rest_route=%2Fwp%2Fv2%2Fproduct_tag&post=3597"}],"curies":[{"name":"wp","href":"https:\/\/api.w.org\/{rel}","templated":true}]}}