{"id":3594,"date":"2023-02-07T09:47:52","date_gmt":"2023-02-07T09:47:52","guid":{"rendered":"https:\/\/menagers-holding.fr\/?post_type=product&#038;p=3594"},"modified":"2025-09-24T04:58:09","modified_gmt":"2025-09-24T04:58:09","slug":"piscine-tubulaire-rectangulaire-baltik-4-x-2-m","status":"publish","type":"product","link":"https:\/\/menagers-holding.fr\/?product=piscine-tubulaire-rectangulaire-baltik-4-x-2-m","title":{"rendered":"Piscine tubulaire rectangulaire Baltik 4 x 2 m"},"content":{"rendered":"<p>DESCRIPTION DU PRODUIT<br \/>\nAvec ce kit piscine \u00ab\u00a0Baltik\u00a0\u00bb INTEX, une piscine hors-sol \u00e9mergera de votre jardin rapidement : d&rsquo;agr\u00e9ables moments en famille ou entre amis en perspective !<\/p>\n<p>Une surface de nage facile \u00e0 installer<br \/>\nProfitez pleinement des journ\u00e9es ensoleill\u00e9es les pieds dans l&rsquo;eau gr\u00e2ce \u00e0 ce kit piscine \u00ab\u00a0Baltik\u00a0\u00bb. La structure tubulaire permet un montage facile et rapide : vous go\u00fbterez vite aux joies de la baignade ! Le liner en PVC r\u00e9sistant supportera tous vos mouvements en toute s\u00e9curit\u00e9.<\/p>\n<p>Un style tendance esprit nordique<br \/>\nCette piscine tubulaire \u00ab\u00a0Baltik\u00a0\u00bb r\u00e9v\u00e8le un habillage effet bois c\u00e9rus\u00e9 qui \u00e9voque les spas scandinaves. La sobri\u00e9t\u00e9 de ce design insufflera une note de modernit\u00e9 \u00e0 l&rsquo;ensemble de votre jardin.<\/p>\n<p>Un entretien facile<br \/>\nUne piscine propre commence par l&rsquo;installation d&rsquo;un syst\u00e8me de filtration, compl\u00e9t\u00e9e par le passage r\u00e9gulier d&rsquo;un balai aspirateur ou d&rsquo;un robot adapt\u00e9.<br \/>\nDisposez quelques chiliennes et un parasol Hesp\u00e9ride pr\u00e8s de votre piscine \u00ab\u00a0Baltik\u00a0\u00bb pour vous reposer hors de l&rsquo;eau.<br \/>\nR\u00e9f\u00e9rence interne :<br \/>\nR\u00e9f\u00e9rence :<br \/>\n68026793<\/p>\n<p>**Points forts :** R\u00e9sistant aux conditions ext\u00e9rieures, facile d\u2019entretien.<br \/>\n**Pourquoi choisir ce produit ?** Parfait pour profiter de votre ext\u00e9rieur en toute s\u00e9r\u00e9nit\u00e9.<\/p>\n","protected":false},"excerpt":{"rendered":"<p>SP\u00c9CIFICIT\u00c9S TECHNIQUES<br \/>\n\u00c0 monter soi-m\u00eame<br \/>\nOui<br \/>\nTemps de montage<br \/>\n60 minutes<br \/>\nType de cartouche<br \/>\nA<br \/>\nPoids<br \/>\n60,9 kg<br \/>\n\u00c9purateur \u00e0 cartouche<br \/>\n4,4 m\u00b3\/h<br \/>\nNombre de colis<br \/>\n1 Robuste, pratique et adapt\u00e9 \u00e0 l\u2019ext\u00e9rieur.<\/p>\n","protected":false},"featured_media":5046,"comment_status":"closed","ping_status":"closed","template":"","meta":[],"product_brand":[],"product_cat":[158,157],"product_tag":[],"class_list":{"0":"post-3594","1":"product","2":"type-product","3":"status-publish","6":"product_cat-piscine","7":"product_cat-terrasse-et-jardin","9":"first","10":"instock","11":"sale","12":"taxable","13":"shipping-taxable","14":"purchasable","15":"product-type-simple"},"_links":{"self":[{"href":"https:\/\/menagers-holding.fr\/index.php?rest_route=\/wp\/v2\/product\/3594","targetHints":{"allow":["GET"]}}],"collection":[{"href":"https:\/\/menagers-holding.fr\/index.php?rest_route=\/wp\/v2\/product"}],"about":[{"href":"https:\/\/menagers-holding.fr\/index.php?rest_route=\/wp\/v2\/types\/product"}],"replies":[{"embeddable":true,"href":"https:\/\/menagers-holding.fr\/index.php?rest_route=%2Fwp%2Fv2%2Fcomments&post=3594"}],"wp:featuredmedia":[{"embeddable":true,"href":"https:\/\/menagers-holding.fr\/index.php?rest_route=\/wp\/v2\/media\/5046"}],"wp:attachment":[{"href":"https:\/\/menagers-holding.fr\/index.php?rest_route=%2Fwp%2Fv2%2Fmedia&parent=3594"}],"wp:term":[{"taxonomy":"product_brand","embeddable":true,"href":"https:\/\/menagers-holding.fr\/index.php?rest_route=%2Fwp%2Fv2%2Fproduct_brand&post=3594"},{"taxonomy":"product_cat","embeddable":true,"href":"https:\/\/menagers-holding.fr\/index.php?rest_route=%2Fwp%2Fv2%2Fproduct_cat&post=3594"},{"taxonomy":"product_tag","embeddable":true,"href":"https:\/\/menagers-holding.fr\/index.php?rest_route=%2Fwp%2Fv2%2Fproduct_tag&post=3594"}],"curies":[{"name":"wp","href":"https:\/\/api.w.org\/{rel}","templated":true}]}}