{"id":3591,"date":"2023-02-07T09:43:40","date_gmt":"2023-02-07T09:43:40","guid":{"rendered":"https:\/\/menagers-holding.fr\/?post_type=product&#038;p=3591"},"modified":"2025-09-21T04:31:48","modified_gmt":"2025-09-21T04:31:48","slug":"piscine-tubulaire-ultra-silver-975-x-488-m","status":"publish","type":"product","link":"https:\/\/menagers-holding.fr\/?product=piscine-tubulaire-ultra-silver-975-x-488-m","title":{"rendered":"Piscine tubulaire Ultra Silver 9,75 x 4,88 m"},"content":{"rendered":"<p>DESCRIPTION DU PRODUIT<br \/>\nApportez de la fraicheur dans votre jardin avec le kit pour piscine \u00ab\u00a0Ultra\u00a0\u00bb INTEX, id\u00e9al pour installer un bassin en quelques heures.<\/p>\n<p>Une piscine tr\u00e8s grand format<br \/>\nCette tr\u00e8s grande piscine est parfaite pour les tr\u00e8s grandes familles ! Vous appr\u00e9cierez sa surface de nage importante et ses finitions haut de gamme vous assurant une bonne long\u00e9vit\u00e9.<\/p>\n<p>Un kit pratique<br \/>\nLa piscine \u00ab\u00a0Ultra\u00a0\u00bb vous est livr\u00e9e sous forme de kit dont vous devrez assembler les diff\u00e9rents \u00e9l\u00e9ments. Elle dispose d&rsquo;une \u00e9chelle de s\u00e9curit\u00e9 avec marches amovibles et plateforme, ainsi que d&rsquo;un syst\u00e8me de filtration \u00e0 sable.<\/p>\n<p>Un montage rapide<br \/>\nLa notice pr\u00e9voit un temps de montage de 90 minutes environ. Elle vous indiquera \u00e9galement les produits d&rsquo;entretien essentiels pour maintenir une eau saine et agr\u00e9able.<br \/>\nOptez pour un maxi salon de jardin Hesp\u00e9ride pour accompagner votre piscine. Certaines gammes vous permettent d&rsquo;ajouter autant de fauteuils que n\u00e9cessaire.<br \/>\nR\u00e9f\u00e9rence interne :<br \/>\nR\u00e9f\u00e9rence :<br \/>\n68026374<\/p>\n<p>**Points forts :** R\u00e9sistant aux conditions ext\u00e9rieures, facile d\u2019entretien.<br \/>\n**Pourquoi choisir ce produit ?** Parfait pour profiter de votre ext\u00e9rieur en toute s\u00e9r\u00e9nit\u00e9.<\/p>\n","protected":false},"excerpt":{"rendered":"<p>SP\u00c9CIFICIT\u00c9S TECHNIQUES<br \/>\nDimensions<br \/>\nL. 975 x l. 488 x H. 132 cm<br \/>\nPoids<br \/>\n248 kg<br \/>\nMati\u00e8re<br \/>\nPVC &#8211; Polychlorure de vinyle<br \/>\n\u00c0 monter soi-m\u00eame<br \/>\nNon<br \/>\nNombre de colis<br \/>\n1 Robuste, pratique et adapt\u00e9 \u00e0 l\u2019ext\u00e9rieur.<\/p>\n","protected":false},"featured_media":3592,"comment_status":"closed","ping_status":"closed","template":"","meta":[],"product_brand":[],"product_cat":[158,157],"product_tag":[],"class_list":{"0":"post-3591","1":"product","2":"type-product","3":"status-publish","6":"product_cat-piscine","7":"product_cat-terrasse-et-jardin","9":"first","10":"instock","11":"sale","12":"taxable","13":"shipping-taxable","14":"purchasable","15":"product-type-simple"},"_links":{"self":[{"href":"https:\/\/menagers-holding.fr\/index.php?rest_route=\/wp\/v2\/product\/3591","targetHints":{"allow":["GET"]}}],"collection":[{"href":"https:\/\/menagers-holding.fr\/index.php?rest_route=\/wp\/v2\/product"}],"about":[{"href":"https:\/\/menagers-holding.fr\/index.php?rest_route=\/wp\/v2\/types\/product"}],"replies":[{"embeddable":true,"href":"https:\/\/menagers-holding.fr\/index.php?rest_route=%2Fwp%2Fv2%2Fcomments&post=3591"}],"wp:featuredmedia":[{"embeddable":true,"href":"https:\/\/menagers-holding.fr\/index.php?rest_route=\/wp\/v2\/media\/3592"}],"wp:attachment":[{"href":"https:\/\/menagers-holding.fr\/index.php?rest_route=%2Fwp%2Fv2%2Fmedia&parent=3591"}],"wp:term":[{"taxonomy":"product_brand","embeddable":true,"href":"https:\/\/menagers-holding.fr\/index.php?rest_route=%2Fwp%2Fv2%2Fproduct_brand&post=3591"},{"taxonomy":"product_cat","embeddable":true,"href":"https:\/\/menagers-holding.fr\/index.php?rest_route=%2Fwp%2Fv2%2Fproduct_cat&post=3591"},{"taxonomy":"product_tag","embeddable":true,"href":"https:\/\/menagers-holding.fr\/index.php?rest_route=%2Fwp%2Fv2%2Fproduct_tag&post=3591"}],"curies":[{"name":"wp","href":"https:\/\/api.w.org\/{rel}","templated":true}]}}